

{"id":91965,"date":"2024-07-26T16:31:29","date_gmt":"2024-07-26T16:31:29","guid":{"rendered":"https:\/\/new.aavesa.com\/produs\/mink-szorme-dzseki-hm024\/"},"modified":"2025-11-17T06:27:47","modified_gmt":"2025-11-17T06:27:47","slug":"mink-szorme-dzseki-hm024","status":"publish","type":"product","link":"https:\/\/aavesa.com\/hu\/product\/mink-szorme-dzseki-hm024\/","title":{"rendered":"Mink sz\u0151rme dzseki HM024"},"content":{"rendered":"<p>Ez a kab\u00e1t term\u00e9szetes nercbund\u00e1b\u00f3l k\u00e9sz\u00fclt. A <a href=\"https:\/\/aavesa.com\/hu\/nok\/vidra-bundak-vidra-zsekik\/\">nercbunda kab\u00e1t<\/a> fekete sz\u00ednben kaphat\u00f3, \u00edgy k\u00f6nnyen \u00f6sszeilleszthet\u0151 \u00e9s minden koroszt\u00e1ly sz\u00e1m\u00e1ra alkalmas. A kab\u00e1t k\u00e9t zsebbel \u00e9s kapucnival rendelkezik, amely gond n\u00e9lk\u00fcl megv\u00e9di \u00d6nt a hideg t\u00e9li napokt\u00f3l. A kab\u00e1t hossza r\u00f6vid, klasszikus mint\u00e1j\u00fa, mivel enyh\u00e9n \u00edvelt. A kab\u00e1t hossza 65 cm.    <\/p>\n","protected":false},"excerpt":{"rendered":"<p>Ez a kab\u00e1t term\u00e9szetes nercbund\u00e1b\u00f3l k\u00e9sz\u00fclt. A nercbunda kab\u00e1t fekete sz\u00ednben kaphat\u00f3, \u00edgy k\u00f6nnyen \u00f6sszeilleszthet\u0151 \u00e9s minden koroszt\u00e1ly sz\u00e1m\u00e1ra alkalmas. A kab\u00e1t k\u00e9t zsebbel \u00e9s kapucnival rendelkezik, amely gond n\u00e9lk\u00fcl megv\u00e9di \u00d6nt a hideg t\u00e9li napokt\u00f3l. A kab\u00e1t hossza r\u00f6vid, klasszikus mint\u00e1j\u00fa, mivel enyh\u00e9n \u00edvelt. A kab\u00e1t hossza 65 cm.<\/p>\n","protected":false},"featured_media":91966,"comment_status":"closed","ping_status":"closed","template":"","meta":{"_acf_changed":false,"om_disable_all_campaigns":false,"inline_featured_image":false,"_monsterinsights_skip_tracking":false,"_monsterinsights_sitenote_active":false,"_monsterinsights_sitenote_note":"","_monsterinsights_sitenote_category":0},"product_brand":[],"product_cat":[848,766,769,741,770],"product_tag":[],"class_list":{"0":"post-91965","1":"product","2":"type-product","3":"status-publish","4":"has-post-thumbnail","6":"product_cat-2021-2022-es-kollekcio","7":"product_cat-bundas-kabatok-es-bundas-dzsekik-noknek","8":"product_cat-nerc-szorme","9":"product_cat-nok","10":"product_cat-vidra-bundak-vidra-zsekik","12":"first","13":"instock","14":"taxable","15":"shipping-taxable","16":"purchasable","17":"product-type-variable","18":"has-default-attributes","19":"wvs-archive-product-wrapper"},"acf":{"categorie_feed":""},"aioseo_notices":[],"_links":{"self":[{"href":"https:\/\/aavesa.com\/hu\/wp-json\/wp\/v2\/product\/91965","targetHints":{"allow":["GET"]}}],"collection":[{"href":"https:\/\/aavesa.com\/hu\/wp-json\/wp\/v2\/product"}],"about":[{"href":"https:\/\/aavesa.com\/hu\/wp-json\/wp\/v2\/types\/product"}],"replies":[{"embeddable":true,"href":"https:\/\/aavesa.com\/hu\/wp-json\/wp\/v2\/comments?post=91965"}],"wp:featuredmedia":[{"embeddable":true,"href":"https:\/\/aavesa.com\/hu\/wp-json\/wp\/v2\/media\/91966"}],"wp:attachment":[{"href":"https:\/\/aavesa.com\/hu\/wp-json\/wp\/v2\/media?parent=91965"}],"wp:term":[{"taxonomy":"product_brand","embeddable":true,"href":"https:\/\/aavesa.com\/hu\/wp-json\/wp\/v2\/product_brand?post=91965"},{"taxonomy":"product_cat","embeddable":true,"href":"https:\/\/aavesa.com\/hu\/wp-json\/wp\/v2\/product_cat?post=91965"},{"taxonomy":"product_tag","embeddable":true,"href":"https:\/\/aavesa.com\/hu\/wp-json\/wp\/v2\/product_tag?post=91965"}],"curies":[{"name":"wp","href":"https:\/\/api.w.org\/{rel}","templated":true}]}}