

{"id":91970,"date":"2024-07-26T16:31:29","date_gmt":"2024-07-26T16:31:29","guid":{"rendered":"https:\/\/new.aavesa.com\/produs\/hosszu-mink-szorme-kabat-hm025\/"},"modified":"2025-11-17T06:27:46","modified_gmt":"2025-11-17T06:27:46","slug":"hosszu-mink-szorme-kabat-hm025","status":"publish","type":"product","link":"https:\/\/aavesa.com\/hu\/product\/hosszu-mink-szorme-kabat-hm025\/","title":{"rendered":"Hossz\u00fa mink sz\u0151rme kab\u00e1t HM025"},"content":{"rendered":"<p>Egy gy\u00f6ny\u00f6r\u0171 darab, amely nem hi\u00e1nyozhat a szekr\u00e9ny\u00e9b\u0151l a hideg \u00e9vszakban. Kifinomults\u00e1g \u00e9s elegancia. Ez a<a href=\"https:\/\/aavesa.com\/hu\/nok\/vidra-bundak-vidra-zsekik\/\"> term\u00e9szetes hossz\u00fa nercbunda bunda<\/a> ide\u00e1lis a hideg \u00e9vszakban, mert kiv\u00e1l\u00f3 v\u00e9delmet ny\u00fajt a fagy ellen. A nercbunda nagyon k\u00f6nny\u0171, \u00edgy nagyon k\u00e9nyelmes. A ruhadarab tenger\u00e9szk\u00e9k sz\u00edn\u00e9nek k\u00f6sz\u00f6nhet\u0151en k\u00f6nnyen \u00f6sszeilleszthet\u0151. B\u00e1rmilyen korban \u00e9s b\u00e1rmilyen esem\u00e9nyre alkalmas, t\u00f6k\u00e9letes v\u00e1laszt\u00e1s m\u00e9g a leghidegebb t\u00e9li napokon is. Ez a kab\u00e1t k\u00e9t t\u00e1gas oldalzsebbel rendelkezik, \u00e9s a z\u00e1r\u00e1sa klipszekkel t\u00f6rt\u00e9nik. Hossza 84 cm.       <\/p>\n","protected":false},"excerpt":{"rendered":"<p>Egy gy\u00f6ny\u00f6r\u0171 darab, amely nem hi\u00e1nyozhat a szekr\u00e9ny\u00e9b\u0151l a hideg \u00e9vszakban. Kifinomults\u00e1g \u00e9s elegancia. Ez a term\u00e9szetes hossz\u00fa nercbunda bunda ide\u00e1lis a hideg \u00e9vszakban, mert kiv\u00e1l\u00f3 v\u00e9delmet ny\u00fajt a fagy ellen. A nercbunda nagyon k\u00f6nny\u0171, \u00edgy nagyon k\u00e9nyelmes. A ruhadarab tenger\u00e9szk\u00e9k sz\u00edn\u00e9nek k\u00f6sz\u00f6nhet\u0151en k\u00f6nnyen \u00f6sszeilleszthet\u0151. B\u00e1rmilyen korban \u00e9s b\u00e1rmilyen esem\u00e9nyre alkalmas, t\u00f6k\u00e9letes v\u00e1laszt\u00e1s m\u00e9g a [&hellip;]<\/p>\n","protected":false},"featured_media":91971,"comment_status":"closed","ping_status":"closed","template":"","meta":{"_acf_changed":false,"om_disable_all_campaigns":false,"inline_featured_image":false,"_monsterinsights_skip_tracking":false,"_monsterinsights_sitenote_active":false,"_monsterinsights_sitenote_note":"","_monsterinsights_sitenote_category":0},"product_brand":[],"product_cat":[848,766,769,741,770],"product_tag":[],"class_list":{"0":"post-91970","1":"product","2":"type-product","3":"status-publish","4":"has-post-thumbnail","6":"product_cat-2021-2022-es-kollekcio","7":"product_cat-bundas-kabatok-es-bundas-dzsekik-noknek","8":"product_cat-nerc-szorme","9":"product_cat-nok","10":"product_cat-vidra-bundak-vidra-zsekik","12":"first","13":"instock","14":"taxable","15":"shipping-taxable","16":"purchasable","17":"product-type-variable","18":"has-default-attributes","19":"wvs-archive-product-wrapper"},"acf":{"categorie_feed":""},"aioseo_notices":[],"_links":{"self":[{"href":"https:\/\/aavesa.com\/hu\/wp-json\/wp\/v2\/product\/91970","targetHints":{"allow":["GET"]}}],"collection":[{"href":"https:\/\/aavesa.com\/hu\/wp-json\/wp\/v2\/product"}],"about":[{"href":"https:\/\/aavesa.com\/hu\/wp-json\/wp\/v2\/types\/product"}],"replies":[{"embeddable":true,"href":"https:\/\/aavesa.com\/hu\/wp-json\/wp\/v2\/comments?post=91970"}],"wp:featuredmedia":[{"embeddable":true,"href":"https:\/\/aavesa.com\/hu\/wp-json\/wp\/v2\/media\/91971"}],"wp:attachment":[{"href":"https:\/\/aavesa.com\/hu\/wp-json\/wp\/v2\/media?parent=91970"}],"wp:term":[{"taxonomy":"product_brand","embeddable":true,"href":"https:\/\/aavesa.com\/hu\/wp-json\/wp\/v2\/product_brand?post=91970"},{"taxonomy":"product_cat","embeddable":true,"href":"https:\/\/aavesa.com\/hu\/wp-json\/wp\/v2\/product_cat?post=91970"},{"taxonomy":"product_tag","embeddable":true,"href":"https:\/\/aavesa.com\/hu\/wp-json\/wp\/v2\/product_tag?post=91970"}],"curies":[{"name":"wp","href":"https:\/\/api.w.org\/{rel}","templated":true}]}}