

{"id":91980,"date":"2024-07-26T16:31:29","date_gmt":"2024-07-26T16:31:29","guid":{"rendered":"https:\/\/new.aavesa.com\/produs\/mink-szorme-dzseki-hm023\/"},"modified":"2025-11-17T06:27:48","modified_gmt":"2025-11-17T06:27:48","slug":"mink-szorme-dzseki-hm023","status":"publish","type":"product","link":"https:\/\/aavesa.com\/hu\/product\/mink-szorme-dzseki-hm023\/","title":{"rendered":"Mink sz\u0151rme dzseki HM023"},"content":{"rendered":"<p>A <a href=\"https:\/\/aavesa.com\/hu\/nok\/vidra-bundak-vidra-zsekik\/\">term\u00e9szetes nercbunda kab\u00e1t<\/a> egyes\u00edti a friss &#8211; vag\u00e1ny st\u00edlust az eleg\u00e1ns &#8211; st\u00edlusos st\u00edlussal. A nercbunda nagyon k\u00f6nny\u0171 \u00e9s k\u00e9nyelmes. \u00dagy tervezt\u00e9k, hogy a hideg \u00e9vszakban sz\u00fcks\u00e9ges meleget \u00e9s v\u00e9delmet biztos\u00edtsa, ez a gy\u00f6ny\u00f6r\u0171 darab egy ihletett v\u00e1s\u00e1rl\u00e1s. A kab\u00e1t k\u00e9t oldals\u00f3 zsebbel rendelkezik, klipszekkel z\u00e1r\u00f3dik, az alj\u00e1n l\u00e9v\u0151 h\u00faz\u00f3zsin\u00f3r pedig extra v\u00e9delmet ny\u00fajt. Ez a kab\u00e1t egy k\u00fcl\u00f6nleges \u00e1rnyalatban &#8211; ol\u00edvaz\u00f6ld &#8211; kaphat\u00f3. Hossza 60 cm.     <\/p>\n","protected":false},"excerpt":{"rendered":"<p>A term\u00e9szetes nercbunda kab\u00e1t egyes\u00edti a friss &#8211; vag\u00e1ny st\u00edlust az eleg\u00e1ns &#8211; st\u00edlusos st\u00edlussal. A nercbunda nagyon k\u00f6nny\u0171 \u00e9s k\u00e9nyelmes. \u00dagy tervezt\u00e9k, hogy a hideg \u00e9vszakban sz\u00fcks\u00e9ges meleget \u00e9s v\u00e9delmet biztos\u00edtsa, ez a gy\u00f6ny\u00f6r\u0171 darab egy ihletett v\u00e1s\u00e1rl\u00e1s. A kab\u00e1t k\u00e9t oldals\u00f3 zsebbel rendelkezik, klipszekkel z\u00e1r\u00f3dik, az alj\u00e1n l\u00e9v\u0151 h\u00faz\u00f3zsin\u00f3r pedig extra v\u00e9delmet ny\u00fajt. [&hellip;]<\/p>\n","protected":false},"featured_media":91981,"comment_status":"closed","ping_status":"closed","template":"","meta":{"_acf_changed":false,"om_disable_all_campaigns":false,"inline_featured_image":false,"_monsterinsights_skip_tracking":false,"_monsterinsights_sitenote_active":false,"_monsterinsights_sitenote_note":"","_monsterinsights_sitenote_category":0},"product_brand":[],"product_cat":[848,766,769,741,770],"product_tag":[],"class_list":{"0":"post-91980","1":"product","2":"type-product","3":"status-publish","4":"has-post-thumbnail","6":"product_cat-2021-2022-es-kollekcio","7":"product_cat-bundas-kabatok-es-bundas-dzsekik-noknek","8":"product_cat-nerc-szorme","9":"product_cat-nok","10":"product_cat-vidra-bundak-vidra-zsekik","12":"first","13":"instock","14":"taxable","15":"shipping-taxable","16":"purchasable","17":"product-type-variable","18":"has-default-attributes","19":"wvs-archive-product-wrapper"},"acf":{"categorie_feed":""},"aioseo_notices":[],"_links":{"self":[{"href":"https:\/\/aavesa.com\/hu\/wp-json\/wp\/v2\/product\/91980","targetHints":{"allow":["GET"]}}],"collection":[{"href":"https:\/\/aavesa.com\/hu\/wp-json\/wp\/v2\/product"}],"about":[{"href":"https:\/\/aavesa.com\/hu\/wp-json\/wp\/v2\/types\/product"}],"replies":[{"embeddable":true,"href":"https:\/\/aavesa.com\/hu\/wp-json\/wp\/v2\/comments?post=91980"}],"wp:featuredmedia":[{"embeddable":true,"href":"https:\/\/aavesa.com\/hu\/wp-json\/wp\/v2\/media\/91981"}],"wp:attachment":[{"href":"https:\/\/aavesa.com\/hu\/wp-json\/wp\/v2\/media?parent=91980"}],"wp:term":[{"taxonomy":"product_brand","embeddable":true,"href":"https:\/\/aavesa.com\/hu\/wp-json\/wp\/v2\/product_brand?post=91980"},{"taxonomy":"product_cat","embeddable":true,"href":"https:\/\/aavesa.com\/hu\/wp-json\/wp\/v2\/product_cat?post=91980"},{"taxonomy":"product_tag","embeddable":true,"href":"https:\/\/aavesa.com\/hu\/wp-json\/wp\/v2\/product_tag?post=91980"}],"curies":[{"name":"wp","href":"https:\/\/api.w.org\/{rel}","templated":true}]}}