

{"id":91985,"date":"2024-07-26T16:31:29","date_gmt":"2024-07-26T18:31:29","guid":{"rendered":"https:\/\/new.aavesa.com\/produs\/bordzseki-3022\/"},"modified":"2025-11-17T06:27:45","modified_gmt":"2025-11-17T06:27:45","slug":"bordzseki-3022","status":"publish","type":"product","link":"https:\/\/aavesa.com\/hu\/product\/bordzseki-3022\/","title":{"rendered":"B\u0151rdzseki 3022"},"content":{"rendered":"<p>A term\u00e9szetes b\u00e1r\u00e1nyb\u0151r kab\u00e1t nagyfok\u00fa meleget \u00e9s k\u00e9nyelmet biztos\u00edt, \u00edgy ez a kab\u00e1t nagyon praktikus darab a ruhat\u00e1radba. A b\u00e1r\u00e1nyb\u0151r b\u0151rdzseki b\u00e1rmilyen alkalomra t\u00f6k\u00e9letes &#8211; \u00fczleti megbesz\u00e9l\u00e9sekre vagy bar\u00e1ti t\u00e1rsas\u00e1gba j\u00e1r\u00e1shoz. Z\u00e1r\u00e1sa dupla cs\u00fasz\u00f3s cipz\u00e1rral k\u00e9sz\u00fclt, \u00e9s 3 nagy zsebbel rendelkezik. K\u00f6nnyen \u00f6sszeilleszthet\u0151, ez a kab\u00e1t k\u00e9t sz\u00ednben kaphat\u00f3 &#8211; brandy \u00e9s fekete. Hossza 66 cm.    <\/p>\n","protected":false},"excerpt":{"rendered":"<p>A term\u00e9szetes b\u00e1r\u00e1nyb\u0151r kab\u00e1t nagyfok\u00fa meleget \u00e9s k\u00e9nyelmet biztos\u00edt, \u00edgy ez a kab\u00e1t nagyon praktikus darab a ruhat\u00e1radba. A b\u00e1r\u00e1nyb\u0151r b\u0151rdzseki b\u00e1rmilyen alkalomra t\u00f6k\u00e9letes &#8211; \u00fczleti megbesz\u00e9l\u00e9sekre vagy bar\u00e1ti t\u00e1rsas\u00e1gba j\u00e1r\u00e1shoz. Z\u00e1r\u00e1sa dupla cs\u00fasz\u00f3s cipz\u00e1rral k\u00e9sz\u00fclt, \u00e9s 3 nagy zsebbel rendelkezik. K\u00f6nnyen \u00f6sszeilleszthet\u0151, ez a kab\u00e1t k\u00e9t sz\u00ednben kaphat\u00f3 &#8211; brandy \u00e9s fekete. Hossza 66 [&hellip;]<\/p>\n","protected":false},"featured_media":91986,"comment_status":"closed","ping_status":"closed","template":"","meta":{"_acf_changed":false,"om_disable_all_campaigns":false,"inline_featured_image":false,"_monsterinsights_skip_tracking":false,"_monsterinsights_sitenote_active":false,"_monsterinsights_sitenote_note":"","_monsterinsights_sitenote_category":0},"product_brand":[],"product_cat":[848,762,725,916],"product_tag":[],"class_list":{"0":"post-91985","1":"product","2":"type-product","3":"status-publish","4":"has-post-thumbnail","6":"product_cat-2021-2022-es-kollekcio","7":"product_cat-borkabatok-ferfiaknak","8":"product_cat-ferfiak","9":"product_cat-valodi-bor-termekek-tavaszra-es-oszre-kabatok-nadragok-kabatok-szoknyak-es-loveszkabatok-kabatok-nadragok-kabatok-szoknyak-es-loveszkabatok","11":"first","12":"instock","13":"taxable","14":"shipping-taxable","15":"purchasable","16":"product-type-variable","17":"has-default-attributes","18":"wvs-archive-product-wrapper"},"acf":{"categorie_feed":""},"aioseo_notices":[],"_links":{"self":[{"href":"https:\/\/aavesa.com\/hu\/wp-json\/wp\/v2\/product\/91985","targetHints":{"allow":["GET"]}}],"collection":[{"href":"https:\/\/aavesa.com\/hu\/wp-json\/wp\/v2\/product"}],"about":[{"href":"https:\/\/aavesa.com\/hu\/wp-json\/wp\/v2\/types\/product"}],"replies":[{"embeddable":true,"href":"https:\/\/aavesa.com\/hu\/wp-json\/wp\/v2\/comments?post=91985"}],"wp:featuredmedia":[{"embeddable":true,"href":"https:\/\/aavesa.com\/hu\/wp-json\/wp\/v2\/media\/91986"}],"wp:attachment":[{"href":"https:\/\/aavesa.com\/hu\/wp-json\/wp\/v2\/media?parent=91985"}],"wp:term":[{"taxonomy":"product_brand","embeddable":true,"href":"https:\/\/aavesa.com\/hu\/wp-json\/wp\/v2\/product_brand?post=91985"},{"taxonomy":"product_cat","embeddable":true,"href":"https:\/\/aavesa.com\/hu\/wp-json\/wp\/v2\/product_cat?post=91985"},{"taxonomy":"product_tag","embeddable":true,"href":"https:\/\/aavesa.com\/hu\/wp-json\/wp\/v2\/product_tag?post=91985"}],"curies":[{"name":"wp","href":"https:\/\/api.w.org\/{rel}","templated":true}]}}