

{"id":92009,"date":"2024-07-26T16:31:07","date_gmt":"2024-07-26T16:31:07","guid":{"rendered":"https:\/\/new.aavesa.com\/produs\/ferfi-borkabat-3021\/"},"modified":"2025-11-17T06:27:46","modified_gmt":"2025-11-17T06:27:46","slug":"ferfi-borkabat-3021","status":"publish","type":"product","link":"https:\/\/aavesa.com\/hu\/product\/ferfi-borkabat-3021\/","title":{"rendered":"F\u00e9rfi b\u0151rkab\u00e1t 3021"},"content":{"rendered":"<p>Ez a f\u00e9rfi b\u00e1r\u00e1nyb\u0151r b\u0151rdzseki egyszer\u0171 vonalakkal \u00e9s klasszikus kialak\u00edt\u00e1ssal f\u00e9rfias megjelen\u00e9st sug\u00e1roz, amely minden nap viselhet\u0151, \u00e9s minden alkalommal kiv\u00e9telesen j\u00f3l mutat. Ez a kab\u00e1tmodell gondosan a legmagasabb min\u0151s\u00e9g\u0171 term\u00e9szetes b\u00e1r\u00e1nyb\u0151rb\u0151l k\u00e9sz\u00fclt, \u00edgy ellen\u00e1ll a nedvess\u00e9gnek \u00e9s az id\u0151j\u00e1r\u00e1snak, kiv\u00e1l\u00f3 v\u00e9delmet ny\u00fajtva. A term\u00e9szetes b\u00e1r\u00e1nyb\u0151r kab\u00e1t k\u00e9t cipz\u00e1ras oldalzsebbel rendelkezik. Az alj\u00e1n tal\u00e1lhat\u00f3 elasztikus anyag extra k\u00e9nyelmet biztos\u00edt az alacsony fokok ellen. A ruhadarab z\u00e1r\u00f3rendszere dupla cs\u00faszk\u00e1val ell\u00e1tott cipz\u00e1rb\u00f3l \u00e9s a nyak t\u00f6v\u00e9n\u00e9l l\u00e9v\u0151 2 kapcsb\u00f3l \u00e1ll. Ez a kab\u00e1t fekete \u00e9s barna sz\u00ednben kaphat\u00f3. Hossza 67 cm.      <\/p>\n","protected":false},"excerpt":{"rendered":"<p>Ez a f\u00e9rfi b\u00e1r\u00e1nyb\u0151r b\u0151rdzseki egyszer\u0171 vonalakkal \u00e9s klasszikus kialak\u00edt\u00e1ssal f\u00e9rfias megjelen\u00e9st sug\u00e1roz, amely minden nap viselhet\u0151, \u00e9s minden alkalommal kiv\u00e9telesen j\u00f3l mutat. Ez a kab\u00e1tmodell gondosan a legmagasabb min\u0151s\u00e9g\u0171 term\u00e9szetes b\u00e1r\u00e1nyb\u0151rb\u0151l k\u00e9sz\u00fclt, \u00edgy ellen\u00e1ll a nedvess\u00e9gnek \u00e9s az id\u0151j\u00e1r\u00e1snak, kiv\u00e1l\u00f3 v\u00e9delmet ny\u00fajtva. A term\u00e9szetes b\u00e1r\u00e1nyb\u0151r kab\u00e1t k\u00e9t cipz\u00e1ras oldalzsebbel rendelkezik. Az alj\u00e1n tal\u00e1lhat\u00f3 elasztikus [&hellip;]<\/p>\n","protected":false},"featured_media":92010,"comment_status":"closed","ping_status":"closed","template":"","meta":{"_acf_changed":false,"om_disable_all_campaigns":false,"inline_featured_image":false,"_monsterinsights_skip_tracking":false,"_monsterinsights_sitenote_active":false,"_monsterinsights_sitenote_note":"","_monsterinsights_sitenote_category":0},"product_brand":[],"product_cat":[848,762,725,916],"product_tag":[],"class_list":{"0":"post-92009","1":"product","2":"type-product","3":"status-publish","4":"has-post-thumbnail","6":"product_cat-2021-2022-es-kollekcio","7":"product_cat-borkabatok-ferfiaknak","8":"product_cat-ferfiak","9":"product_cat-valodi-bor-termekek-tavaszra-es-oszre-kabatok-nadragok-kabatok-szoknyak-es-loveszkabatok-kabatok-nadragok-kabatok-szoknyak-es-loveszkabatok","11":"first","12":"instock","13":"taxable","14":"shipping-taxable","15":"purchasable","16":"product-type-variable","17":"has-default-attributes","18":"wvs-archive-product-wrapper"},"acf":{"categorie_feed":""},"aioseo_notices":[],"_links":{"self":[{"href":"https:\/\/aavesa.com\/hu\/wp-json\/wp\/v2\/product\/92009","targetHints":{"allow":["GET"]}}],"collection":[{"href":"https:\/\/aavesa.com\/hu\/wp-json\/wp\/v2\/product"}],"about":[{"href":"https:\/\/aavesa.com\/hu\/wp-json\/wp\/v2\/types\/product"}],"replies":[{"embeddable":true,"href":"https:\/\/aavesa.com\/hu\/wp-json\/wp\/v2\/comments?post=92009"}],"wp:featuredmedia":[{"embeddable":true,"href":"https:\/\/aavesa.com\/hu\/wp-json\/wp\/v2\/media\/92010"}],"wp:attachment":[{"href":"https:\/\/aavesa.com\/hu\/wp-json\/wp\/v2\/media?parent=92009"}],"wp:term":[{"taxonomy":"product_brand","embeddable":true,"href":"https:\/\/aavesa.com\/hu\/wp-json\/wp\/v2\/product_brand?post=92009"},{"taxonomy":"product_cat","embeddable":true,"href":"https:\/\/aavesa.com\/hu\/wp-json\/wp\/v2\/product_cat?post=92009"},{"taxonomy":"product_tag","embeddable":true,"href":"https:\/\/aavesa.com\/hu\/wp-json\/wp\/v2\/product_tag?post=92009"}],"curies":[{"name":"wp","href":"https:\/\/api.w.org\/{rel}","templated":true}]}}