

{"id":92034,"date":"2024-07-26T16:31:07","date_gmt":"2024-07-26T16:31:07","guid":{"rendered":"https:\/\/new.aavesa.com\/produs\/ferfi-borkabat-3020\/"},"modified":"2025-11-17T06:27:47","modified_gmt":"2025-11-17T06:27:47","slug":"ferfi-borkabat-3020","status":"publish","type":"product","link":"https:\/\/aavesa.com\/hu\/product\/ferfi-borkabat-3020\/","title":{"rendered":"F\u00e9rfi b\u0151rkab\u00e1t 3020"},"content":{"rendered":"<p>Ez a term\u00e9szetes b\u00e1r\u00e1nyb\u0151rb\u0151l k\u00e9sz\u00fclt kab\u00e1t nagyfok\u00fa k\u00e9nyelmet \u00e9s meleget biztos\u00edt. A dzseki st\u00edlusa \u00f6tv\u00f6zi a laza \u00e9s eleg\u00e1ns megjelen\u00e9st, t\u00f6k\u00e9letes a kimozdul\u00e1shoz vagy egy \u00fczleti tal\u00e1lkoz\u00f3hoz, \u00edgy a term\u00e9szetes b\u00e1r\u00e1nyb\u0151r dzseki f\u00e9rfiaknak praktikus v\u00e1s\u00e1rl\u00e1s, amely minden alkalomra t\u00f6k\u00e9letes. K\u00f6nnyen z\u00e1r\u00f3dik a cipz\u00e1r seg\u00edts\u00e9g\u00e9vel. A kab\u00e1t k\u00edv\u00fclr\u0151l term\u00e9szetes b\u00e1r\u00e1nyb\u0151rb\u0151l, bel\u00fclr\u0151l pedig b\u00e9l\u00e9sb\u0151l k\u00e9sz\u00fclt. H\u00e1rom nagym\u00e9ret\u0171 zsebbel is rendelkezik. Hossza 66 cm.     <\/p>\n","protected":false},"excerpt":{"rendered":"<p>Ez a term\u00e9szetes b\u00e1r\u00e1nyb\u0151rb\u0151l k\u00e9sz\u00fclt kab\u00e1t nagyfok\u00fa k\u00e9nyelmet \u00e9s meleget biztos\u00edt. A dzseki st\u00edlusa \u00f6tv\u00f6zi a laza \u00e9s eleg\u00e1ns megjelen\u00e9st, t\u00f6k\u00e9letes a kimozdul\u00e1shoz vagy egy \u00fczleti tal\u00e1lkoz\u00f3hoz, \u00edgy a term\u00e9szetes b\u00e1r\u00e1nyb\u0151r dzseki f\u00e9rfiaknak praktikus v\u00e1s\u00e1rl\u00e1s, amely minden alkalomra t\u00f6k\u00e9letes. K\u00f6nnyen z\u00e1r\u00f3dik a cipz\u00e1r seg\u00edts\u00e9g\u00e9vel. A kab\u00e1t k\u00edv\u00fclr\u0151l term\u00e9szetes b\u00e1r\u00e1nyb\u0151rb\u0151l, bel\u00fclr\u0151l pedig b\u00e9l\u00e9sb\u0151l k\u00e9sz\u00fclt. H\u00e1rom nagym\u00e9ret\u0171 [&hellip;]<\/p>\n","protected":false},"featured_media":92035,"comment_status":"closed","ping_status":"closed","template":"","meta":{"_acf_changed":false,"om_disable_all_campaigns":false,"inline_featured_image":false,"_monsterinsights_skip_tracking":false,"_monsterinsights_sitenote_active":false,"_monsterinsights_sitenote_note":"","_monsterinsights_sitenote_category":0},"product_brand":[],"product_cat":[848,762,725,916],"product_tag":[],"class_list":{"0":"post-92034","1":"product","2":"type-product","3":"status-publish","4":"has-post-thumbnail","6":"product_cat-2021-2022-es-kollekcio","7":"product_cat-borkabatok-ferfiaknak","8":"product_cat-ferfiak","9":"product_cat-valodi-bor-termekek-tavaszra-es-oszre-kabatok-nadragok-kabatok-szoknyak-es-loveszkabatok-kabatok-nadragok-kabatok-szoknyak-es-loveszkabatok","11":"first","12":"instock","13":"taxable","14":"shipping-taxable","15":"purchasable","16":"product-type-variable","17":"has-default-attributes","18":"wvs-archive-product-wrapper"},"acf":{"categorie_feed":""},"aioseo_notices":[],"_links":{"self":[{"href":"https:\/\/aavesa.com\/hu\/wp-json\/wp\/v2\/product\/92034","targetHints":{"allow":["GET"]}}],"collection":[{"href":"https:\/\/aavesa.com\/hu\/wp-json\/wp\/v2\/product"}],"about":[{"href":"https:\/\/aavesa.com\/hu\/wp-json\/wp\/v2\/types\/product"}],"replies":[{"embeddable":true,"href":"https:\/\/aavesa.com\/hu\/wp-json\/wp\/v2\/comments?post=92034"}],"wp:featuredmedia":[{"embeddable":true,"href":"https:\/\/aavesa.com\/hu\/wp-json\/wp\/v2\/media\/92035"}],"wp:attachment":[{"href":"https:\/\/aavesa.com\/hu\/wp-json\/wp\/v2\/media?parent=92034"}],"wp:term":[{"taxonomy":"product_brand","embeddable":true,"href":"https:\/\/aavesa.com\/hu\/wp-json\/wp\/v2\/product_brand?post=92034"},{"taxonomy":"product_cat","embeddable":true,"href":"https:\/\/aavesa.com\/hu\/wp-json\/wp\/v2\/product_cat?post=92034"},{"taxonomy":"product_tag","embeddable":true,"href":"https:\/\/aavesa.com\/hu\/wp-json\/wp\/v2\/product_tag?post=92034"}],"curies":[{"name":"wp","href":"https:\/\/api.w.org\/{rel}","templated":true}]}}