

{"id":92048,"date":"2024-07-26T16:25:45","date_gmt":"2024-07-26T16:25:45","guid":{"rendered":"https:\/\/new.aavesa.com\/produs\/kifordithato-nyirokabat-2011\/"},"modified":"2026-04-10T15:04:13","modified_gmt":"2026-04-10T17:04:13","slug":"kifordithato-nyirokabat-2011","status":"publish","type":"product","link":"https:\/\/aavesa.com\/hu\/product\/kifordithato-nyirokabat-2011\/","title":{"rendered":"Kiford\u00edthat\u00f3 ny\u00edr\u00f3kab\u00e1t 2011"},"content":{"rendered":"<p>Ez a <a href=\"https:\/\/aavesa.com\/hu\/nok\/noi-shearling-dzsekik\/\">shearling kab\u00e1t<\/a> egy nagyon sokoldal\u00fa ruhadarab, amely k\u00e9tf\u00e9lek\u00e9ppen is viselhet\u0151. Mivel megford\u00edthat\u00f3 kab\u00e1t, ann\u00e1l praktikusabb \u00e9s meglep\u0151bb lesz. Az egyik r\u00e9sze nappa b\u00e1r\u00e1nyb\u0151rb\u0151l, a m\u00e1sik r\u00e9sze pedig tapintatlan sz\u0151rm\u00e9b\u0151l k\u00e9sz\u00fclt. A megford\u00edthat\u00f3 bundakab\u00e1t modern \u00e9s k\u00f6nny\u0171, el\u00f6l cipz\u00e1rral \u00e9s k\u00e9t t\u00falm\u00e9retezett zsebbel rendelkezik. A kab\u00e1t klasszikus diz\u00e1jnja fiatalos elemekkel, ami alkalmass\u00e1 teszi ezt a darabot a mindennapi \u00e9s m\u00e9g eleg\u00e1nsabb \u00f6lt\u00f6z\u00e9khez, a minden sz\u0151rmebund\u00e1hoz tartoz\u00f3 \u00e9rt\u00e9kesebb megjelen\u00e9s miatt. A kab\u00e1t hossza 64 cm.     <\/p>\n","protected":false},"excerpt":{"rendered":"<p>Ez a shearling kab\u00e1t egy nagyon sokoldal\u00fa ruhadarab, amely k\u00e9tf\u00e9lek\u00e9ppen is viselhet\u0151. Mivel megford\u00edthat\u00f3 kab\u00e1t, ann\u00e1l praktikusabb \u00e9s meglep\u0151bb lesz. Az egyik r\u00e9sze nappa b\u00e1r\u00e1nyb\u0151rb\u0151l, a m\u00e1sik r\u00e9sze pedig tapintatlan sz\u0151rm\u00e9b\u0151l k\u00e9sz\u00fclt. A megford\u00edthat\u00f3 bundakab\u00e1t modern \u00e9s k\u00f6nny\u0171, el\u00f6l cipz\u00e1rral \u00e9s k\u00e9t t\u00falm\u00e9retezett zsebbel rendelkezik. A kab\u00e1t klasszikus diz\u00e1jnja fiatalos elemekkel, ami alkalmass\u00e1 teszi ezt [&hellip;]<\/p>\n","protected":false},"featured_media":92049,"comment_status":"open","ping_status":"closed","template":"","meta":{"_acf_changed":false,"om_disable_all_campaigns":false,"inline_featured_image":false,"_monsterinsights_skip_tracking":false,"_monsterinsights_sitenote_active":false,"_monsterinsights_sitenote_note":"","_monsterinsights_sitenote_category":0},"product_brand":[],"product_cat":[846,784,952,773,741],"product_tag":[],"class_list":{"0":"post-92048","1":"product","2":"type-product","3":"status-publish","4":"has-post-thumbnail","6":"product_cat-2019-2020-kollekcio","7":"product_cat-baranybor","8":"product_cat-ferfi-es-noi-pehelypaplan-dzsekik-a-luxus-es-a-melegseg-vegso-kevereke","9":"product_cat-noi-shearling-dzsekik","10":"product_cat-nok","12":"first","13":"outofstock","14":"taxable","15":"shipping-taxable","16":"product-type-variable","17":"has-default-attributes","18":"wvs-archive-product-wrapper"},"acf":{"categorie_feed":""},"aioseo_notices":[],"_links":{"self":[{"href":"https:\/\/aavesa.com\/hu\/wp-json\/wp\/v2\/product\/92048","targetHints":{"allow":["GET"]}}],"collection":[{"href":"https:\/\/aavesa.com\/hu\/wp-json\/wp\/v2\/product"}],"about":[{"href":"https:\/\/aavesa.com\/hu\/wp-json\/wp\/v2\/types\/product"}],"replies":[{"embeddable":true,"href":"https:\/\/aavesa.com\/hu\/wp-json\/wp\/v2\/comments?post=92048"}],"wp:featuredmedia":[{"embeddable":true,"href":"https:\/\/aavesa.com\/hu\/wp-json\/wp\/v2\/media\/92049"}],"wp:attachment":[{"href":"https:\/\/aavesa.com\/hu\/wp-json\/wp\/v2\/media?parent=92048"}],"wp:term":[{"taxonomy":"product_brand","embeddable":true,"href":"https:\/\/aavesa.com\/hu\/wp-json\/wp\/v2\/product_brand?post=92048"},{"taxonomy":"product_cat","embeddable":true,"href":"https:\/\/aavesa.com\/hu\/wp-json\/wp\/v2\/product_cat?post=92048"},{"taxonomy":"product_tag","embeddable":true,"href":"https:\/\/aavesa.com\/hu\/wp-json\/wp\/v2\/product_tag?post=92048"}],"curies":[{"name":"wp","href":"https:\/\/api.w.org\/{rel}","templated":true}]}}