

{"id":92082,"date":"2024-07-26T16:25:45","date_gmt":"2024-07-26T16:25:45","guid":{"rendered":"https:\/\/new.aavesa.com\/produs\/mink-bunda-he001\/"},"modified":"2025-11-17T06:29:13","modified_gmt":"2025-11-17T06:29:13","slug":"mink-bunda-he001","status":"publish","type":"product","link":"https:\/\/aavesa.com\/hu\/product\/mink-bunda-he001\/","title":{"rendered":"Mink bunda HE001"},"content":{"rendered":"<p>Ez a term\u00e9szetes sz\u0151rmebunda egy k\u00fcl\u00f6nleges ruhadarab, amely n\u0151ies, eleg\u00e1ns \u00e9s modern megjelen\u00e9s\u0171. A term\u00e9szetes sz\u0151rme \u00e9rt\u00e9kes anyag, mert sok meleget \u00e9s v\u00e9delmet ny\u00fajt a hideg ellen, valamint el\u0151kel\u0151 megjelen\u00e9ssel rendelkezik. Ez a n\u0151i term\u00e9szetes sz\u0151rmebunda h\u00e1rom k\u00fcl\u00f6nb\u00f6z\u0151 term\u00e9szetes \u00e1rnyalatban k\u00e9sz\u00fcl, amelyek sz\u00e9pen harmoniz\u00e1lnak egym\u00e1ssal. A kab\u00e1t kapucnival van ell\u00e1tva, \u00e9s a der\u00e9k k\u00f6r\u00fcl \u00f6sszeh\u00fazhat\u00f3, kiemelve visel\u0151je sziluettj\u00e9t. K\u00e9nyelmes, modern \u00e9s meleg, ez a nercbunda bunda minden n\u0151 ruhat\u00e1r\u00e1ba inspir\u00e1l\u00f3 v\u00e9tel. A kab\u00e1t hossza 83 cm.     <\/p>\n","protected":false},"excerpt":{"rendered":"<p>Ez a term\u00e9szetes sz\u0151rmebunda egy k\u00fcl\u00f6nleges ruhadarab, amely n\u0151ies, eleg\u00e1ns \u00e9s modern megjelen\u00e9s\u0171. A term\u00e9szetes sz\u0151rme \u00e9rt\u00e9kes anyag, mert sok meleget \u00e9s v\u00e9delmet ny\u00fajt a hideg ellen, valamint el\u0151kel\u0151 megjelen\u00e9ssel rendelkezik. Ez a n\u0151i term\u00e9szetes sz\u0151rmebunda h\u00e1rom k\u00fcl\u00f6nb\u00f6z\u0151 term\u00e9szetes \u00e1rnyalatban k\u00e9sz\u00fcl, amelyek sz\u00e9pen harmoniz\u00e1lnak egym\u00e1ssal. A kab\u00e1t kapucnival van ell\u00e1tva, \u00e9s a der\u00e9k k\u00f6r\u00fcl \u00f6sszeh\u00fazhat\u00f3, [&hellip;]<\/p>\n","protected":false},"featured_media":92084,"comment_status":"open","ping_status":"closed","template":"","meta":{"_acf_changed":false,"om_disable_all_campaigns":false,"inline_featured_image":false,"_monsterinsights_skip_tracking":false,"_monsterinsights_sitenote_active":false,"_monsterinsights_sitenote_note":"","_monsterinsights_sitenote_category":0},"product_brand":[],"product_cat":[846,766,769,741,770],"product_tag":[],"class_list":{"0":"post-92082","1":"product","2":"type-product","3":"status-publish","4":"has-post-thumbnail","6":"product_cat-2019-2020-kollekcio","7":"product_cat-bundas-kabatok-es-bundas-dzsekik-noknek","8":"product_cat-nerc-szorme","9":"product_cat-nok","10":"product_cat-vidra-bundak-vidra-zsekik","12":"first","13":"outofstock","14":"taxable","15":"shipping-taxable","16":"product-type-variable","17":"has-default-attributes","18":"wvs-archive-product-wrapper"},"acf":{"categorie_feed":""},"aioseo_notices":[],"_links":{"self":[{"href":"https:\/\/aavesa.com\/hu\/wp-json\/wp\/v2\/product\/92082","targetHints":{"allow":["GET"]}}],"collection":[{"href":"https:\/\/aavesa.com\/hu\/wp-json\/wp\/v2\/product"}],"about":[{"href":"https:\/\/aavesa.com\/hu\/wp-json\/wp\/v2\/types\/product"}],"replies":[{"embeddable":true,"href":"https:\/\/aavesa.com\/hu\/wp-json\/wp\/v2\/comments?post=92082"}],"wp:featuredmedia":[{"embeddable":true,"href":"https:\/\/aavesa.com\/hu\/wp-json\/wp\/v2\/media\/92084"}],"wp:attachment":[{"href":"https:\/\/aavesa.com\/hu\/wp-json\/wp\/v2\/media?parent=92082"}],"wp:term":[{"taxonomy":"product_brand","embeddable":true,"href":"https:\/\/aavesa.com\/hu\/wp-json\/wp\/v2\/product_brand?post=92082"},{"taxonomy":"product_cat","embeddable":true,"href":"https:\/\/aavesa.com\/hu\/wp-json\/wp\/v2\/product_cat?post=92082"},{"taxonomy":"product_tag","embeddable":true,"href":"https:\/\/aavesa.com\/hu\/wp-json\/wp\/v2\/product_tag?post=92082"}],"curies":[{"name":"wp","href":"https:\/\/api.w.org\/{rel}","templated":true}]}}