

{"id":92145,"date":"2024-07-26T16:31:06","date_gmt":"2024-07-26T16:31:06","guid":{"rendered":"https:\/\/new.aavesa.com\/produs\/kapucnis-velurbaranybor-kabat-2040\/"},"modified":"2025-11-17T06:27:52","modified_gmt":"2025-11-17T06:27:52","slug":"kapucnis-velurbaranybor-kabat-2040","status":"publish","type":"product","link":"https:\/\/aavesa.com\/hu\/product\/kapucnis-velurbaranybor-kabat-2040\/","title":{"rendered":"Kapucnis vel\u00farb\u00e1r\u00e1nyb\u0151r kab\u00e1t 2040"},"content":{"rendered":"<p>Ez a term\u00e9szetes sz\u0151rm\u00e9b\u0151l k\u00e9sz\u00fclt, n\u0151i kab\u00e1t b\u00e1r\u00e1nyb\u0151rb\u0151l k\u00e9sz\u00fclt, a k\u00fcls\u0151 r\u00e9sz pedig vel\u00far b\u0151rb\u0151l k\u00e9sz\u00fclt. A b\u00e1r\u00e1nybunda puha \u00e9s meleg, kiv\u00e1l\u00f3 v\u00e9delmet ny\u00fajt a hideg ellen. Ez a kab\u00e1t k\u00e9t \u00e1rnyalatban kaphat\u00f3 &#8211; sz\u00fcrke \u00e9s fekete -, ezek seg\u00edts\u00e9g\u00e9vel k\u00f6nnyen \u00f6sszeilleszthet\u0151, \u00edgy t\u00f6k\u00e9letes a mindennapi viselethez. Extra k\u00e9nyelmet ny\u00fajt a ruhadarab kapucnija, de a k\u00e9t zseb is. A z\u00e1r\u00f3d\u00e1s gombokkal t\u00f6rt\u00e9nik, a hossza pedig 73 cm.    <\/p>\n","protected":false},"excerpt":{"rendered":"<p>Ez a term\u00e9szetes sz\u0151rm\u00e9b\u0151l k\u00e9sz\u00fclt, n\u0151i kab\u00e1t b\u00e1r\u00e1nyb\u0151rb\u0151l k\u00e9sz\u00fclt, a k\u00fcls\u0151 r\u00e9sz pedig vel\u00far b\u0151rb\u0151l k\u00e9sz\u00fclt. A b\u00e1r\u00e1nybunda puha \u00e9s meleg, kiv\u00e1l\u00f3 v\u00e9delmet ny\u00fajt a hideg ellen. Ez a kab\u00e1t k\u00e9t \u00e1rnyalatban kaphat\u00f3 &#8211; sz\u00fcrke \u00e9s fekete -, ezek seg\u00edts\u00e9g\u00e9vel k\u00f6nnyen \u00f6sszeilleszthet\u0151, \u00edgy t\u00f6k\u00e9letes a mindennapi viselethez. Extra k\u00e9nyelmet ny\u00fajt a ruhadarab kapucnija, de a [&hellip;]<\/p>\n","protected":false},"featured_media":92146,"comment_status":"closed","ping_status":"closed","template":"","meta":{"_acf_changed":false,"om_disable_all_campaigns":false,"inline_featured_image":false,"_monsterinsights_skip_tracking":false,"_monsterinsights_sitenote_active":false,"_monsterinsights_sitenote_note":"","_monsterinsights_sitenote_category":0},"product_brand":[],"product_cat":[848,779,741],"product_tag":[],"class_list":{"0":"post-92145","1":"product","2":"type-product","3":"status-publish","4":"has-post-thumbnail","6":"product_cat-2021-2022-es-kollekcio","7":"product_cat-noi-shearling-kabatok","8":"product_cat-nok","10":"first","11":"outofstock","12":"taxable","13":"shipping-taxable","14":"product-type-variable","15":"has-default-attributes","16":"wvs-archive-product-wrapper"},"acf":{"categorie_feed":""},"aioseo_notices":[],"_links":{"self":[{"href":"https:\/\/aavesa.com\/hu\/wp-json\/wp\/v2\/product\/92145","targetHints":{"allow":["GET"]}}],"collection":[{"href":"https:\/\/aavesa.com\/hu\/wp-json\/wp\/v2\/product"}],"about":[{"href":"https:\/\/aavesa.com\/hu\/wp-json\/wp\/v2\/types\/product"}],"replies":[{"embeddable":true,"href":"https:\/\/aavesa.com\/hu\/wp-json\/wp\/v2\/comments?post=92145"}],"wp:featuredmedia":[{"embeddable":true,"href":"https:\/\/aavesa.com\/hu\/wp-json\/wp\/v2\/media\/92146"}],"wp:attachment":[{"href":"https:\/\/aavesa.com\/hu\/wp-json\/wp\/v2\/media?parent=92145"}],"wp:term":[{"taxonomy":"product_brand","embeddable":true,"href":"https:\/\/aavesa.com\/hu\/wp-json\/wp\/v2\/product_brand?post=92145"},{"taxonomy":"product_cat","embeddable":true,"href":"https:\/\/aavesa.com\/hu\/wp-json\/wp\/v2\/product_cat?post=92145"},{"taxonomy":"product_tag","embeddable":true,"href":"https:\/\/aavesa.com\/hu\/wp-json\/wp\/v2\/product_tag?post=92145"}],"curies":[{"name":"wp","href":"https:\/\/api.w.org\/{rel}","templated":true}]}}