

{"id":92154,"date":"2024-07-26T16:26:06","date_gmt":"2024-07-26T16:26:06","guid":{"rendered":"https:\/\/new.aavesa.com\/produs\/shearling-kabat-359\/"},"modified":"2025-11-20T09:31:38","modified_gmt":"2025-11-20T09:31:38","slug":"shearling-kabat-359","status":"publish","type":"product","link":"https:\/\/aavesa.com\/hu\/product\/shearling-kabat-359\/","title":{"rendered":"Shearling kab\u00e1t 359"},"content":{"rendered":"<p>Ez a term\u00e9szetes merin\u00f3 b\u00e1r\u00e1nyb\u0151rb\u0151l k\u00e9sz\u00fclt shearling kab\u00e1t a megfelel\u0151 v\u00e1s\u00e1rl\u00e1s mindenkinek, aki a hideg gondjai n\u00e9lk\u00fcl szeretn\u00e9 \u00e1tv\u00e9szelni a telet. A klasszikus szab\u00e1svonal \u00e9s k\u00fcl\u00f6n\u00f6sen az anyagok \u00e9rt\u00e9ke, amelyekb\u0151l k\u00e9sz\u00fclt, ezt a kab\u00e1tot a megfelel\u0151 v\u00e1laszt\u00e1ss\u00e1 teszi, hogy ruhat\u00e1r\u00e1t tart\u00f3s ruhadarabokkal eg\u00e9sz\u00edtse ki, amelyek mindig trendik maradnak. A merin\u00f3b\u00e1r\u00e1ny term\u00e9szetes sz\u0151rzete modern \u00e9s el\u0151kel\u0151 megjelen\u00e9st k\u00f6lcs\u00f6n\u00f6z a kab\u00e1tnak, a megfelel\u0151 szab\u00e1s pedig kiemeli visel\u0151je testtart\u00e1s\u00e1t. A k\u00e9t gombsor optim\u00e1lis z\u00e1r\u00f3d\u00e1st biztos\u00edt, \u00e9s kieg\u00e9sz\u00edti a kab\u00e1t modern megjelen\u00e9s\u00e9t, \u00edgy alkalmi \u00e9s irodai vagy eleg\u00e1ns \u00f6lt\u00f6z\u00e9khez egyar\u00e1nt alkalmas. A ny\u00edrbund\u00e1s kab\u00e1t hossza 100 cm.    <\/p>\n","protected":false},"excerpt":{"rendered":"<p>Ez a term\u00e9szetes merin\u00f3 b\u00e1r\u00e1nyb\u0151rb\u0151l k\u00e9sz\u00fclt shearling kab\u00e1t a megfelel\u0151 v\u00e1s\u00e1rl\u00e1s mindenkinek, aki a hideg gondjai n\u00e9lk\u00fcl szeretn\u00e9 \u00e1tv\u00e9szelni a telet. A klasszikus szab\u00e1svonal \u00e9s k\u00fcl\u00f6n\u00f6sen az anyagok \u00e9rt\u00e9ke, amelyekb\u0151l k\u00e9sz\u00fclt, ezt a kab\u00e1tot a megfelel\u0151 v\u00e1laszt\u00e1ss\u00e1 teszi, hogy ruhat\u00e1r\u00e1t tart\u00f3s ruhadarabokkal eg\u00e9sz\u00edtse ki, amelyek mindig trendik maradnak. A merin\u00f3b\u00e1r\u00e1ny term\u00e9szetes sz\u0151rzete modern \u00e9s el\u0151kel\u0151 [&hellip;]<\/p>\n","protected":false},"featured_media":92155,"comment_status":"open","ping_status":"closed","template":"","meta":{"_acf_changed":false,"om_disable_all_campaigns":false,"inline_featured_image":false,"_monsterinsights_skip_tracking":false,"_monsterinsights_sitenote_active":false,"_monsterinsights_sitenote_note":"","_monsterinsights_sitenote_category":0},"product_brand":[],"product_cat":[846,778,725,777],"product_tag":[],"class_list":{"0":"post-92154","1":"product","2":"type-product","3":"status-publish","4":"has-post-thumbnail","6":"product_cat-2019-2020-kollekcio","7":"product_cat-baranybor-kabatok-hu","8":"product_cat-ferfiak","9":"product_cat-shearling-kabatok-ferfiaknak-ferfiak","11":"first","12":"instock","13":"taxable","14":"shipping-taxable","15":"purchasable","16":"product-type-variable","17":"has-default-attributes","18":"wvs-archive-product-wrapper"},"acf":{"categorie_feed":""},"aioseo_notices":[],"_links":{"self":[{"href":"https:\/\/aavesa.com\/hu\/wp-json\/wp\/v2\/product\/92154","targetHints":{"allow":["GET"]}}],"collection":[{"href":"https:\/\/aavesa.com\/hu\/wp-json\/wp\/v2\/product"}],"about":[{"href":"https:\/\/aavesa.com\/hu\/wp-json\/wp\/v2\/types\/product"}],"replies":[{"embeddable":true,"href":"https:\/\/aavesa.com\/hu\/wp-json\/wp\/v2\/comments?post=92154"}],"wp:featuredmedia":[{"embeddable":true,"href":"https:\/\/aavesa.com\/hu\/wp-json\/wp\/v2\/media\/92155"}],"wp:attachment":[{"href":"https:\/\/aavesa.com\/hu\/wp-json\/wp\/v2\/media?parent=92154"}],"wp:term":[{"taxonomy":"product_brand","embeddable":true,"href":"https:\/\/aavesa.com\/hu\/wp-json\/wp\/v2\/product_brand?post=92154"},{"taxonomy":"product_cat","embeddable":true,"href":"https:\/\/aavesa.com\/hu\/wp-json\/wp\/v2\/product_cat?post=92154"},{"taxonomy":"product_tag","embeddable":true,"href":"https:\/\/aavesa.com\/hu\/wp-json\/wp\/v2\/product_tag?post=92154"}],"curies":[{"name":"wp","href":"https:\/\/api.w.org\/{rel}","templated":true}]}}