

{"id":92181,"date":"2024-07-26T16:31:06","date_gmt":"2024-07-26T16:31:06","guid":{"rendered":"https:\/\/new.aavesa.com\/produs\/baranybor-es-jeges-roka-szorme-kabat-2038\/"},"modified":"2026-04-13T09:17:08","modified_gmt":"2026-04-13T11:17:08","slug":"baranybor-es-jeges-roka-szorme-kabat-2038","status":"publish","type":"product","link":"https:\/\/aavesa.com\/hu\/product\/baranybor-es-jeges-roka-szorme-kabat-2038\/","title":{"rendered":"B\u00e1r\u00e1nyb\u0151r \u00e9s jeges r\u00f3ka sz\u0151rme kab\u00e1t 2038"},"content":{"rendered":"<p>Egy gy\u00f6ny\u00f6r\u0171 darab, amely nem hi\u00e1nyozhat a szekr\u00e9ny\u00e9b\u0151l a hideg \u00e9vszakban. A <a href=\"https:\/\/aavesa.com\/hu\/nok\/noi-shearling-kabatok\/\">b\u00e1r\u00e1nyb\u0151rb\u0151l \u00e9s sarki r\u00f3ka sz\u0151rm\u00e9b\u0151l k\u00e9sz\u00fclt kab\u00e1t<\/a> egy kifinomult, de rendk\u00edv\u00fcl sokoldal\u00fa ruhakre\u00e1ci\u00f3.  A b\u00e1r\u00e1nyb\u0151r kab\u00e1tot a jeges r\u00f3ka sz\u0151rme emeli ki, amely extra finoms\u00e1got \u00e9s eleganci\u00e1t k\u00f6lcs\u00f6n\u00f6z, valamint nagyon kellemes tapint\u00e1s\u00fa. A b\u00e1r\u00e1nysz\u0151rme meleg \u00e9s puha, \u00edgy t\u00f6k\u00e9letes v\u00e1laszt\u00e1s m\u00e9g a leghidegebb t\u00e9li napokon is. Ez a b\u00e1r\u00e1nyb\u0151r \u00e9s sarki r\u00f3ka sz\u0151rme kab\u00e1t k\u00e9t t\u00e1gas zsebbel rendelkezik az extra k\u00e9nyelem \u00e9rdek\u00e9ben. A z\u00e1r\u00f3rendszer klipszekkel k\u00e9sz\u00fclt, ami megk\u00f6nny\u00edti a haszn\u00e1lat\u00e1t. Ez a kab\u00e1t fekete sz\u00ednben kaphat\u00f3, hossza pedig 92 cm.   <\/p>\n","protected":false},"excerpt":{"rendered":"<p>Egy gy\u00f6ny\u00f6r\u0171 darab, amely nem hi\u00e1nyozhat a szekr\u00e9ny\u00e9b\u0151l a hideg \u00e9vszakban. A b\u00e1r\u00e1nyb\u0151rb\u0151l \u00e9s sarki r\u00f3ka sz\u0151rm\u00e9b\u0151l k\u00e9sz\u00fclt kab\u00e1t egy kifinomult, de rendk\u00edv\u00fcl sokoldal\u00fa ruhakre\u00e1ci\u00f3. A b\u00e1r\u00e1nyb\u0151r kab\u00e1tot a jeges r\u00f3ka sz\u0151rme emeli ki, amely extra finoms\u00e1got \u00e9s eleganci\u00e1t k\u00f6lcs\u00f6n\u00f6z, valamint nagyon kellemes tapint\u00e1s\u00fa. A b\u00e1r\u00e1nysz\u0151rme meleg \u00e9s puha, \u00edgy t\u00f6k\u00e9letes v\u00e1laszt\u00e1s m\u00e9g a leghidegebb [&hellip;]<\/p>\n","protected":false},"featured_media":92182,"comment_status":"closed","ping_status":"closed","template":"","meta":{"_acf_changed":false,"om_disable_all_campaigns":false,"inline_featured_image":false,"_monsterinsights_skip_tracking":false,"_monsterinsights_sitenote_active":false,"_monsterinsights_sitenote_note":"","_monsterinsights_sitenote_category":0},"product_brand":[],"product_cat":[848,778,766,779,741,765],"product_tag":[],"class_list":{"0":"post-92181","1":"product","2":"type-product","3":"status-publish","4":"has-post-thumbnail","6":"product_cat-2021-2022-es-kollekcio","7":"product_cat-baranybor-kabatok-hu","8":"product_cat-bundas-kabatok-es-bundas-dzsekik-noknek","9":"product_cat-noi-shearling-kabatok","10":"product_cat-nok","11":"product_cat-roka-szorme","13":"first","14":"instock","15":"taxable","16":"shipping-taxable","17":"purchasable","18":"product-type-variable","19":"has-default-attributes","20":"wvs-archive-product-wrapper"},"acf":{"categorie_feed":""},"aioseo_notices":[],"_links":{"self":[{"href":"https:\/\/aavesa.com\/hu\/wp-json\/wp\/v2\/product\/92181","targetHints":{"allow":["GET"]}}],"collection":[{"href":"https:\/\/aavesa.com\/hu\/wp-json\/wp\/v2\/product"}],"about":[{"href":"https:\/\/aavesa.com\/hu\/wp-json\/wp\/v2\/types\/product"}],"replies":[{"embeddable":true,"href":"https:\/\/aavesa.com\/hu\/wp-json\/wp\/v2\/comments?post=92181"}],"wp:featuredmedia":[{"embeddable":true,"href":"https:\/\/aavesa.com\/hu\/wp-json\/wp\/v2\/media\/92182"}],"wp:attachment":[{"href":"https:\/\/aavesa.com\/hu\/wp-json\/wp\/v2\/media?parent=92181"}],"wp:term":[{"taxonomy":"product_brand","embeddable":true,"href":"https:\/\/aavesa.com\/hu\/wp-json\/wp\/v2\/product_brand?post=92181"},{"taxonomy":"product_cat","embeddable":true,"href":"https:\/\/aavesa.com\/hu\/wp-json\/wp\/v2\/product_cat?post=92181"},{"taxonomy":"product_tag","embeddable":true,"href":"https:\/\/aavesa.com\/hu\/wp-json\/wp\/v2\/product_tag?post=92181"}],"curies":[{"name":"wp","href":"https:\/\/api.w.org\/{rel}","templated":true}]}}