

{"id":92187,"date":"2024-07-26T16:31:06","date_gmt":"2024-07-26T16:31:06","guid":{"rendered":"https:\/\/new.aavesa.com\/produs\/baranybor-es-mosomedve-szorme-kabat-2039\/"},"modified":"2026-04-13T09:17:02","modified_gmt":"2026-04-13T11:17:02","slug":"baranybor-es-mosomedve-szorme-kabat-2039","status":"publish","type":"product","link":"https:\/\/aavesa.com\/hu\/product\/baranybor-es-mosomedve-szorme-kabat-2039\/","title":{"rendered":"B\u00e1r\u00e1nyb\u0151r \u00e9s mos\u00f3medve sz\u0151rme kab\u00e1t 2039"},"content":{"rendered":"<p>Kifinomults\u00e1g \u00e9s elegancia. Egy kab\u00e1t, amely el\u0151t\u00e9rbe helyezi \u00d6nt. B\u00e1r\u00e1nyb\u0151rb\u0151l \u00e9s mos\u00f3medve sz\u0151rm\u00e9b\u0151l k\u00e9sz\u00fclt. Ez a kab\u00e1t az \u00e9rt\u00e9kes mos\u00f3medvebund\u00e1nak k\u00f6sz\u00f6nhet\u0151en k\u00fcl\u00f6nleges, hat\u00e1sos. A b\u00e1r\u00e1nybunda fokozott v\u00e9delmet ny\u00fajt a tulajdonos\u00e1nak a hideg ellen, amely r\u00e1ad\u00e1sul puha, \u00edgy a k\u00e9nyelem a legfontosabb. A <a href=\"https:\/\/aavesa.com\/hu\/nok\/noi-shearling-kabatok\/\">b\u00e1r\u00e1nyb\u0151r \u00e9s mos\u00f3medve sz\u0151rme kab\u00e1t<\/a> k\u00e9t k\u00fcls\u0151 zsebbel rendelkezik, a z\u00e1r\u00f3d\u00e1s pedig klipszekkel t\u00f6rt\u00e9nik. A kab\u00e1t hossza 100 cm.      <\/p>\n","protected":false},"excerpt":{"rendered":"<p>Kifinomults\u00e1g \u00e9s elegancia. Egy kab\u00e1t, amely el\u0151t\u00e9rbe helyezi \u00d6nt. B\u00e1r\u00e1nyb\u0151rb\u0151l \u00e9s mos\u00f3medve sz\u0151rm\u00e9b\u0151l k\u00e9sz\u00fclt. Ez a kab\u00e1t az \u00e9rt\u00e9kes mos\u00f3medvebund\u00e1nak k\u00f6sz\u00f6nhet\u0151en k\u00fcl\u00f6nleges, hat\u00e1sos. A b\u00e1r\u00e1nybunda fokozott v\u00e9delmet ny\u00fajt a tulajdonos\u00e1nak a hideg ellen, amely r\u00e1ad\u00e1sul puha, \u00edgy a k\u00e9nyelem a legfontosabb. A b\u00e1r\u00e1nyb\u0151r \u00e9s mos\u00f3medve sz\u0151rme kab\u00e1t k\u00e9t k\u00fcls\u0151 zsebbel rendelkezik, a z\u00e1r\u00f3d\u00e1s pedig klipszekkel [&hellip;]<\/p>\n","protected":false},"featured_media":92188,"comment_status":"closed","ping_status":"closed","template":"","meta":{"_acf_changed":false,"om_disable_all_campaigns":false,"inline_featured_image":false,"_monsterinsights_skip_tracking":false,"_monsterinsights_sitenote_active":false,"_monsterinsights_sitenote_note":"","_monsterinsights_sitenote_category":0},"product_brand":[],"product_cat":[848,778,766,779,741],"product_tag":[],"class_list":{"0":"post-92187","1":"product","2":"type-product","3":"status-publish","4":"has-post-thumbnail","6":"product_cat-2021-2022-es-kollekcio","7":"product_cat-baranybor-kabatok-hu","8":"product_cat-bundas-kabatok-es-bundas-dzsekik-noknek","9":"product_cat-noi-shearling-kabatok","10":"product_cat-nok","12":"first","13":"instock","14":"taxable","15":"shipping-taxable","16":"purchasable","17":"product-type-variable","18":"has-default-attributes","19":"wvs-archive-product-wrapper"},"acf":{"categorie_feed":""},"aioseo_notices":[],"_links":{"self":[{"href":"https:\/\/aavesa.com\/hu\/wp-json\/wp\/v2\/product\/92187","targetHints":{"allow":["GET"]}}],"collection":[{"href":"https:\/\/aavesa.com\/hu\/wp-json\/wp\/v2\/product"}],"about":[{"href":"https:\/\/aavesa.com\/hu\/wp-json\/wp\/v2\/types\/product"}],"replies":[{"embeddable":true,"href":"https:\/\/aavesa.com\/hu\/wp-json\/wp\/v2\/comments?post=92187"}],"wp:featuredmedia":[{"embeddable":true,"href":"https:\/\/aavesa.com\/hu\/wp-json\/wp\/v2\/media\/92188"}],"wp:attachment":[{"href":"https:\/\/aavesa.com\/hu\/wp-json\/wp\/v2\/media?parent=92187"}],"wp:term":[{"taxonomy":"product_brand","embeddable":true,"href":"https:\/\/aavesa.com\/hu\/wp-json\/wp\/v2\/product_brand?post=92187"},{"taxonomy":"product_cat","embeddable":true,"href":"https:\/\/aavesa.com\/hu\/wp-json\/wp\/v2\/product_cat?post=92187"},{"taxonomy":"product_tag","embeddable":true,"href":"https:\/\/aavesa.com\/hu\/wp-json\/wp\/v2\/product_tag?post=92187"}],"curies":[{"name":"wp","href":"https:\/\/api.w.org\/{rel}","templated":true}]}}