

{"id":92192,"date":"2024-07-26T16:30:45","date_gmt":"2024-07-26T16:30:45","guid":{"rendered":"https:\/\/new.aavesa.com\/produs\/hosszu-baranybor-kabat-noknek-2035\/"},"modified":"2026-04-13T09:17:04","modified_gmt":"2026-04-13T11:17:04","slug":"hosszu-baranybor-kabat-noknek-2035","status":"publish","type":"product","link":"https:\/\/aavesa.com\/hu\/product\/hosszu-baranybor-kabat-noknek-2035\/","title":{"rendered":"Hossz\u00fa b\u00e1r\u00e1nyb\u0151r kab\u00e1t n\u0151knek 2035"},"content":{"rendered":"<p>Ez a term\u00e9szetes b\u00e1r\u00e1nyb\u0151r bunda k\u00e9nyelmet \u00e9s v\u00e9delmet ny\u00fajt a hideg \u00e9vszakban. A b\u00e1r\u00e1nybunda meleg \u00e9s puha. Ez a ruhadarab st\u00edlust \u00e9s j\u00f3 \u00edzl\u00e9st sug\u00e1roz, t\u00f6k\u00e9letes minden napra \u00e9s minden koroszt\u00e1ly sz\u00e1m\u00e1ra. Extra k\u00e9nyelmet \u00e9s v\u00e9delmet ny\u00fajt a hossza.    A<a href=\"https:\/\/aavesa.com\/hu\/nok\/noi-shearling-kabatok\/\"> hossz\u00fa n\u0151i ny\u00edrbund\u00e1s kab\u00e1t<\/a> kapucnival \u00e9s k\u00e9t zsebbel rendelkezik, k\u00f6nnyen z\u00e1r\u00f3dik, kapcsok \u00e9s h\u00faz\u00f3zsin\u00f3r seg\u00edts\u00e9g\u00e9vel &#8211; eleg\u00e1ns elem, de praktikus is. Hossza 125 cm.<\/p>\n","protected":false},"excerpt":{"rendered":"<p>Ez a term\u00e9szetes b\u00e1r\u00e1nyb\u0151r bunda k\u00e9nyelmet \u00e9s v\u00e9delmet ny\u00fajt a hideg \u00e9vszakban. A b\u00e1r\u00e1nybunda meleg \u00e9s puha. Ez a ruhadarab st\u00edlust \u00e9s j\u00f3 \u00edzl\u00e9st sug\u00e1roz, t\u00f6k\u00e9letes minden napra \u00e9s minden koroszt\u00e1ly sz\u00e1m\u00e1ra. Extra k\u00e9nyelmet \u00e9s v\u00e9delmet ny\u00fajt a hossza. A hossz\u00fa n\u0151i ny\u00edrbund\u00e1s kab\u00e1t kapucnival \u00e9s k\u00e9t zsebbel rendelkezik, k\u00f6nnyen z\u00e1r\u00f3dik, kapcsok \u00e9s h\u00faz\u00f3zsin\u00f3r seg\u00edts\u00e9g\u00e9vel [&hellip;]<\/p>\n","protected":false},"featured_media":92193,"comment_status":"closed","ping_status":"closed","template":"","meta":{"_acf_changed":false,"om_disable_all_campaigns":false,"inline_featured_image":false,"_monsterinsights_skip_tracking":false,"_monsterinsights_sitenote_active":false,"_monsterinsights_sitenote_note":"","_monsterinsights_sitenote_category":0},"product_brand":[],"product_cat":[848,778,779,741],"product_tag":[],"class_list":{"0":"post-92192","1":"product","2":"type-product","3":"status-publish","4":"has-post-thumbnail","6":"product_cat-2021-2022-es-kollekcio","7":"product_cat-baranybor-kabatok-hu","8":"product_cat-noi-shearling-kabatok","9":"product_cat-nok","11":"first","12":"instock","13":"taxable","14":"shipping-taxable","15":"purchasable","16":"product-type-variable","17":"has-default-attributes","18":"wvs-archive-product-wrapper"},"acf":{"categorie_feed":""},"aioseo_notices":[],"_links":{"self":[{"href":"https:\/\/aavesa.com\/hu\/wp-json\/wp\/v2\/product\/92192","targetHints":{"allow":["GET"]}}],"collection":[{"href":"https:\/\/aavesa.com\/hu\/wp-json\/wp\/v2\/product"}],"about":[{"href":"https:\/\/aavesa.com\/hu\/wp-json\/wp\/v2\/types\/product"}],"replies":[{"embeddable":true,"href":"https:\/\/aavesa.com\/hu\/wp-json\/wp\/v2\/comments?post=92192"}],"wp:featuredmedia":[{"embeddable":true,"href":"https:\/\/aavesa.com\/hu\/wp-json\/wp\/v2\/media\/92193"}],"wp:attachment":[{"href":"https:\/\/aavesa.com\/hu\/wp-json\/wp\/v2\/media?parent=92192"}],"wp:term":[{"taxonomy":"product_brand","embeddable":true,"href":"https:\/\/aavesa.com\/hu\/wp-json\/wp\/v2\/product_brand?post=92192"},{"taxonomy":"product_cat","embeddable":true,"href":"https:\/\/aavesa.com\/hu\/wp-json\/wp\/v2\/product_cat?post=92192"},{"taxonomy":"product_tag","embeddable":true,"href":"https:\/\/aavesa.com\/hu\/wp-json\/wp\/v2\/product_tag?post=92192"}],"curies":[{"name":"wp","href":"https:\/\/api.w.org\/{rel}","templated":true}]}}