

{"id":92200,"date":"2024-07-26T16:30:45","date_gmt":"2024-07-26T16:30:45","guid":{"rendered":"https:\/\/new.aavesa.com\/produs\/elegans-baranybor-kabat-2036\/"},"modified":"2026-04-13T09:17:03","modified_gmt":"2026-04-13T11:17:03","slug":"elegans-baranybor-kabat-2036","status":"publish","type":"product","link":"https:\/\/aavesa.com\/hu\/product\/elegans-baranybor-kabat-2036\/","title":{"rendered":"Eleg\u00e1ns b\u00e1r\u00e1nyb\u0151r kab\u00e1t 2036"},"content":{"rendered":"<p>Eleg\u00e1ns \u00e9s n\u0151ies, ez a merin\u00f3i b\u00e1r\u00e1nyb\u0151r kab\u00e1t egy nagyon alkalmas ruhadarab, hogy \u00e9lvezze a telet. Fekete, feh\u00e9r b\u00e1r\u00e1nyb\u0151r r\u00e9szleteivel, klasszikus \u00e9s st\u00edlusos, ez a kab\u00e1t egyedi szab\u00e1s\u00e1val minden szemet mag\u00e1ra vonz. Alkalmas alkalmi \u00f6lt\u00f6z\u00e9khez, de egy kicsit eleg\u00e1nsabb \u00f6lt\u00f6z\u00e9khez is. A der\u00e9k k\u00f6r\u00fcli zsin\u00f3r seg\u00edt kiemelni visel\u0151je derek\u00e1t, hat\u00e1sos, ugyanakkor praktikus elem. A z\u00e1r\u00f3d\u00e1s gombokkal t\u00f6rt\u00e9nik. A k\u00e9t zseb n\u00f6veli visel\u0151je k\u00e9nyelm\u00e9t. A ny\u00edrbund\u00e1s kab\u00e1t hossza 100 cm.      <\/p>\n","protected":false},"excerpt":{"rendered":"<p>Eleg\u00e1ns \u00e9s n\u0151ies, ez a merin\u00f3i b\u00e1r\u00e1nyb\u0151r kab\u00e1t egy nagyon alkalmas ruhadarab, hogy \u00e9lvezze a telet. Fekete, feh\u00e9r b\u00e1r\u00e1nyb\u0151r r\u00e9szleteivel, klasszikus \u00e9s st\u00edlusos, ez a kab\u00e1t egyedi szab\u00e1s\u00e1val minden szemet mag\u00e1ra vonz. Alkalmas alkalmi \u00f6lt\u00f6z\u00e9khez, de egy kicsit eleg\u00e1nsabb \u00f6lt\u00f6z\u00e9khez is. A der\u00e9k k\u00f6r\u00fcli zsin\u00f3r seg\u00edt kiemelni visel\u0151je derek\u00e1t, hat\u00e1sos, ugyanakkor praktikus elem. A z\u00e1r\u00f3d\u00e1s [&hellip;]<\/p>\n","protected":false},"featured_media":92201,"comment_status":"closed","ping_status":"closed","template":"","meta":{"_acf_changed":false,"om_disable_all_campaigns":false,"inline_featured_image":false,"_monsterinsights_skip_tracking":false,"_monsterinsights_sitenote_active":false,"_monsterinsights_sitenote_note":"","_monsterinsights_sitenote_category":0},"product_brand":[],"product_cat":[848,778,779,741],"product_tag":[],"class_list":{"0":"post-92200","1":"product","2":"type-product","3":"status-publish","4":"has-post-thumbnail","6":"product_cat-2021-2022-es-kollekcio","7":"product_cat-baranybor-kabatok-hu","8":"product_cat-noi-shearling-kabatok","9":"product_cat-nok","11":"first","12":"instock","13":"taxable","14":"shipping-taxable","15":"purchasable","16":"product-type-variable","17":"has-default-attributes","18":"wvs-archive-product-wrapper"},"acf":{"categorie_feed":""},"aioseo_notices":[],"_links":{"self":[{"href":"https:\/\/aavesa.com\/hu\/wp-json\/wp\/v2\/product\/92200","targetHints":{"allow":["GET"]}}],"collection":[{"href":"https:\/\/aavesa.com\/hu\/wp-json\/wp\/v2\/product"}],"about":[{"href":"https:\/\/aavesa.com\/hu\/wp-json\/wp\/v2\/types\/product"}],"replies":[{"embeddable":true,"href":"https:\/\/aavesa.com\/hu\/wp-json\/wp\/v2\/comments?post=92200"}],"wp:featuredmedia":[{"embeddable":true,"href":"https:\/\/aavesa.com\/hu\/wp-json\/wp\/v2\/media\/92201"}],"wp:attachment":[{"href":"https:\/\/aavesa.com\/hu\/wp-json\/wp\/v2\/media?parent=92200"}],"wp:term":[{"taxonomy":"product_brand","embeddable":true,"href":"https:\/\/aavesa.com\/hu\/wp-json\/wp\/v2\/product_brand?post=92200"},{"taxonomy":"product_cat","embeddable":true,"href":"https:\/\/aavesa.com\/hu\/wp-json\/wp\/v2\/product_cat?post=92200"},{"taxonomy":"product_tag","embeddable":true,"href":"https:\/\/aavesa.com\/hu\/wp-json\/wp\/v2\/product_tag?post=92200"}],"curies":[{"name":"wp","href":"https:\/\/api.w.org\/{rel}","templated":true}]}}