

{"id":92222,"date":"2024-07-26T16:30:45","date_gmt":"2024-07-26T16:30:45","guid":{"rendered":"https:\/\/new.aavesa.com\/produs\/hosszu-baranybor-kabat-noknek-2034\/"},"modified":"2026-04-13T09:17:01","modified_gmt":"2026-04-13T11:17:01","slug":"hosszu-baranybor-kabat-noknek-2034","status":"publish","type":"product","link":"https:\/\/aavesa.com\/hu\/product\/hosszu-baranybor-kabat-noknek-2034\/","title":{"rendered":"Hossz\u00fa b\u00e1r\u00e1nyb\u0151r kab\u00e1t n\u0151knek 2034"},"content":{"rendered":"<p>A <a href=\"https:\/\/aavesa.com\/hu\/nok\/noi-shearling-kabatok\/\">n\u0151i hossz\u00fa ny\u00edrbunda kab\u00e1t<\/a> t\u00f6k\u00e9letes, hogy sikeresen megfeleljen az \u0151szi-t\u00e9li hidegebb napoknak. A b\u00e1r\u00e1nybunda meleg \u00e9s puha, a megjelen\u00e9s kiemelked\u0151. Ez a kab\u00e1t ide\u00e1lis a mindennapos viselethez. A b\u00e1r\u00e1nyb\u0151r bunda megford\u00edthat\u00f3, \u00edgy ez a darab nagyon sokoldal\u00fa \u00e9s k\u00f6nnyen \u00f6sszeilleszthet\u0151. A z\u00e1r\u00e1s k\u00f6nnyen elv\u00e9gezhet\u0151 kapcsokkal \u00e9s k\u00f6nny\u0171 zsin\u00f3rral. Ez a birkabunda k\u00e9t t\u00e1gas zsebbel is rendelkezik. A kab\u00e1t hossza 118 cm.      <\/p>\n","protected":false},"excerpt":{"rendered":"<p>A n\u0151i hossz\u00fa ny\u00edrbunda kab\u00e1t t\u00f6k\u00e9letes, hogy sikeresen megfeleljen az \u0151szi-t\u00e9li hidegebb napoknak. A b\u00e1r\u00e1nybunda meleg \u00e9s puha, a megjelen\u00e9s kiemelked\u0151. Ez a kab\u00e1t ide\u00e1lis a mindennapos viselethez. A b\u00e1r\u00e1nyb\u0151r bunda megford\u00edthat\u00f3, \u00edgy ez a darab nagyon sokoldal\u00fa \u00e9s k\u00f6nnyen \u00f6sszeilleszthet\u0151. A z\u00e1r\u00e1s k\u00f6nnyen elv\u00e9gezhet\u0151 kapcsokkal \u00e9s k\u00f6nny\u0171 zsin\u00f3rral. Ez a birkabunda k\u00e9t t\u00e1gas zsebbel [&hellip;]<\/p>\n","protected":false},"featured_media":92223,"comment_status":"closed","ping_status":"closed","template":"","meta":{"_acf_changed":false,"om_disable_all_campaigns":false,"inline_featured_image":false,"_monsterinsights_skip_tracking":false,"_monsterinsights_sitenote_active":false,"_monsterinsights_sitenote_note":"","_monsterinsights_sitenote_category":0},"product_brand":[],"product_cat":[848,778,779,741],"product_tag":[],"class_list":{"0":"post-92222","1":"product","2":"type-product","3":"status-publish","4":"has-post-thumbnail","6":"product_cat-2021-2022-es-kollekcio","7":"product_cat-baranybor-kabatok-hu","8":"product_cat-noi-shearling-kabatok","9":"product_cat-nok","11":"first","12":"instock","13":"taxable","14":"shipping-taxable","15":"purchasable","16":"product-type-variable","17":"has-default-attributes","18":"wvs-archive-product-wrapper"},"acf":{"categorie_feed":""},"aioseo_notices":[],"_links":{"self":[{"href":"https:\/\/aavesa.com\/hu\/wp-json\/wp\/v2\/product\/92222","targetHints":{"allow":["GET"]}}],"collection":[{"href":"https:\/\/aavesa.com\/hu\/wp-json\/wp\/v2\/product"}],"about":[{"href":"https:\/\/aavesa.com\/hu\/wp-json\/wp\/v2\/types\/product"}],"replies":[{"embeddable":true,"href":"https:\/\/aavesa.com\/hu\/wp-json\/wp\/v2\/comments?post=92222"}],"wp:featuredmedia":[{"embeddable":true,"href":"https:\/\/aavesa.com\/hu\/wp-json\/wp\/v2\/media\/92223"}],"wp:attachment":[{"href":"https:\/\/aavesa.com\/hu\/wp-json\/wp\/v2\/media?parent=92222"}],"wp:term":[{"taxonomy":"product_brand","embeddable":true,"href":"https:\/\/aavesa.com\/hu\/wp-json\/wp\/v2\/product_brand?post=92222"},{"taxonomy":"product_cat","embeddable":true,"href":"https:\/\/aavesa.com\/hu\/wp-json\/wp\/v2\/product_cat?post=92222"},{"taxonomy":"product_tag","embeddable":true,"href":"https:\/\/aavesa.com\/hu\/wp-json\/wp\/v2\/product_tag?post=92222"}],"curies":[{"name":"wp","href":"https:\/\/api.w.org\/{rel}","templated":true}]}}