

{"id":92230,"date":"2024-07-26T16:26:06","date_gmt":"2024-07-26T16:26:06","guid":{"rendered":"https:\/\/new.aavesa.com\/produs\/nyirokabat-natur-mosomedvegallerral-359-r\/"},"modified":"2025-11-17T06:29:12","modified_gmt":"2025-11-17T06:29:12","slug":"nyirokabat-natur-mosomedvegallerral-359-r","status":"publish","type":"product","link":"https:\/\/aavesa.com\/hu\/product\/nyirokabat-natur-mosomedvegallerral-359-r\/","title":{"rendered":"Ny\u00edr\u00f3kab\u00e1t nat\u00far mos\u00f3medvegall\u00e9rral 359 R"},"content":{"rendered":"<p>Ez a merin\u00f3 juhb\u0151rb\u0151l k\u00e9sz\u00fclt <a href=\"https:\/\/aavesa.com\/hu\/ferfiak\/shearling-kabatok-ferfiaknak-ferfiak\/\">shearling kab\u00e1t<\/a> \u00e9rt\u00e9kes ruhadarab b\u00e1rki ruhat\u00e1r\u00e1ban. A term\u00e9szetes sz\u0151rme messze a legjobb v\u00e1laszt\u00e1s, ha meg akarjuk v\u00e9deni magunkat a kem\u00e9ny t\u00e9li hideg ellen. Meleg, puha \u00e9s k\u00e9nyelmes, a term\u00e9szetes sz\u0151rme v\u00e9delmet \u00e9s k\u00e9nyelmet ny\u00fajt visel\u0151j\u00e9nek. Ez a term\u00e9szetes mos\u00f3medve gall\u00e9rral ell\u00e1tott shearling kab\u00e1t klasszikus \u00e9s eleg\u00e1ns szab\u00e1s\u00fa, nagyon alkalmas arra, hogy kiemelje visel\u0151je testtart\u00e1s\u00e1t. A gall\u00e9r term\u00e9szetes amerikai mos\u00f3medve sz\u0151rm\u00e9b\u0151l k\u00e9sz\u00fclt, amely k\u00fcl\u00f6nleges megjelen\u00e9s\u0171. A ny\u00edrbund\u00e1s kab\u00e1t k\u00e9t zsebbel van ell\u00e1tva, \u00e9s a z\u00e1r\u00e1sa k\u00e9t sor gombbal t\u00f6rt\u00e9nik. A kab\u00e1t hossza 100 cm.     <\/p>\n","protected":false},"excerpt":{"rendered":"<p>Ez a merin\u00f3 juhb\u0151rb\u0151l k\u00e9sz\u00fclt shearling kab\u00e1t \u00e9rt\u00e9kes ruhadarab b\u00e1rki ruhat\u00e1r\u00e1ban. A term\u00e9szetes sz\u0151rme messze a legjobb v\u00e1laszt\u00e1s, ha meg akarjuk v\u00e9deni magunkat a kem\u00e9ny t\u00e9li hideg ellen. Meleg, puha \u00e9s k\u00e9nyelmes, a term\u00e9szetes sz\u0151rme v\u00e9delmet \u00e9s k\u00e9nyelmet ny\u00fajt visel\u0151j\u00e9nek. Ez a term\u00e9szetes mos\u00f3medve gall\u00e9rral ell\u00e1tott shearling kab\u00e1t klasszikus \u00e9s eleg\u00e1ns szab\u00e1s\u00fa, nagyon alkalmas arra, [&hellip;]<\/p>\n","protected":false},"featured_media":92231,"comment_status":"open","ping_status":"closed","template":"","meta":{"_acf_changed":false,"om_disable_all_campaigns":false,"inline_featured_image":false,"_monsterinsights_skip_tracking":false,"_monsterinsights_sitenote_active":false,"_monsterinsights_sitenote_note":"","_monsterinsights_sitenote_category":0},"product_brand":[],"product_cat":[846,778,794,725,777],"product_tag":[],"class_list":{"0":"post-92230","1":"product","2":"type-product","3":"status-publish","4":"has-post-thumbnail","6":"product_cat-2019-2020-kollekcio","7":"product_cat-baranybor-kabatok-hu","8":"product_cat-ferfi-bundak","9":"product_cat-ferfiak","10":"product_cat-shearling-kabatok-ferfiaknak-ferfiak","12":"first","13":"instock","14":"taxable","15":"shipping-taxable","16":"purchasable","17":"product-type-variable","18":"has-default-attributes","19":"wvs-archive-product-wrapper"},"acf":{"categorie_feed":""},"aioseo_notices":[],"_links":{"self":[{"href":"https:\/\/aavesa.com\/hu\/wp-json\/wp\/v2\/product\/92230","targetHints":{"allow":["GET"]}}],"collection":[{"href":"https:\/\/aavesa.com\/hu\/wp-json\/wp\/v2\/product"}],"about":[{"href":"https:\/\/aavesa.com\/hu\/wp-json\/wp\/v2\/types\/product"}],"replies":[{"embeddable":true,"href":"https:\/\/aavesa.com\/hu\/wp-json\/wp\/v2\/comments?post=92230"}],"wp:featuredmedia":[{"embeddable":true,"href":"https:\/\/aavesa.com\/hu\/wp-json\/wp\/v2\/media\/92231"}],"wp:attachment":[{"href":"https:\/\/aavesa.com\/hu\/wp-json\/wp\/v2\/media?parent=92230"}],"wp:term":[{"taxonomy":"product_brand","embeddable":true,"href":"https:\/\/aavesa.com\/hu\/wp-json\/wp\/v2\/product_brand?post=92230"},{"taxonomy":"product_cat","embeddable":true,"href":"https:\/\/aavesa.com\/hu\/wp-json\/wp\/v2\/product_cat?post=92230"},{"taxonomy":"product_tag","embeddable":true,"href":"https:\/\/aavesa.com\/hu\/wp-json\/wp\/v2\/product_tag?post=92230"}],"curies":[{"name":"wp","href":"https:\/\/api.w.org\/{rel}","templated":true}]}}