

{"id":92236,"date":"2024-07-26T16:26:07","date_gmt":"2024-07-26T16:26:07","guid":{"rendered":"https:\/\/new.aavesa.com\/produs\/megfordithato-nyirokabat-360\/"},"modified":"2026-04-10T15:08:31","modified_gmt":"2026-04-10T17:08:31","slug":"megfordithato-nyirokabat-360","status":"publish","type":"product","link":"https:\/\/aavesa.com\/hu\/product\/megfordithato-nyirokabat-360\/","title":{"rendered":"Megford\u00edthat\u00f3 ny\u00edr\u00f3kab\u00e1t 360"},"content":{"rendered":"<p>Ez a merin\u00f3b\u00e1r\u00e1nyb\u00f3l k\u00e9sz\u00fclt term\u00e9szetes b\u00e1r\u00e1nyb\u0151rb\u0151l k\u00e9sz\u00fclt kab\u00e1t nagyon praktikus darab: nagyon meleg, k\u00e9nyelmes \u00e9s tart\u00f3s a term\u00e9szetes anyagoknak k\u00f6sz\u00f6nhet\u0151en, amelyekb\u0151l k\u00e9sz\u00fclt. R\u00e1ad\u00e1sul ez a kab\u00e1t k\u00e9tf\u00e9lek\u00e9ppen is viselhet\u0151, mivel megford\u00edthat\u00f3 &#8211; az egyik oldala merin\u00f3b\u00e1r\u00e1nyb\u0151rb\u0151l, a m\u00e1sik pedig tapintatlan merin\u00f3b\u00e1r\u00e1ny sz\u0151rm\u00e9b\u0151l k\u00e9sz\u00fclt. A kab\u00e1t kapucnival van ell\u00e1tva, ami modern \u00e9s fiatalos megjelen\u00e9st k\u00f6lcs\u00f6n\u00f6z neki. Ez a merin\u00f3b\u0151r kab\u00e1t egy ihletett v\u00e1s\u00e1rl\u00e1s a hideg napokra. A kab\u00e1t hossza 69 cm.    <\/p>\n","protected":false},"excerpt":{"rendered":"<p>Ez a merin\u00f3b\u00e1r\u00e1nyb\u00f3l k\u00e9sz\u00fclt term\u00e9szetes b\u00e1r\u00e1nyb\u0151rb\u0151l k\u00e9sz\u00fclt kab\u00e1t nagyon praktikus darab: nagyon meleg, k\u00e9nyelmes \u00e9s tart\u00f3s a term\u00e9szetes anyagoknak k\u00f6sz\u00f6nhet\u0151en, amelyekb\u0151l k\u00e9sz\u00fclt. R\u00e1ad\u00e1sul ez a kab\u00e1t k\u00e9tf\u00e9lek\u00e9ppen is viselhet\u0151, mivel megford\u00edthat\u00f3 &#8211; az egyik oldala merin\u00f3b\u00e1r\u00e1nyb\u0151rb\u0151l, a m\u00e1sik pedig tapintatlan merin\u00f3b\u00e1r\u00e1ny sz\u0151rm\u00e9b\u0151l k\u00e9sz\u00fclt. A kab\u00e1t kapucnival van ell\u00e1tva, ami modern \u00e9s fiatalos megjelen\u00e9st k\u00f6lcs\u00f6n\u00f6z neki. [&hellip;]<\/p>\n","protected":false},"featured_media":92237,"comment_status":"open","ping_status":"closed","template":"","meta":{"_acf_changed":false,"om_disable_all_campaigns":false,"inline_featured_image":false,"_monsterinsights_skip_tracking":false,"_monsterinsights_sitenote_active":false,"_monsterinsights_sitenote_note":"","_monsterinsights_sitenote_category":0},"product_brand":[],"product_cat":[846,784,780,952,725,772],"product_tag":[],"class_list":{"0":"post-92236","1":"product","2":"type-product","3":"status-publish","4":"has-post-thumbnail","6":"product_cat-2019-2020-kollekcio","7":"product_cat-baranybor","8":"product_cat-baranybor-kabatok-hu-2","9":"product_cat-ferfi-es-noi-pehelypaplan-dzsekik-a-luxus-es-a-melegseg-vegso-kevereke","10":"product_cat-ferfiak","11":"product_cat-shearling-kabatok-ferfiaknak","13":"first","14":"instock","15":"taxable","16":"shipping-taxable","17":"purchasable","18":"product-type-variable","19":"has-default-attributes","20":"wvs-archive-product-wrapper"},"acf":{"categorie_feed":""},"aioseo_notices":[],"_links":{"self":[{"href":"https:\/\/aavesa.com\/hu\/wp-json\/wp\/v2\/product\/92236","targetHints":{"allow":["GET"]}}],"collection":[{"href":"https:\/\/aavesa.com\/hu\/wp-json\/wp\/v2\/product"}],"about":[{"href":"https:\/\/aavesa.com\/hu\/wp-json\/wp\/v2\/types\/product"}],"replies":[{"embeddable":true,"href":"https:\/\/aavesa.com\/hu\/wp-json\/wp\/v2\/comments?post=92236"}],"wp:featuredmedia":[{"embeddable":true,"href":"https:\/\/aavesa.com\/hu\/wp-json\/wp\/v2\/media\/92237"}],"wp:attachment":[{"href":"https:\/\/aavesa.com\/hu\/wp-json\/wp\/v2\/media?parent=92236"}],"wp:term":[{"taxonomy":"product_brand","embeddable":true,"href":"https:\/\/aavesa.com\/hu\/wp-json\/wp\/v2\/product_brand?post=92236"},{"taxonomy":"product_cat","embeddable":true,"href":"https:\/\/aavesa.com\/hu\/wp-json\/wp\/v2\/product_cat?post=92236"},{"taxonomy":"product_tag","embeddable":true,"href":"https:\/\/aavesa.com\/hu\/wp-json\/wp\/v2\/product_tag?post=92236"}],"curies":[{"name":"wp","href":"https:\/\/api.w.org\/{rel}","templated":true}]}}