

{"id":92258,"date":"2024-07-26T16:26:07","date_gmt":"2024-07-26T16:26:07","guid":{"rendered":"https:\/\/new.aavesa.com\/produs\/kifordithato-mosomedve-bunda-361\/"},"modified":"2025-11-17T06:29:10","modified_gmt":"2025-11-17T06:29:10","slug":"kifordithato-mosomedve-bunda-361","status":"publish","type":"product","link":"https:\/\/aavesa.com\/hu\/product\/kifordithato-mosomedve-bunda-361\/","title":{"rendered":"Kiford\u00edthat\u00f3 mos\u00f3medve bunda 361"},"content":{"rendered":"<p>Ez a <a href=\"https:\/\/aavesa.com\/hu\/ferfiak\/shearling-kabatok-ferfiaknak-ferfiak\/\">megford\u00edthat\u00f3 mos\u00f3medve bunda f\u00e9rfiaknak<\/a> egy \u00e9rt\u00e9kes ruhadarab, amely kiv\u00e1l\u00f3 min\u0151s\u00e9g\u0171 term\u00e9szetes anyagokb\u00f3l k\u00e9sz\u00fclt. Egyik r\u00e9sze b\u00e1r\u00e1nyb\u0151rb\u0151l, a m\u00e1sik r\u00e9sze pedig mos\u00f3medve sz\u0151rm\u00e9b\u0151l k\u00e9sz\u00fclt. A kab\u00e1t k\u00fcl\u00f6n\u00f6sen praktikus \u00e9s tart\u00f3s, t\u00f6k\u00e9letes a k\u00e9nyelemhez \u00e9s a maxim\u00e1lis meleghez a hideg napokon. A kab\u00e1t st\u00edlusa modern, alkalmas a legk\u00fcl\u00f6nb\u00f6z\u0151bb \u00f6lt\u00f6z\u00e9kek kieg\u00e9sz\u00edt\u00e9s\u00e9re &#8211; az alkalmi, az \u00fczleti vagy az eleg\u00e1ns \u00f6lt\u00f6z\u00e9kt\u0151l kezdve. Az ujjak b\u00e9leltek, a kab\u00e1t kapucnival \u00e9s k\u00e9t nagym\u00e9ret\u0171 el\u00fcls\u0151 zsebbel van ell\u00e1tva a tov\u00e1bbi k\u00e9nyelem \u00e9rdek\u00e9ben. A kab\u00e1t hossza 86 cm.     <\/p>\n","protected":false},"excerpt":{"rendered":"<p>Ez a megford\u00edthat\u00f3 mos\u00f3medve bunda f\u00e9rfiaknak egy \u00e9rt\u00e9kes ruhadarab, amely kiv\u00e1l\u00f3 min\u0151s\u00e9g\u0171 term\u00e9szetes anyagokb\u00f3l k\u00e9sz\u00fclt. Egyik r\u00e9sze b\u00e1r\u00e1nyb\u0151rb\u0151l, a m\u00e1sik r\u00e9sze pedig mos\u00f3medve sz\u0151rm\u00e9b\u0151l k\u00e9sz\u00fclt. A kab\u00e1t k\u00fcl\u00f6n\u00f6sen praktikus \u00e9s tart\u00f3s, t\u00f6k\u00e9letes a k\u00e9nyelemhez \u00e9s a maxim\u00e1lis meleghez a hideg napokon. A kab\u00e1t st\u00edlusa modern, alkalmas a legk\u00fcl\u00f6nb\u00f6z\u0151bb \u00f6lt\u00f6z\u00e9kek kieg\u00e9sz\u00edt\u00e9s\u00e9re &#8211; az alkalmi, az \u00fczleti [&hellip;]<\/p>\n","protected":false},"featured_media":92259,"comment_status":"open","ping_status":"closed","template":"","meta":{"_acf_changed":false,"om_disable_all_campaigns":false,"inline_featured_image":false,"_monsterinsights_skip_tracking":false,"_monsterinsights_sitenote_active":false,"_monsterinsights_sitenote_note":"","_monsterinsights_sitenote_category":0},"product_brand":[],"product_cat":[846,794,725],"product_tag":[],"class_list":{"0":"post-92258","1":"product","2":"type-product","3":"status-publish","4":"has-post-thumbnail","6":"product_cat-2019-2020-kollekcio","7":"product_cat-ferfi-bundak","8":"product_cat-ferfiak","10":"first","11":"instock","12":"taxable","13":"shipping-taxable","14":"purchasable","15":"product-type-variable","16":"has-default-attributes","17":"wvs-archive-product-wrapper"},"acf":{"categorie_feed":""},"aioseo_notices":[],"_links":{"self":[{"href":"https:\/\/aavesa.com\/hu\/wp-json\/wp\/v2\/product\/92258","targetHints":{"allow":["GET"]}}],"collection":[{"href":"https:\/\/aavesa.com\/hu\/wp-json\/wp\/v2\/product"}],"about":[{"href":"https:\/\/aavesa.com\/hu\/wp-json\/wp\/v2\/types\/product"}],"replies":[{"embeddable":true,"href":"https:\/\/aavesa.com\/hu\/wp-json\/wp\/v2\/comments?post=92258"}],"wp:featuredmedia":[{"embeddable":true,"href":"https:\/\/aavesa.com\/hu\/wp-json\/wp\/v2\/media\/92259"}],"wp:attachment":[{"href":"https:\/\/aavesa.com\/hu\/wp-json\/wp\/v2\/media?parent=92258"}],"wp:term":[{"taxonomy":"product_brand","embeddable":true,"href":"https:\/\/aavesa.com\/hu\/wp-json\/wp\/v2\/product_brand?post=92258"},{"taxonomy":"product_cat","embeddable":true,"href":"https:\/\/aavesa.com\/hu\/wp-json\/wp\/v2\/product_cat?post=92258"},{"taxonomy":"product_tag","embeddable":true,"href":"https:\/\/aavesa.com\/hu\/wp-json\/wp\/v2\/product_tag?post=92258"}],"curies":[{"name":"wp","href":"https:\/\/api.w.org\/{rel}","templated":true}]}}