

{"id":92267,"date":"2024-07-26T16:30:44","date_gmt":"2024-07-26T16:30:44","guid":{"rendered":"https:\/\/new.aavesa.com\/produs\/hosszu-baranybor-kabat-noknek-2032\/"},"modified":"2026-04-13T09:17:09","modified_gmt":"2026-04-13T11:17:09","slug":"hosszu-baranybor-kabat-noknek-2032","status":"publish","type":"product","link":"https:\/\/aavesa.com\/hu\/product\/hosszu-baranybor-kabat-noknek-2032\/","title":{"rendered":"Hossz\u00fa b\u00e1r\u00e1nyb\u0151r kab\u00e1t n\u0151knek 2032"},"content":{"rendered":"<p>A megford\u00edthat\u00f3 merin\u00f3 shearling kab\u00e1t meleg, k\u00e9nyelmes \u00e9s praktikus. Ez a <a rel=\"nofollow\" href=\"https:\/\/aavesa.com\/hu\/nok\/noi-shearling-kabatok\/\">term\u00e9szetes hossz\u00fa n\u0151i shearling kab\u00e1t<\/a> nagyon sokoldal\u00fa ruhadarab, amely lehet\u0151s\u00e9get ad arra, hogy k\u00e9tf\u00e9lek\u00e9ppen viselje, \u00edgy a lehet\u0151 legt\u00f6bb kedvenc ruh\u00e1j\u00e1hoz illesztheti. A kab\u00e1t k\u00f6nnyen z\u00e1r\u00f3dik a kapcsok \u00e9s a h\u00faz\u00f3zsin\u00f3r seg\u00edts\u00e9g\u00e9vel. K\u00e9t t\u00e1gas zsebbel rendelkezik, \u00e9s b\u00e9zs sz\u00ednben kaphat\u00f3. A kab\u00e1t hossza 115 cm.    <\/p>\n","protected":false},"excerpt":{"rendered":"<p>A megford\u00edthat\u00f3 merin\u00f3 shearling kab\u00e1t meleg, k\u00e9nyelmes \u00e9s praktikus. Ez a term\u00e9szetes hossz\u00fa n\u0151i shearling kab\u00e1t nagyon sokoldal\u00fa ruhadarab, amely lehet\u0151s\u00e9get ad arra, hogy k\u00e9tf\u00e9lek\u00e9ppen viselje, \u00edgy a lehet\u0151 legt\u00f6bb kedvenc ruh\u00e1j\u00e1hoz illesztheti. A kab\u00e1t k\u00f6nnyen z\u00e1r\u00f3dik a kapcsok \u00e9s a h\u00faz\u00f3zsin\u00f3r seg\u00edts\u00e9g\u00e9vel. K\u00e9t t\u00e1gas zsebbel rendelkezik, \u00e9s b\u00e9zs sz\u00ednben kaphat\u00f3. A kab\u00e1t hossza 115 [&hellip;]<\/p>\n","protected":false},"featured_media":92268,"comment_status":"closed","ping_status":"closed","template":"","meta":{"_acf_changed":false,"om_disable_all_campaigns":false,"inline_featured_image":false,"_monsterinsights_skip_tracking":false,"_monsterinsights_sitenote_active":false,"_monsterinsights_sitenote_note":"","_monsterinsights_sitenote_category":0},"product_brand":[],"product_cat":[848,778,779,741],"product_tag":[],"class_list":{"0":"post-92267","1":"product","2":"type-product","3":"status-publish","4":"has-post-thumbnail","6":"product_cat-2021-2022-es-kollekcio","7":"product_cat-baranybor-kabatok-hu","8":"product_cat-noi-shearling-kabatok","9":"product_cat-nok","11":"first","12":"instock","13":"taxable","14":"shipping-taxable","15":"purchasable","16":"product-type-variable","17":"has-default-attributes","18":"wvs-archive-product-wrapper"},"acf":{"categorie_feed":""},"aioseo_notices":[],"_links":{"self":[{"href":"https:\/\/aavesa.com\/hu\/wp-json\/wp\/v2\/product\/92267","targetHints":{"allow":["GET"]}}],"collection":[{"href":"https:\/\/aavesa.com\/hu\/wp-json\/wp\/v2\/product"}],"about":[{"href":"https:\/\/aavesa.com\/hu\/wp-json\/wp\/v2\/types\/product"}],"replies":[{"embeddable":true,"href":"https:\/\/aavesa.com\/hu\/wp-json\/wp\/v2\/comments?post=92267"}],"wp:featuredmedia":[{"embeddable":true,"href":"https:\/\/aavesa.com\/hu\/wp-json\/wp\/v2\/media\/92268"}],"wp:attachment":[{"href":"https:\/\/aavesa.com\/hu\/wp-json\/wp\/v2\/media?parent=92267"}],"wp:term":[{"taxonomy":"product_brand","embeddable":true,"href":"https:\/\/aavesa.com\/hu\/wp-json\/wp\/v2\/product_brand?post=92267"},{"taxonomy":"product_cat","embeddable":true,"href":"https:\/\/aavesa.com\/hu\/wp-json\/wp\/v2\/product_cat?post=92267"},{"taxonomy":"product_tag","embeddable":true,"href":"https:\/\/aavesa.com\/hu\/wp-json\/wp\/v2\/product_tag?post=92267"}],"curies":[{"name":"wp","href":"https:\/\/api.w.org\/{rel}","templated":true}]}}