

{"id":92275,"date":"2024-07-26T16:26:07","date_gmt":"2024-07-26T16:26:07","guid":{"rendered":"https:\/\/new.aavesa.com\/produs\/shearling-kabat-363\/"},"modified":"2026-04-10T15:08:30","modified_gmt":"2026-04-10T17:08:30","slug":"shearling-kabat-363","status":"publish","type":"product","link":"https:\/\/aavesa.com\/hu\/product\/shearling-kabat-363\/","title":{"rendered":"Shearling kab\u00e1t 363"},"content":{"rendered":"<p>Ez a f\u00e9rfi shearling kab\u00e1t egy modern \u00e9s f\u00e9rfias ruhadarab, amely k\u00e9nyelmet \u00e9s meleget biztos\u00edt a hideg \u0151szi \u00e9s t\u00e9li napokon. A kab\u00e1t tapintatlan, merin\u00f3 juhb\u0151rb\u0151l k\u00e9sz\u00fclt, amely autentikus megjelen\u00e9st k\u00f6lcs\u00f6n\u00f6z. A juh\u00e1szkab\u00e1t dupla gall\u00e9rja \u00e9s a csatok, amelyekkel az ujjakon \u00e9s a gall\u00e9ron van ell\u00e1tva, modern elemek, amelyek a kab\u00e1tot laza megjelen\u00e9s\u0171v\u00e9 teszik. A kab\u00e1t z\u00e1r\u00e1sa cipz\u00e1rral t\u00f6rt\u00e9nik, a dupla gall\u00e9r tov\u00e1bbi meleget biztos\u00edt a nyakr\u00e9sznek. Ez a f\u00e9rfi sz\u0151rmekab\u00e1t egy ihletett v\u00e1s\u00e1rl\u00e1s, amelyet sok\u00e1ig \u00e9lvezni fog. A kab\u00e1t hossza 67 cm.     <\/p>\n","protected":false},"excerpt":{"rendered":"<p>Ez a f\u00e9rfi shearling kab\u00e1t egy modern \u00e9s f\u00e9rfias ruhadarab, amely k\u00e9nyelmet \u00e9s meleget biztos\u00edt a hideg \u0151szi \u00e9s t\u00e9li napokon. A kab\u00e1t tapintatlan, merin\u00f3 juhb\u0151rb\u0151l k\u00e9sz\u00fclt, amely autentikus megjelen\u00e9st k\u00f6lcs\u00f6n\u00f6z. A juh\u00e1szkab\u00e1t dupla gall\u00e9rja \u00e9s a csatok, amelyekkel az ujjakon \u00e9s a gall\u00e9ron van ell\u00e1tva, modern elemek, amelyek a kab\u00e1tot laza megjelen\u00e9s\u0171v\u00e9 teszik. A [&hellip;]<\/p>\n","protected":false},"featured_media":92276,"comment_status":"open","ping_status":"closed","template":"","meta":{"_acf_changed":false,"om_disable_all_campaigns":false,"inline_featured_image":false,"_monsterinsights_skip_tracking":false,"_monsterinsights_sitenote_active":false,"_monsterinsights_sitenote_note":"","_monsterinsights_sitenote_category":0},"product_brand":[],"product_cat":[846,784,780,952,725,772],"product_tag":[],"class_list":{"0":"post-92275","1":"product","2":"type-product","3":"status-publish","4":"has-post-thumbnail","6":"product_cat-2019-2020-kollekcio","7":"product_cat-baranybor","8":"product_cat-baranybor-kabatok-hu-2","9":"product_cat-ferfi-es-noi-pehelypaplan-dzsekik-a-luxus-es-a-melegseg-vegso-kevereke","10":"product_cat-ferfiak","11":"product_cat-shearling-kabatok-ferfiaknak","13":"first","14":"instock","15":"taxable","16":"shipping-taxable","17":"purchasable","18":"product-type-variable","19":"has-default-attributes","20":"wvs-archive-product-wrapper"},"acf":{"categorie_feed":""},"aioseo_notices":[],"_links":{"self":[{"href":"https:\/\/aavesa.com\/hu\/wp-json\/wp\/v2\/product\/92275","targetHints":{"allow":["GET"]}}],"collection":[{"href":"https:\/\/aavesa.com\/hu\/wp-json\/wp\/v2\/product"}],"about":[{"href":"https:\/\/aavesa.com\/hu\/wp-json\/wp\/v2\/types\/product"}],"replies":[{"embeddable":true,"href":"https:\/\/aavesa.com\/hu\/wp-json\/wp\/v2\/comments?post=92275"}],"wp:featuredmedia":[{"embeddable":true,"href":"https:\/\/aavesa.com\/hu\/wp-json\/wp\/v2\/media\/92276"}],"wp:attachment":[{"href":"https:\/\/aavesa.com\/hu\/wp-json\/wp\/v2\/media?parent=92275"}],"wp:term":[{"taxonomy":"product_brand","embeddable":true,"href":"https:\/\/aavesa.com\/hu\/wp-json\/wp\/v2\/product_brand?post=92275"},{"taxonomy":"product_cat","embeddable":true,"href":"https:\/\/aavesa.com\/hu\/wp-json\/wp\/v2\/product_cat?post=92275"},{"taxonomy":"product_tag","embeddable":true,"href":"https:\/\/aavesa.com\/hu\/wp-json\/wp\/v2\/product_tag?post=92275"}],"curies":[{"name":"wp","href":"https:\/\/api.w.org\/{rel}","templated":true}]}}