

{"id":92290,"date":"2024-07-26T16:26:07","date_gmt":"2024-07-26T16:26:07","guid":{"rendered":"https:\/\/new.aavesa.com\/produs\/baranybor-kabat-mosomedve-premes-gallerral-364\/"},"modified":"2025-11-17T06:29:05","modified_gmt":"2025-11-17T06:29:05","slug":"baranybor-kabat-mosomedve-premes-gallerral-364","status":"publish","type":"product","link":"https:\/\/aavesa.com\/hu\/product\/baranybor-kabat-mosomedve-premes-gallerral-364\/","title":{"rendered":"B\u00e1r\u00e1nyb\u0151r kab\u00e1t mos\u00f3medve pr\u00e9mes gall\u00e9rral 364"},"content":{"rendered":"<p>Ez a <a href=\"https:\/\/aavesa.com\/hu\/ferfiak\/shearling-kabatok-ferfiaknak-ferfiak\/\">mos\u00f3medve sz\u0151rme gall\u00e9rral ell\u00e1tott b\u00e1r\u00e1nyb\u0151r kab\u00e1t f\u00e9rfiaknak<\/a> egy nagyon inspir\u00e1l\u00f3 v\u00e1s\u00e1rl\u00e1s a ruhat\u00e1r\u00e1ba. A merin\u00f3i b\u00e1r\u00e1nyb\u0151r sz\u0151rme az er\u0151ss\u00e9g\u00e9r\u0151l, a fokozott h\u0151hat\u00e1s\u00e1r\u00f3l, de autentikus megjelen\u00e9s\u00e9r\u0151l is ismert. A kab\u00e1t gall\u00e9rja amerikai mos\u00f3medve sz\u0151rm\u00e9b\u0151l k\u00e9sz\u00fclt, amely vil\u00e1gosabb \u00e1rnyalat\u00fa \u00e9s m\u00e1s text\u00far\u00e1j\u00fa, ami kieg\u00e9sz\u00edti a kab\u00e1t szab\u00e1s\u00e1t \u00e9s extra eleganci\u00e1t k\u00f6lcs\u00f6n\u00f6z neki. Ez a b\u00e1r\u00e1nybunda egy st\u00edlusos, f\u00e9rfias \u00e9s eredeti ruhadarab, amely sz\u00e1mos alkalomra viselhet\u0151: az alkalmi \u00f6lt\u00f6z\u00e9kekt\u0151l kezdve az irodai vagy k\u00fcl\u00f6nleges alkalmakra alkalmas \u00f6lt\u00f6z\u00e9kekig. A ruhadarab hossza 92 cm.    <\/p>\n","protected":false},"excerpt":{"rendered":"<p>Ez a mos\u00f3medve sz\u0151rme gall\u00e9rral ell\u00e1tott b\u00e1r\u00e1nyb\u0151r kab\u00e1t f\u00e9rfiaknak egy nagyon inspir\u00e1l\u00f3 v\u00e1s\u00e1rl\u00e1s a ruhat\u00e1r\u00e1ba. A merin\u00f3i b\u00e1r\u00e1nyb\u0151r sz\u0151rme az er\u0151ss\u00e9g\u00e9r\u0151l, a fokozott h\u0151hat\u00e1s\u00e1r\u00f3l, de autentikus megjelen\u00e9s\u00e9r\u0151l is ismert. A kab\u00e1t gall\u00e9rja amerikai mos\u00f3medve sz\u0151rm\u00e9b\u0151l k\u00e9sz\u00fclt, amely vil\u00e1gosabb \u00e1rnyalat\u00fa \u00e9s m\u00e1s text\u00far\u00e1j\u00fa, ami kieg\u00e9sz\u00edti a kab\u00e1t szab\u00e1s\u00e1t \u00e9s extra eleganci\u00e1t k\u00f6lcs\u00f6n\u00f6z neki. Ez a b\u00e1r\u00e1nybunda [&hellip;]<\/p>\n","protected":false},"featured_media":92291,"comment_status":"open","ping_status":"closed","template":"","meta":{"_acf_changed":false,"om_disable_all_campaigns":false,"inline_featured_image":false,"_monsterinsights_skip_tracking":false,"_monsterinsights_sitenote_active":false,"_monsterinsights_sitenote_note":"","_monsterinsights_sitenote_category":0},"product_brand":[],"product_cat":[846,784,778,794,725,777],"product_tag":[],"class_list":{"0":"post-92290","1":"product","2":"type-product","3":"status-publish","4":"has-post-thumbnail","6":"product_cat-2019-2020-kollekcio","7":"product_cat-baranybor","8":"product_cat-baranybor-kabatok-hu","9":"product_cat-ferfi-bundak","10":"product_cat-ferfiak","11":"product_cat-shearling-kabatok-ferfiaknak-ferfiak","13":"first","14":"outofstock","15":"taxable","16":"shipping-taxable","17":"product-type-variable","18":"has-default-attributes","19":"wvs-archive-product-wrapper"},"acf":{"categorie_feed":""},"aioseo_notices":[],"_links":{"self":[{"href":"https:\/\/aavesa.com\/hu\/wp-json\/wp\/v2\/product\/92290","targetHints":{"allow":["GET"]}}],"collection":[{"href":"https:\/\/aavesa.com\/hu\/wp-json\/wp\/v2\/product"}],"about":[{"href":"https:\/\/aavesa.com\/hu\/wp-json\/wp\/v2\/types\/product"}],"replies":[{"embeddable":true,"href":"https:\/\/aavesa.com\/hu\/wp-json\/wp\/v2\/comments?post=92290"}],"wp:featuredmedia":[{"embeddable":true,"href":"https:\/\/aavesa.com\/hu\/wp-json\/wp\/v2\/media\/92291"}],"wp:attachment":[{"href":"https:\/\/aavesa.com\/hu\/wp-json\/wp\/v2\/media?parent=92290"}],"wp:term":[{"taxonomy":"product_brand","embeddable":true,"href":"https:\/\/aavesa.com\/hu\/wp-json\/wp\/v2\/product_brand?post=92290"},{"taxonomy":"product_cat","embeddable":true,"href":"https:\/\/aavesa.com\/hu\/wp-json\/wp\/v2\/product_cat?post=92290"},{"taxonomy":"product_tag","embeddable":true,"href":"https:\/\/aavesa.com\/hu\/wp-json\/wp\/v2\/product_tag?post=92290"}],"curies":[{"name":"wp","href":"https:\/\/api.w.org\/{rel}","templated":true}]}}