

{"id":92296,"date":"2024-07-26T16:26:28","date_gmt":"2024-07-26T16:26:28","guid":{"rendered":"https:\/\/new.aavesa.com\/produs\/borkabat-1019\/"},"modified":"2025-11-17T06:29:04","modified_gmt":"2025-11-17T06:29:04","slug":"borkabat-1019","status":"publish","type":"product","link":"https:\/\/aavesa.com\/hu\/product\/borkabat-1019\/","title":{"rendered":"B\u0151rkab\u00e1t 1019"},"content":{"rendered":"<p>A term\u00e9szetes b\u0151rdzseki klasszikus \u00e9s nagyon hasznos ruhadarab, amely n\u00e9lk\u00fcl\u00f6zhetetlen b\u00e1rki ruhat\u00e1r\u00e1ban. Ez a term\u00e9szetes b\u00e1r\u00e1nyb\u0151r dzseki praktikus, modern \u00e9s eleg\u00e1ns, \u00e9s inspir\u00e1l\u00f3 v\u00e1s\u00e1rl\u00e1s b\u00e1rki sz\u00e1m\u00e1ra, aki ezt v\u00e1lasztja. A b\u00e1r\u00e1nyb\u0151r puha, de id\u0151vel ellen\u00e1ll\u00f3, sz\u00e9les k\u00f6rben haszn\u00e1lj\u00e1k ruh\u00e1k \u00e9s kieg\u00e9sz\u00edt\u0151k k\u00e9sz\u00edt\u00e9s\u00e9hez. Ez a b\u0151rkab\u00e1t alkalmas mindennapi viseletre, de nem csak. Az \u00e1tl\u00f3san elhelyezett cipz\u00e1r, a kab\u00e1t alj\u00e1n l\u00e9v\u0151 n\u00e9gy csattal \u00e9s a k\u00e9t nagy zsebbel praktikuss\u00e1 teszi a kab\u00e1tot, \u00e9s b\u00e1rkinek laza megjelen\u00e9st k\u00f6lcs\u00f6n\u00f6z. A kab\u00e1t hossza 55 cm.     <\/p>\n","protected":false},"excerpt":{"rendered":"<p>A term\u00e9szetes b\u0151rdzseki klasszikus \u00e9s nagyon hasznos ruhadarab, amely n\u00e9lk\u00fcl\u00f6zhetetlen b\u00e1rki ruhat\u00e1r\u00e1ban. Ez a term\u00e9szetes b\u00e1r\u00e1nyb\u0151r dzseki praktikus, modern \u00e9s eleg\u00e1ns, \u00e9s inspir\u00e1l\u00f3 v\u00e1s\u00e1rl\u00e1s b\u00e1rki sz\u00e1m\u00e1ra, aki ezt v\u00e1lasztja. A b\u00e1r\u00e1nyb\u0151r puha, de id\u0151vel ellen\u00e1ll\u00f3, sz\u00e9les k\u00f6rben haszn\u00e1lj\u00e1k ruh\u00e1k \u00e9s kieg\u00e9sz\u00edt\u0151k k\u00e9sz\u00edt\u00e9s\u00e9hez. Ez a b\u0151rkab\u00e1t alkalmas mindennapi viseletre, de nem csak. Az \u00e1tl\u00f3san elhelyezett cipz\u00e1r, [&hellip;]<\/p>\n","protected":false},"featured_media":92297,"comment_status":"open","ping_status":"closed","template":"","meta":{"_acf_changed":false,"om_disable_all_campaigns":false,"inline_featured_image":false,"_monsterinsights_skip_tracking":false,"_monsterinsights_sitenote_active":false,"_monsterinsights_sitenote_note":"","_monsterinsights_sitenote_category":0},"product_brand":[],"product_cat":[846,767,741,916],"product_tag":[],"class_list":{"0":"post-92296","1":"product","2":"type-product","3":"status-publish","4":"has-post-thumbnail","6":"product_cat-2019-2020-kollekcio","7":"product_cat-borkabatok-noknek","8":"product_cat-nok","9":"product_cat-valodi-bor-termekek-tavaszra-es-oszre-kabatok-nadragok-kabatok-szoknyak-es-loveszkabatok-kabatok-nadragok-kabatok-szoknyak-es-loveszkabatok","11":"first","12":"instock","13":"taxable","14":"shipping-taxable","15":"purchasable","16":"product-type-variable","17":"has-default-attributes","18":"wvs-archive-product-wrapper"},"acf":{"categorie_feed":""},"aioseo_notices":[],"_links":{"self":[{"href":"https:\/\/aavesa.com\/hu\/wp-json\/wp\/v2\/product\/92296","targetHints":{"allow":["GET"]}}],"collection":[{"href":"https:\/\/aavesa.com\/hu\/wp-json\/wp\/v2\/product"}],"about":[{"href":"https:\/\/aavesa.com\/hu\/wp-json\/wp\/v2\/types\/product"}],"replies":[{"embeddable":true,"href":"https:\/\/aavesa.com\/hu\/wp-json\/wp\/v2\/comments?post=92296"}],"wp:featuredmedia":[{"embeddable":true,"href":"https:\/\/aavesa.com\/hu\/wp-json\/wp\/v2\/media\/92297"}],"wp:attachment":[{"href":"https:\/\/aavesa.com\/hu\/wp-json\/wp\/v2\/media?parent=92296"}],"wp:term":[{"taxonomy":"product_brand","embeddable":true,"href":"https:\/\/aavesa.com\/hu\/wp-json\/wp\/v2\/product_brand?post=92296"},{"taxonomy":"product_cat","embeddable":true,"href":"https:\/\/aavesa.com\/hu\/wp-json\/wp\/v2\/product_cat?post=92296"},{"taxonomy":"product_tag","embeddable":true,"href":"https:\/\/aavesa.com\/hu\/wp-json\/wp\/v2\/product_tag?post=92296"}],"curies":[{"name":"wp","href":"https:\/\/api.w.org\/{rel}","templated":true}]}}