

{"id":92316,"date":"2024-07-26T16:26:28","date_gmt":"2024-07-26T16:26:28","guid":{"rendered":"https:\/\/new.aavesa.com\/produs\/bor-autokesztyu-m205\/"},"modified":"2025-11-17T06:29:03","modified_gmt":"2025-11-17T06:29:03","slug":"bor-autokesztyu-m205","status":"publish","type":"product","link":"https:\/\/aavesa.com\/hu\/product\/bor-autokesztyu-m205\/","title":{"rendered":"B\u0151r aut\u00f3keszty\u0171 M205"},"content":{"rendered":"<p>Ezek a term\u00e9szetes b\u0151rb\u0151l k\u00e9sz\u00fclt vezet\u0151keszty\u0171k tart\u00f3sak \u00e9s nagyon praktikusak. A keszty\u0171 varr\u00e1sai \u00e9s a perfor\u00e1lt b\u0151r nagyon j\u00f3 tapad\u00e1st biztos\u00edtanak, \u00edgy a k\u00e9z nem cs\u00faszik el a korm\u00e1nyker\u00e9ken. Az anyag v\u00e9d az izzad\u00e1s ellen, \u00e9s a leghidegebb napokon is k\u00e9nyelmet \u00e9s meleget ad a k\u00e9znek. Ezek a b\u0151r aut\u00f3s keszty\u0171k t\u00f6k\u00e9letesek azok sz\u00e1m\u00e1ra, akik szeretn\u00e9nek v\u00e9dekezni a hideg ellen, ugyanakkor biztons\u00e1gban \u00e9rezni magukat vezet\u00e9s k\u00f6zben. A keszty\u0171 nagyon inspir\u00e1l\u00f3 aj\u00e1nd\u00e9k is lehet egy \u00d6nh\u00f6z k\u00f6zel \u00e1ll\u00f3 szem\u00e9ly sz\u00e1m\u00e1ra, aki biztosan \u00e9rt\u00e9kelni fogja a gondoskod\u00e1s\u00e1t.    <\/p>\n","protected":false},"excerpt":{"rendered":"<p>Ezek a term\u00e9szetes b\u0151rb\u0151l k\u00e9sz\u00fclt vezet\u0151keszty\u0171k tart\u00f3sak \u00e9s nagyon praktikusak. A keszty\u0171 varr\u00e1sai \u00e9s a perfor\u00e1lt b\u0151r nagyon j\u00f3 tapad\u00e1st biztos\u00edtanak, \u00edgy a k\u00e9z nem cs\u00faszik el a korm\u00e1nyker\u00e9ken. Az anyag v\u00e9d az izzad\u00e1s ellen, \u00e9s a leghidegebb napokon is k\u00e9nyelmet \u00e9s meleget ad a k\u00e9znek. Ezek a b\u0151r aut\u00f3s keszty\u0171k t\u00f6k\u00e9letesek azok sz\u00e1m\u00e1ra, akik [&hellip;]<\/p>\n","protected":false},"featured_media":92317,"comment_status":"closed","ping_status":"closed","template":"","meta":{"_acf_changed":false,"om_disable_all_campaigns":false,"inline_featured_image":false,"_monsterinsights_skip_tracking":false,"_monsterinsights_sitenote_active":false,"_monsterinsights_sitenote_note":"","_monsterinsights_sitenote_category":0},"product_brand":[],"product_cat":[742,828,725],"product_tag":[],"class_list":{"0":"post-92316","1":"product","2":"type-product","3":"status-publish","4":"has-post-thumbnail","6":"product_cat-bor-kesztyu","7":"product_cat-borkesztyuk-ferfiaknak","8":"product_cat-ferfiak","10":"first","11":"instock","12":"taxable","13":"shipping-taxable","14":"purchasable","15":"product-type-variable","16":"has-default-attributes","17":"wvs-archive-product-wrapper"},"acf":{"categorie_feed":""},"aioseo_notices":[],"_links":{"self":[{"href":"https:\/\/aavesa.com\/hu\/wp-json\/wp\/v2\/product\/92316","targetHints":{"allow":["GET"]}}],"collection":[{"href":"https:\/\/aavesa.com\/hu\/wp-json\/wp\/v2\/product"}],"about":[{"href":"https:\/\/aavesa.com\/hu\/wp-json\/wp\/v2\/types\/product"}],"replies":[{"embeddable":true,"href":"https:\/\/aavesa.com\/hu\/wp-json\/wp\/v2\/comments?post=92316"}],"wp:featuredmedia":[{"embeddable":true,"href":"https:\/\/aavesa.com\/hu\/wp-json\/wp\/v2\/media\/92317"}],"wp:attachment":[{"href":"https:\/\/aavesa.com\/hu\/wp-json\/wp\/v2\/media?parent=92316"}],"wp:term":[{"taxonomy":"product_brand","embeddable":true,"href":"https:\/\/aavesa.com\/hu\/wp-json\/wp\/v2\/product_brand?post=92316"},{"taxonomy":"product_cat","embeddable":true,"href":"https:\/\/aavesa.com\/hu\/wp-json\/wp\/v2\/product_cat?post=92316"},{"taxonomy":"product_tag","embeddable":true,"href":"https:\/\/aavesa.com\/hu\/wp-json\/wp\/v2\/product_tag?post=92316"}],"curies":[{"name":"wp","href":"https:\/\/api.w.org\/{rel}","templated":true}]}}