

{"id":92324,"date":"2024-07-26T16:30:44","date_gmt":"2024-07-26T16:30:44","guid":{"rendered":"https:\/\/new.aavesa.com\/produs\/hosszu-baranybor-kabat-2031\/"},"modified":"2026-04-13T09:17:06","modified_gmt":"2026-04-13T11:17:06","slug":"hosszu-baranybor-kabat-2031","status":"publish","type":"product","link":"https:\/\/aavesa.com\/hu\/product\/hosszu-baranybor-kabat-2031\/","title":{"rendered":"Hossz\u00fa b\u00e1r\u00e1nyb\u0151r kab\u00e1t 2031"},"content":{"rendered":"<p>Meleg, tart\u00f3s \u00e9s egyedi kab\u00e1t. Minden n\u0151 ruhat\u00e1r\u00e1nak elengedhetetlen kell\u00e9ke, a merin\u00f3i b\u00e1r\u00e1nyb\u0151r kab\u00e1t \u00e9s a toszk\u00e1n b\u00e1r\u00e1nyb\u0151r kab\u00e1t t\u00f6k\u00e9letesen illik mind az alkalmi st\u00edlushoz, mind az alkalmi \u00f6lt\u00f6z\u00e9khez. A ruha eleg\u00e1ns jegy\u00e9t a h\u00faz\u00f3zsin\u00f3r k\u00e9pviseli, amely t\u00f6k\u00e9letess\u00e9 teszi a derek\u00e1t. A z\u00e1r\u00e1s cipz\u00e1rral k\u00e9sz\u00fclt. A b\u00e1r\u00e1nyb\u0151r kab\u00e1t k\u00e9t zsebbel van ell\u00e1tva, de kapucnival is rendelkezik, amely extra v\u00e9delmet ny\u00fajt a fagy ellen. A kab\u00e1t k\u00e9t sz\u00ednben &#8211; ol\u00edvaz\u00f6ld \u00e9s fekete &#8211; kaphat\u00f3. A hossza 100 cm.      <\/p>\n","protected":false},"excerpt":{"rendered":"<p>Meleg, tart\u00f3s \u00e9s egyedi kab\u00e1t. Minden n\u0151 ruhat\u00e1r\u00e1nak elengedhetetlen kell\u00e9ke, a merin\u00f3i b\u00e1r\u00e1nyb\u0151r kab\u00e1t \u00e9s a toszk\u00e1n b\u00e1r\u00e1nyb\u0151r kab\u00e1t t\u00f6k\u00e9letesen illik mind az alkalmi st\u00edlushoz, mind az alkalmi \u00f6lt\u00f6z\u00e9khez. A ruha eleg\u00e1ns jegy\u00e9t a h\u00faz\u00f3zsin\u00f3r k\u00e9pviseli, amely t\u00f6k\u00e9letess\u00e9 teszi a derek\u00e1t. A z\u00e1r\u00e1s cipz\u00e1rral k\u00e9sz\u00fclt. A b\u00e1r\u00e1nyb\u0151r kab\u00e1t k\u00e9t zsebbel van ell\u00e1tva, de kapucnival is [&hellip;]<\/p>\n","protected":false},"featured_media":92325,"comment_status":"closed","ping_status":"closed","template":"","meta":{"_acf_changed":false,"om_disable_all_campaigns":false,"inline_featured_image":false,"_monsterinsights_skip_tracking":false,"_monsterinsights_sitenote_active":false,"_monsterinsights_sitenote_note":"","_monsterinsights_sitenote_category":0},"product_brand":[],"product_cat":[848,778,779,741],"product_tag":[],"class_list":{"0":"post-92324","1":"product","2":"type-product","3":"status-publish","4":"has-post-thumbnail","6":"product_cat-2021-2022-es-kollekcio","7":"product_cat-baranybor-kabatok-hu","8":"product_cat-noi-shearling-kabatok","9":"product_cat-nok","11":"first","12":"instock","13":"taxable","14":"shipping-taxable","15":"purchasable","16":"product-type-variable","17":"has-default-attributes","18":"wvs-archive-product-wrapper"},"acf":{"categorie_feed":""},"aioseo_notices":[],"_links":{"self":[{"href":"https:\/\/aavesa.com\/hu\/wp-json\/wp\/v2\/product\/92324","targetHints":{"allow":["GET"]}}],"collection":[{"href":"https:\/\/aavesa.com\/hu\/wp-json\/wp\/v2\/product"}],"about":[{"href":"https:\/\/aavesa.com\/hu\/wp-json\/wp\/v2\/types\/product"}],"replies":[{"embeddable":true,"href":"https:\/\/aavesa.com\/hu\/wp-json\/wp\/v2\/comments?post=92324"}],"wp:featuredmedia":[{"embeddable":true,"href":"https:\/\/aavesa.com\/hu\/wp-json\/wp\/v2\/media\/92325"}],"wp:attachment":[{"href":"https:\/\/aavesa.com\/hu\/wp-json\/wp\/v2\/media?parent=92324"}],"wp:term":[{"taxonomy":"product_brand","embeddable":true,"href":"https:\/\/aavesa.com\/hu\/wp-json\/wp\/v2\/product_brand?post=92324"},{"taxonomy":"product_cat","embeddable":true,"href":"https:\/\/aavesa.com\/hu\/wp-json\/wp\/v2\/product_cat?post=92324"},{"taxonomy":"product_tag","embeddable":true,"href":"https:\/\/aavesa.com\/hu\/wp-json\/wp\/v2\/product_tag?post=92324"}],"curies":[{"name":"wp","href":"https:\/\/api.w.org\/{rel}","templated":true}]}}