

{"id":92358,"date":"2024-07-26T16:30:44","date_gmt":"2024-07-26T16:30:44","guid":{"rendered":"https:\/\/new.aavesa.com\/produs\/baranybor-es-jeges-roka-szorme-dzseki-2030\/"},"modified":"2026-04-10T15:04:18","modified_gmt":"2026-04-10T17:04:18","slug":"baranybor-es-jeges-roka-szorme-dzseki-2030","status":"publish","type":"product","link":"https:\/\/aavesa.com\/hu\/product\/baranybor-es-jeges-roka-szorme-dzseki-2030\/","title":{"rendered":"B\u00e1r\u00e1nyb\u0151r \u00e9s jeges r\u00f3ka sz\u0151rme dzseki 2030"},"content":{"rendered":"<p>Ez a merin\u00f3 juhb\u0151rb\u0151l \u00e9s sarki r\u00f3ka sz\u0151rm\u00e9b\u0151l k\u00e9sz\u00fclt kab\u00e1t igaz\u00e1n l\u00e1tv\u00e1nyos ruhadarab. A <a href=\"https:\/\/aavesa.com\/hu\/nok\/noi-shearling-dzsekik\/\">juhb\u0151rb\u0151l \u00e9s sarki r\u00f3kasz\u0151rm\u00e9b\u0151l k\u00e9sz\u00fclt kab\u00e1t<\/a> diz\u00e1jnja egyedi, \u00edgy minden tekintetet mag\u00e1ra fog vonzani. A merin\u00f3b\u00e1r\u00e1ny sz\u0151rme kab\u00e1t \u00e9s a pol\u00e1rr\u00f3kasz\u0151rme kab\u00e1t a k\u00f6vetkez\u0151 sz\u00ednekben kaphat\u00f3 &#8211; sz\u00fcrke \u00e9s fekete, sz\u00ednek, amelyek k\u00f6nnyen illeszthet\u0151k a k\u00fcl\u00f6nb\u00f6z\u0151 st\u00edlusokhoz, hogy minden nap \u00e9s minden alkalomra t\u00f6k\u00e9letes legyen a megjelen\u00e9s. A kab\u00e1t cipz\u00e1rral z\u00e1r\u00f3dik \u00e9s k\u00e9t zsebbel rendelkezik. A kab\u00e1t kapucnival van ell\u00e1tva a kiv\u00e1l\u00f3 v\u00e9delem \u00e9rdek\u00e9ben, de eszt\u00e9tikai szempontb\u00f3l is. A sarki r\u00f3ka sz\u0151rme eleg\u00e1ns \u00e9s st\u00edlusos jegyet k\u00f6lcs\u00f6n\u00f6z ennek a kab\u00e1tnak, amely t\u00f6k\u00e9letes a hideg \u00e9vszakban. A kab\u00e1t hossza 50 cm.      <\/p>\n","protected":false},"excerpt":{"rendered":"<p>Ez a merin\u00f3 juhb\u0151rb\u0151l \u00e9s sarki r\u00f3ka sz\u0151rm\u00e9b\u0151l k\u00e9sz\u00fclt kab\u00e1t igaz\u00e1n l\u00e1tv\u00e1nyos ruhadarab. A juhb\u0151rb\u0151l \u00e9s sarki r\u00f3kasz\u0151rm\u00e9b\u0151l k\u00e9sz\u00fclt kab\u00e1t diz\u00e1jnja egyedi, \u00edgy minden tekintetet mag\u00e1ra fog vonzani. A merin\u00f3b\u00e1r\u00e1ny sz\u0151rme kab\u00e1t \u00e9s a pol\u00e1rr\u00f3kasz\u0151rme kab\u00e1t a k\u00f6vetkez\u0151 sz\u00ednekben kaphat\u00f3 &#8211; sz\u00fcrke \u00e9s fekete, sz\u00ednek, amelyek k\u00f6nnyen illeszthet\u0151k a k\u00fcl\u00f6nb\u00f6z\u0151 st\u00edlusokhoz, hogy minden nap \u00e9s [&hellip;]<\/p>\n","protected":false},"featured_media":92359,"comment_status":"closed","ping_status":"closed","template":"","meta":{"_acf_changed":false,"om_disable_all_campaigns":false,"inline_featured_image":false,"_monsterinsights_skip_tracking":false,"_monsterinsights_sitenote_active":false,"_monsterinsights_sitenote_note":"","_monsterinsights_sitenote_category":0},"product_brand":[],"product_cat":[848,952,773,741,765],"product_tag":[],"class_list":{"0":"post-92358","1":"product","2":"type-product","3":"status-publish","4":"has-post-thumbnail","6":"product_cat-2021-2022-es-kollekcio","7":"product_cat-ferfi-es-noi-pehelypaplan-dzsekik-a-luxus-es-a-melegseg-vegso-kevereke","8":"product_cat-noi-shearling-dzsekik","9":"product_cat-nok","10":"product_cat-roka-szorme","12":"first","13":"instock","14":"taxable","15":"shipping-taxable","16":"purchasable","17":"product-type-variable","18":"has-default-attributes","19":"wvs-archive-product-wrapper"},"acf":{"categorie_feed":""},"aioseo_notices":[],"_links":{"self":[{"href":"https:\/\/aavesa.com\/hu\/wp-json\/wp\/v2\/product\/92358","targetHints":{"allow":["GET"]}}],"collection":[{"href":"https:\/\/aavesa.com\/hu\/wp-json\/wp\/v2\/product"}],"about":[{"href":"https:\/\/aavesa.com\/hu\/wp-json\/wp\/v2\/types\/product"}],"replies":[{"embeddable":true,"href":"https:\/\/aavesa.com\/hu\/wp-json\/wp\/v2\/comments?post=92358"}],"wp:featuredmedia":[{"embeddable":true,"href":"https:\/\/aavesa.com\/hu\/wp-json\/wp\/v2\/media\/92359"}],"wp:attachment":[{"href":"https:\/\/aavesa.com\/hu\/wp-json\/wp\/v2\/media?parent=92358"}],"wp:term":[{"taxonomy":"product_brand","embeddable":true,"href":"https:\/\/aavesa.com\/hu\/wp-json\/wp\/v2\/product_brand?post=92358"},{"taxonomy":"product_cat","embeddable":true,"href":"https:\/\/aavesa.com\/hu\/wp-json\/wp\/v2\/product_cat?post=92358"},{"taxonomy":"product_tag","embeddable":true,"href":"https:\/\/aavesa.com\/hu\/wp-json\/wp\/v2\/product_tag?post=92358"}],"curies":[{"name":"wp","href":"https:\/\/api.w.org\/{rel}","templated":true}]}}