

{"id":92389,"date":"2024-07-26T16:30:44","date_gmt":"2024-07-26T16:30:44","guid":{"rendered":"https:\/\/new.aavesa.com\/produs\/hosszu-bordzseki-noknek-1027\/"},"modified":"2025-11-17T06:28:00","modified_gmt":"2025-11-17T06:28:00","slug":"hosszu-bordzseki-noknek-1027","status":"publish","type":"product","link":"https:\/\/aavesa.com\/hu\/product\/hosszu-bordzseki-noknek-1027\/","title":{"rendered":"Hossz\u00fa b\u0151rdzseki n\u0151knek 1027"},"content":{"rendered":"<p>Szuperdivatos b\u00e1r\u00e1nyb\u0151rb\u0151l k\u00e9sz\u00fclt ruhakab\u00e1t. Ellen\u00e1ll a szennyez\u0151d\u00e9seknek \u00e9s a nedvess\u00e9gnek. T\u00f6k\u00e9letes a hideg \u00e9vszakra, ez a <a href=\"https:\/\/aavesa.com\/hu\/nok\/borkabatok-es-borkabatok\/\">hossz\u00fa n\u0151i b\u0151rkab\u00e1t<\/a> nem hi\u00e1nyozhat a ruhat\u00e1r\u00e1b\u00f3l, ha k\u00e9nyelmet \u00e9s min\u0151s\u00e9get keres, de divatos is szeretne lenni. A z\u00e1r\u00e1s gombok \u00e9s egy zsin\u00f3r seg\u00edts\u00e9g\u00e9vel k\u00e9sz\u00fclt, amely arra hivatott, hogy sz\u00e9pen kiemelje a derek\u00e1t. A term\u00e9szetes b\u00e1r\u00e1nyb\u0151rb\u0151l k\u00e9sz\u00fclt kab\u00e1t n\u00e9gy zsebbel rendelkezik, \u00e9s fekete sz\u00ednben kaphat\u00f3. A hossza 100 cm.     <\/p>\n","protected":false},"excerpt":{"rendered":"<p>Szuperdivatos b\u00e1r\u00e1nyb\u0151rb\u0151l k\u00e9sz\u00fclt ruhakab\u00e1t. Ellen\u00e1ll a szennyez\u0151d\u00e9seknek \u00e9s a nedvess\u00e9gnek. T\u00f6k\u00e9letes a hideg \u00e9vszakra, ez a hossz\u00fa n\u0151i b\u0151rkab\u00e1t nem hi\u00e1nyozhat a ruhat\u00e1r\u00e1b\u00f3l, ha k\u00e9nyelmet \u00e9s min\u0151s\u00e9get keres, de divatos is szeretne lenni. A z\u00e1r\u00e1s gombok \u00e9s egy zsin\u00f3r seg\u00edts\u00e9g\u00e9vel k\u00e9sz\u00fclt, amely arra hivatott, hogy sz\u00e9pen kiemelje a derek\u00e1t. A term\u00e9szetes b\u00e1r\u00e1nyb\u0151rb\u0151l k\u00e9sz\u00fclt kab\u00e1t n\u00e9gy [&hellip;]<\/p>\n","protected":false},"featured_media":92390,"comment_status":"closed","ping_status":"closed","template":"","meta":{"_acf_changed":false,"om_disable_all_campaigns":false,"inline_featured_image":false,"_monsterinsights_skip_tracking":false,"_monsterinsights_sitenote_active":false,"_monsterinsights_sitenote_note":"","_monsterinsights_sitenote_category":0},"product_brand":[],"product_cat":[848,883,741,916],"product_tag":[],"class_list":{"0":"post-92389","1":"product","2":"type-product","3":"status-publish","4":"has-post-thumbnail","6":"product_cat-2021-2022-es-kollekcio","7":"product_cat-borkabatok-es-borkabatok","8":"product_cat-nok","9":"product_cat-valodi-bor-termekek-tavaszra-es-oszre-kabatok-nadragok-kabatok-szoknyak-es-loveszkabatok-kabatok-nadragok-kabatok-szoknyak-es-loveszkabatok","11":"first","12":"instock","13":"taxable","14":"shipping-taxable","15":"purchasable","16":"product-type-variable","17":"has-default-attributes","18":"wvs-archive-product-wrapper"},"acf":{"categorie_feed":""},"aioseo_notices":[],"_links":{"self":[{"href":"https:\/\/aavesa.com\/hu\/wp-json\/wp\/v2\/product\/92389","targetHints":{"allow":["GET"]}}],"collection":[{"href":"https:\/\/aavesa.com\/hu\/wp-json\/wp\/v2\/product"}],"about":[{"href":"https:\/\/aavesa.com\/hu\/wp-json\/wp\/v2\/types\/product"}],"replies":[{"embeddable":true,"href":"https:\/\/aavesa.com\/hu\/wp-json\/wp\/v2\/comments?post=92389"}],"wp:featuredmedia":[{"embeddable":true,"href":"https:\/\/aavesa.com\/hu\/wp-json\/wp\/v2\/media\/92390"}],"wp:attachment":[{"href":"https:\/\/aavesa.com\/hu\/wp-json\/wp\/v2\/media?parent=92389"}],"wp:term":[{"taxonomy":"product_brand","embeddable":true,"href":"https:\/\/aavesa.com\/hu\/wp-json\/wp\/v2\/product_brand?post=92389"},{"taxonomy":"product_cat","embeddable":true,"href":"https:\/\/aavesa.com\/hu\/wp-json\/wp\/v2\/product_cat?post=92389"},{"taxonomy":"product_tag","embeddable":true,"href":"https:\/\/aavesa.com\/hu\/wp-json\/wp\/v2\/product_tag?post=92389"}],"curies":[{"name":"wp","href":"https:\/\/api.w.org\/{rel}","templated":true}]}}