

{"id":92409,"date":"2024-07-26T16:26:55","date_gmt":"2024-07-26T16:26:55","guid":{"rendered":"https:\/\/new.aavesa.com\/produs\/baranybor-baszk-525\/"},"modified":"2025-11-17T06:29:02","modified_gmt":"2025-11-17T06:29:02","slug":"baranybor-baszk-525","status":"publish","type":"product","link":"https:\/\/aavesa.com\/hu\/product\/baranybor-baszk-525\/","title":{"rendered":"B\u00e1r\u00e1nyb\u0151r baszk 525"},"content":{"rendered":"<p>Meleg kieg\u00e9sz\u00edt\u0151, ez a n\u0151i term\u00e9szetes sz\u0151rme baszk nagyon sikeres v\u00e1s\u00e1rl\u00e1s a hideg napokon, p\u00e9ld\u00e1ul \u0151sszel vagy t\u00e9len. A b\u00e1r\u00e1nyb\u0151r nagyon kellemes anyag, ide\u00e1lis az optim\u00e1lis fejh\u0151m\u00e9rs\u00e9klet fenntart\u00e1s\u00e1hoz , a k\u00fcls\u0151 fagyra leg\u00e9rz\u00e9kenyebb. Ez a sz\u0151rmebaszk modern \u00e9s n\u0151ies, a modellnek van egy kis k\u00f6nnyeds\u00e9ge, amely st\u00edlust ad b\u00e1rmilyen ruh\u00e1nak, legyen az alkalmi vagy eleg\u00e1ns. V\u00e1lasszon egy term\u00e9szetes sz\u0151rme baszk\u00e1t, ha a hideg \u00e9vszakot egy eleg\u00e1ns kieg\u00e9sz\u00edt\u0151vel szeretn\u00e9 \u00fcdv\u00f6z\u00f6lni, de nagyon praktikus \u00e9s k\u00e9nyelmes is, vagy ha k\u00fcl\u00f6nleges aj\u00e1nd\u00e9kot szeretne adni egy szerett\u00e9nek.   <\/p>\n","protected":false},"excerpt":{"rendered":"<p>Meleg kieg\u00e9sz\u00edt\u0151, ez a n\u0151i term\u00e9szetes sz\u0151rme baszk nagyon sikeres v\u00e1s\u00e1rl\u00e1s a hideg napokon, p\u00e9ld\u00e1ul \u0151sszel vagy t\u00e9len. A b\u00e1r\u00e1nyb\u0151r nagyon kellemes anyag, ide\u00e1lis az optim\u00e1lis fejh\u0151m\u00e9rs\u00e9klet fenntart\u00e1s\u00e1hoz , a k\u00fcls\u0151 fagyra leg\u00e9rz\u00e9kenyebb. Ez a sz\u0151rmebaszk modern \u00e9s n\u0151ies, a modellnek van egy kis k\u00f6nnyeds\u00e9ge, amely st\u00edlust ad b\u00e1rmilyen ruh\u00e1nak, legyen az alkalmi vagy eleg\u00e1ns. [&hellip;]<\/p>\n","protected":false},"featured_media":92410,"comment_status":"closed","ping_status":"closed","template":"","meta":{"_acf_changed":false,"om_disable_all_campaigns":false,"inline_featured_image":false,"_monsterinsights_skip_tracking":false,"_monsterinsights_sitenote_active":false,"_monsterinsights_sitenote_note":"","_monsterinsights_sitenote_category":0},"product_brand":[],"product_cat":[851,750,741,737],"product_tag":[],"class_list":{"0":"post-92409","1":"product","2":"type-product","3":"status-publish","4":"has-post-thumbnail","6":"product_cat-2020-2021-kollekcio","7":"product_cat-bundas-kalapok-shearling-kalapok-noknek","8":"product_cat-nok","9":"product_cat-teli-sapkak","11":"first","12":"instock","13":"taxable","14":"shipping-taxable","15":"purchasable","16":"product-type-variable","17":"has-default-attributes","18":"wvs-archive-product-wrapper"},"acf":{"categorie_feed":""},"aioseo_notices":[],"_links":{"self":[{"href":"https:\/\/aavesa.com\/hu\/wp-json\/wp\/v2\/product\/92409","targetHints":{"allow":["GET"]}}],"collection":[{"href":"https:\/\/aavesa.com\/hu\/wp-json\/wp\/v2\/product"}],"about":[{"href":"https:\/\/aavesa.com\/hu\/wp-json\/wp\/v2\/types\/product"}],"replies":[{"embeddable":true,"href":"https:\/\/aavesa.com\/hu\/wp-json\/wp\/v2\/comments?post=92409"}],"wp:featuredmedia":[{"embeddable":true,"href":"https:\/\/aavesa.com\/hu\/wp-json\/wp\/v2\/media\/92410"}],"wp:attachment":[{"href":"https:\/\/aavesa.com\/hu\/wp-json\/wp\/v2\/media?parent=92409"}],"wp:term":[{"taxonomy":"product_brand","embeddable":true,"href":"https:\/\/aavesa.com\/hu\/wp-json\/wp\/v2\/product_brand?post=92409"},{"taxonomy":"product_cat","embeddable":true,"href":"https:\/\/aavesa.com\/hu\/wp-json\/wp\/v2\/product_cat?post=92409"},{"taxonomy":"product_tag","embeddable":true,"href":"https:\/\/aavesa.com\/hu\/wp-json\/wp\/v2\/product_tag?post=92409"}],"curies":[{"name":"wp","href":"https:\/\/api.w.org\/{rel}","templated":true}]}}