

{"id":92424,"date":"2024-07-26T16:26:55","date_gmt":"2024-07-26T16:26:55","guid":{"rendered":"https:\/\/new.aavesa.com\/produs\/baranybor-sapka-524\/"},"modified":"2025-11-17T06:29:03","modified_gmt":"2025-11-17T06:29:03","slug":"baranybor-sapka-524","status":"publish","type":"product","link":"https:\/\/aavesa.com\/hu\/product\/baranybor-sapka-524\/","title":{"rendered":"B\u00e1r\u00e1nyb\u0151r sapka 524"},"content":{"rendered":"<p>A n\u0151i term\u00e9szetes b\u00e1r\u00e1nyb\u0151r sapka az a kieg\u00e9sz\u00edt\u0151, amely a hideg napokat sokkal k\u00f6nnyebben elviselhet\u0151v\u00e9 teszi. A b\u00e1r\u00e1nyb\u0151r puha \u00e9s kellemes text\u00far\u00e1j\u00fa, \u00e9s nagyon j\u00f3 a fej \u00e9s a f\u00fclek optim\u00e1lis h\u0151megtart\u00e1s\u00e1ra is. A sapka belseje b\u00e9lelt a m\u00e9g nagyobb k\u00e9nyelem \u00e9rdek\u00e9ben. Ez a n\u0151i sapka modern \u00e9s eleg\u00e1ns modell, amely sz\u00e1mos \u00f6lt\u00f6z\u00e9khez ide\u00e1lis, legyen az alkalmi, irodai vagy eleg\u00e1ns. V\u00e1lassza ezt a kieg\u00e9sz\u00edt\u0151t a gondtalan t\u00e9lhez, amelyben k\u00f6nny\u0171nek \u00e9s k\u00e9nyelmesnek \u00e9rzi mag\u00e1t.    <\/p>\n","protected":false},"excerpt":{"rendered":"<p>A n\u0151i term\u00e9szetes b\u00e1r\u00e1nyb\u0151r sapka az a kieg\u00e9sz\u00edt\u0151, amely a hideg napokat sokkal k\u00f6nnyebben elviselhet\u0151v\u00e9 teszi. A b\u00e1r\u00e1nyb\u0151r puha \u00e9s kellemes text\u00far\u00e1j\u00fa, \u00e9s nagyon j\u00f3 a fej \u00e9s a f\u00fclek optim\u00e1lis h\u0151megtart\u00e1s\u00e1ra is. A sapka belseje b\u00e9lelt a m\u00e9g nagyobb k\u00e9nyelem \u00e9rdek\u00e9ben. Ez a n\u0151i sapka modern \u00e9s eleg\u00e1ns modell, amely sz\u00e1mos \u00f6lt\u00f6z\u00e9khez ide\u00e1lis, legyen [&hellip;]<\/p>\n","protected":false},"featured_media":92425,"comment_status":"closed","ping_status":"closed","template":"","meta":{"_acf_changed":false,"om_disable_all_campaigns":false,"inline_featured_image":false,"_monsterinsights_skip_tracking":false,"_monsterinsights_sitenote_active":false,"_monsterinsights_sitenote_note":"","_monsterinsights_sitenote_category":0},"product_brand":[],"product_cat":[851,750,741,737],"product_tag":[],"class_list":{"0":"post-92424","1":"product","2":"type-product","3":"status-publish","4":"has-post-thumbnail","6":"product_cat-2020-2021-kollekcio","7":"product_cat-bundas-kalapok-shearling-kalapok-noknek","8":"product_cat-nok","9":"product_cat-teli-sapkak","11":"first","12":"instock","13":"taxable","14":"shipping-taxable","15":"purchasable","16":"product-type-variable","17":"has-default-attributes","18":"wvs-archive-product-wrapper"},"acf":{"categorie_feed":""},"aioseo_notices":[],"_links":{"self":[{"href":"https:\/\/aavesa.com\/hu\/wp-json\/wp\/v2\/product\/92424","targetHints":{"allow":["GET"]}}],"collection":[{"href":"https:\/\/aavesa.com\/hu\/wp-json\/wp\/v2\/product"}],"about":[{"href":"https:\/\/aavesa.com\/hu\/wp-json\/wp\/v2\/types\/product"}],"replies":[{"embeddable":true,"href":"https:\/\/aavesa.com\/hu\/wp-json\/wp\/v2\/comments?post=92424"}],"wp:featuredmedia":[{"embeddable":true,"href":"https:\/\/aavesa.com\/hu\/wp-json\/wp\/v2\/media\/92425"}],"wp:attachment":[{"href":"https:\/\/aavesa.com\/hu\/wp-json\/wp\/v2\/media?parent=92424"}],"wp:term":[{"taxonomy":"product_brand","embeddable":true,"href":"https:\/\/aavesa.com\/hu\/wp-json\/wp\/v2\/product_brand?post=92424"},{"taxonomy":"product_cat","embeddable":true,"href":"https:\/\/aavesa.com\/hu\/wp-json\/wp\/v2\/product_cat?post=92424"},{"taxonomy":"product_tag","embeddable":true,"href":"https:\/\/aavesa.com\/hu\/wp-json\/wp\/v2\/product_tag?post=92424"}],"curies":[{"name":"wp","href":"https:\/\/api.w.org\/{rel}","templated":true}]}}