

{"id":92440,"date":"2024-07-26T16:30:21","date_gmt":"2024-07-26T16:30:21","guid":{"rendered":"https:\/\/new.aavesa.com\/produs\/bordzseki-1026\/"},"modified":"2025-11-17T06:28:01","modified_gmt":"2025-11-17T06:28:01","slug":"bordzseki-1026","status":"publish","type":"product","link":"https:\/\/aavesa.com\/hu\/product\/bordzseki-1026\/","title":{"rendered":"B\u0151rdzseki 1026"},"content":{"rendered":"<p>A b\u00e1r\u00e1nyb\u0151r kab\u00e1t n\u00e9lk\u00fcl\u00f6zhetetlen egy n\u0151 ruhat\u00e1r\u00e1b\u00f3l, a b\u00e1r\u00e1nyb\u0151r kab\u00e1t sokoldal\u00fa alkot\u00e1s, amely mindenf\u00e9le \u00f6lt\u00f6z\u00e9kbe sikeresen beilleszthet\u0151. Mivel ez a b\u00e1r\u00e1nyb\u0151r dzseki k\u00f6nnyen \u00f6sszeilleszthet\u0151, alkalmas a modern \u00e9s laza megjelen\u00e9shez, ak\u00e1r az irod\u00e1ban, ak\u00e1r a v\u00e1rosban a l\u00e1nyokkal, a term\u00e9szetes b\u0151rdzseki klasszikus darab, mindig divatos. Ez a ruhadarab cipz\u00e1rral \u00e9s n\u00e9gy zsebbel rendelkezik. A kapcsos z\u00e1r\u00f3d\u00e1s kieg\u00e9sz\u00edti a kab\u00e1t modern vonalvezet\u00e9s\u00e9t \u00e9s v\u00e9delmet ny\u00fajt. A b\u00e1r\u00e1nyb\u0151rb\u0151l k\u00e9sz\u00fclt b\u0151rdzseki el\u00e9rhet\u0151 \u00e1rnyalatai a fekete \u00e9s a piros. A kab\u00e1t hossza 55 cm.     <\/p>\n","protected":false},"excerpt":{"rendered":"<p>A b\u00e1r\u00e1nyb\u0151r kab\u00e1t n\u00e9lk\u00fcl\u00f6zhetetlen egy n\u0151 ruhat\u00e1r\u00e1b\u00f3l, a b\u00e1r\u00e1nyb\u0151r kab\u00e1t sokoldal\u00fa alkot\u00e1s, amely mindenf\u00e9le \u00f6lt\u00f6z\u00e9kbe sikeresen beilleszthet\u0151. Mivel ez a b\u00e1r\u00e1nyb\u0151r dzseki k\u00f6nnyen \u00f6sszeilleszthet\u0151, alkalmas a modern \u00e9s laza megjelen\u00e9shez, ak\u00e1r az irod\u00e1ban, ak\u00e1r a v\u00e1rosban a l\u00e1nyokkal, a term\u00e9szetes b\u0151rdzseki klasszikus darab, mindig divatos. Ez a ruhadarab cipz\u00e1rral \u00e9s n\u00e9gy zsebbel rendelkezik. A kapcsos [&hellip;]<\/p>\n","protected":false},"featured_media":92441,"comment_status":"closed","ping_status":"closed","template":"","meta":{"_acf_changed":false,"om_disable_all_campaigns":false,"inline_featured_image":false,"_monsterinsights_skip_tracking":false,"_monsterinsights_sitenote_active":false,"_monsterinsights_sitenote_note":"","_monsterinsights_sitenote_category":0},"product_brand":[],"product_cat":[848,767,741,916],"product_tag":[],"class_list":{"0":"post-92440","1":"product","2":"type-product","3":"status-publish","4":"has-post-thumbnail","6":"product_cat-2021-2022-es-kollekcio","7":"product_cat-borkabatok-noknek","8":"product_cat-nok","9":"product_cat-valodi-bor-termekek-tavaszra-es-oszre-kabatok-nadragok-kabatok-szoknyak-es-loveszkabatok-kabatok-nadragok-kabatok-szoknyak-es-loveszkabatok","11":"first","12":"instock","13":"taxable","14":"shipping-taxable","15":"purchasable","16":"product-type-variable","17":"has-default-attributes","18":"wvs-archive-product-wrapper"},"acf":{"categorie_feed":""},"aioseo_notices":[],"_links":{"self":[{"href":"https:\/\/aavesa.com\/hu\/wp-json\/wp\/v2\/product\/92440","targetHints":{"allow":["GET"]}}],"collection":[{"href":"https:\/\/aavesa.com\/hu\/wp-json\/wp\/v2\/product"}],"about":[{"href":"https:\/\/aavesa.com\/hu\/wp-json\/wp\/v2\/types\/product"}],"replies":[{"embeddable":true,"href":"https:\/\/aavesa.com\/hu\/wp-json\/wp\/v2\/comments?post=92440"}],"wp:featuredmedia":[{"embeddable":true,"href":"https:\/\/aavesa.com\/hu\/wp-json\/wp\/v2\/media\/92441"}],"wp:attachment":[{"href":"https:\/\/aavesa.com\/hu\/wp-json\/wp\/v2\/media?parent=92440"}],"wp:term":[{"taxonomy":"product_brand","embeddable":true,"href":"https:\/\/aavesa.com\/hu\/wp-json\/wp\/v2\/product_brand?post=92440"},{"taxonomy":"product_cat","embeddable":true,"href":"https:\/\/aavesa.com\/hu\/wp-json\/wp\/v2\/product_cat?post=92440"},{"taxonomy":"product_tag","embeddable":true,"href":"https:\/\/aavesa.com\/hu\/wp-json\/wp\/v2\/product_tag?post=92440"}],"curies":[{"name":"wp","href":"https:\/\/api.w.org\/{rel}","templated":true}]}}