

{"id":92455,"date":"2024-07-26T16:26:55","date_gmt":"2024-07-26T16:26:55","guid":{"rendered":"https:\/\/new.aavesa.com\/produs\/szarvasmarha-bor-ov-c014\/"},"modified":"2025-11-17T06:28:56","modified_gmt":"2025-11-17T06:28:56","slug":"szarvasmarha-bor-ov-c014","status":"publish","type":"product","link":"https:\/\/aavesa.com\/hu\/product\/szarvasmarha-bor-ov-c014\/","title":{"rendered":"Szarvasmarha b\u0151r \u00f6v C014"},"content":{"rendered":"<p>A term\u00e9szetes <a href=\"https:\/\/aavesa.com\/hu\/ferfiak\/borovek-ferfiaknak\/\">szarvasmarhab\u0151r \u00f6v<\/a> a legpraktikusabb kieg\u00e9sz\u00edt\u0151 a f\u00e9rfiak sz\u00e1m\u00e1ra, mindig kellemes megjelen\u00e9s\u0171 \u00e9s k\u00fcl\u00f6n\u00f6sen ellen\u00e1ll\u00f3 a sok kop\u00e1ssal szemben. Ez a szarvasmarhab\u0151r \u00f6v 34 mm sz\u00e9les \u00e9s kellemes \u00e1rnyalat\u00fa, \u00edgy ide\u00e1lis a laza vagy eleg\u00e1ns \u00f6lt\u00f6z\u00e9kekhez. A szarvasmarhab\u0151r el\u00e9g vastag ahhoz, hogy nagyon j\u00f3l b\u00edrja, ugyanakkor rugalmas is, \u00edgy k\u00e9nyelmesen \u00e9rezheti mag\u00e1t az \u00f6v visel\u00e9s\u00e9ben. V\u00e1lasszon egy praktikus \u00e9s sikeres kieg\u00e9sz\u00edt\u0151t ruhat\u00e1r\u00e1nak kieg\u00e9sz\u00edt\u00e9s\u00e9re, vagy aj\u00e1nd\u00e9kozzon egy szerett\u00e9nek egy olyan aj\u00e1nd\u00e9kot, amelyet \u00e9rt\u00e9kelni fog.   <\/p>\n","protected":false},"excerpt":{"rendered":"<p>A term\u00e9szetes szarvasmarhab\u0151r \u00f6v a legpraktikusabb kieg\u00e9sz\u00edt\u0151 a f\u00e9rfiak sz\u00e1m\u00e1ra, mindig kellemes megjelen\u00e9s\u0171 \u00e9s k\u00fcl\u00f6n\u00f6sen ellen\u00e1ll\u00f3 a sok kop\u00e1ssal szemben. Ez a szarvasmarhab\u0151r \u00f6v 34 mm sz\u00e9les \u00e9s kellemes \u00e1rnyalat\u00fa, \u00edgy ide\u00e1lis a laza vagy eleg\u00e1ns \u00f6lt\u00f6z\u00e9kekhez. A szarvasmarhab\u0151r el\u00e9g vastag ahhoz, hogy nagyon j\u00f3l b\u00edrja, ugyanakkor rugalmas is, \u00edgy k\u00e9nyelmesen \u00e9rezheti mag\u00e1t az \u00f6v [&hellip;]<\/p>\n","protected":false},"featured_media":92456,"comment_status":"closed","ping_status":"closed","template":"","meta":{"_acf_changed":false,"om_disable_all_campaigns":false,"inline_featured_image":false,"_monsterinsights_skip_tracking":false,"_monsterinsights_sitenote_active":false,"_monsterinsights_sitenote_note":"","_monsterinsights_sitenote_category":0},"product_brand":[],"product_cat":[851,726,725],"product_tag":[],"class_list":{"0":"post-92455","1":"product","2":"type-product","3":"status-publish","4":"has-post-thumbnail","6":"product_cat-2020-2021-kollekcio","7":"product_cat-borovek-ferfiaknak","8":"product_cat-ferfiak","10":"first","11":"instock","12":"taxable","13":"shipping-taxable","14":"purchasable","15":"product-type-variable","16":"has-default-attributes","17":"wvs-archive-product-wrapper"},"acf":{"categorie_feed":""},"aioseo_notices":[],"_links":{"self":[{"href":"https:\/\/aavesa.com\/hu\/wp-json\/wp\/v2\/product\/92455","targetHints":{"allow":["GET"]}}],"collection":[{"href":"https:\/\/aavesa.com\/hu\/wp-json\/wp\/v2\/product"}],"about":[{"href":"https:\/\/aavesa.com\/hu\/wp-json\/wp\/v2\/types\/product"}],"replies":[{"embeddable":true,"href":"https:\/\/aavesa.com\/hu\/wp-json\/wp\/v2\/comments?post=92455"}],"wp:featuredmedia":[{"embeddable":true,"href":"https:\/\/aavesa.com\/hu\/wp-json\/wp\/v2\/media\/92456"}],"wp:attachment":[{"href":"https:\/\/aavesa.com\/hu\/wp-json\/wp\/v2\/media?parent=92455"}],"wp:term":[{"taxonomy":"product_brand","embeddable":true,"href":"https:\/\/aavesa.com\/hu\/wp-json\/wp\/v2\/product_brand?post=92455"},{"taxonomy":"product_cat","embeddable":true,"href":"https:\/\/aavesa.com\/hu\/wp-json\/wp\/v2\/product_cat?post=92455"},{"taxonomy":"product_tag","embeddable":true,"href":"https:\/\/aavesa.com\/hu\/wp-json\/wp\/v2\/product_tag?post=92455"}],"curies":[{"name":"wp","href":"https:\/\/api.w.org\/{rel}","templated":true}]}}