

{"id":92464,"date":"2024-07-26T16:26:55","date_gmt":"2024-07-26T16:26:55","guid":{"rendered":"https:\/\/new.aavesa.com\/produs\/szarvasmarha-bor-ov-c013\/"},"modified":"2025-11-17T06:28:56","modified_gmt":"2025-11-17T06:28:56","slug":"szarvasmarha-bor-ov-c013","status":"publish","type":"product","link":"https:\/\/aavesa.com\/hu\/product\/szarvasmarha-bor-ov-c013\/","title":{"rendered":"Szarvasmarha b\u0151r \u00f6v C013"},"content":{"rendered":"<p>Ez a f\u00e9rfi szarvasmarhab\u0151r \u00f6v klasszikus kieg\u00e9sz\u00edt\u0151, amely mindig hasznos lesz. Az \u00f6v 36 mm sz\u00e9les, f\u00e9rfias megjelen\u00e9s\u0171, amelyet a s\u00f6t\u00e9tbarna vagy fekete \u00e1rnyalatok adnak, a legmegfelel\u0151bb a k\u00fcl\u00f6nb\u00f6z\u0151 ruh\u00e1khoz val\u00f3 illeszked\u00e9shez. A term\u00e9szetes szarvasmarhab\u0151r nagyon tart\u00f3s anyag, ugyanakkor el\u00e9g rugalmas ahhoz, hogy a lehet\u0151 legk\u00e9nyelmesebb legyen. Sokoldal\u00fa, nagyon praktikus \u00e9s tart\u00f3s, ez a b\u0151r\u00f6v olyan darab lesz, amelyre hossz\u00fa ideig sz\u00e1m\u00edthat, \u00e9s amely ihletett aj\u00e1nd\u00e9k is lehet.   <\/p>\n","protected":false},"excerpt":{"rendered":"<p>Ez a f\u00e9rfi szarvasmarhab\u0151r \u00f6v klasszikus kieg\u00e9sz\u00edt\u0151, amely mindig hasznos lesz. Az \u00f6v 36 mm sz\u00e9les, f\u00e9rfias megjelen\u00e9s\u0171, amelyet a s\u00f6t\u00e9tbarna vagy fekete \u00e1rnyalatok adnak, a legmegfelel\u0151bb a k\u00fcl\u00f6nb\u00f6z\u0151 ruh\u00e1khoz val\u00f3 illeszked\u00e9shez. A term\u00e9szetes szarvasmarhab\u0151r nagyon tart\u00f3s anyag, ugyanakkor el\u00e9g rugalmas ahhoz, hogy a lehet\u0151 legk\u00e9nyelmesebb legyen. Sokoldal\u00fa, nagyon praktikus \u00e9s tart\u00f3s, ez a b\u0151r\u00f6v [&hellip;]<\/p>\n","protected":false},"featured_media":92465,"comment_status":"closed","ping_status":"closed","template":"","meta":{"_acf_changed":false,"om_disable_all_campaigns":false,"inline_featured_image":false,"_monsterinsights_skip_tracking":false,"_monsterinsights_sitenote_active":false,"_monsterinsights_sitenote_note":"","_monsterinsights_sitenote_category":0},"product_brand":[],"product_cat":[851,726,725],"product_tag":[],"class_list":{"0":"post-92464","1":"product","2":"type-product","3":"status-publish","4":"has-post-thumbnail","6":"product_cat-2020-2021-kollekcio","7":"product_cat-borovek-ferfiaknak","8":"product_cat-ferfiak","10":"first","11":"instock","12":"taxable","13":"shipping-taxable","14":"purchasable","15":"product-type-variable","16":"has-default-attributes","17":"wvs-archive-product-wrapper"},"acf":{"categorie_feed":""},"aioseo_notices":[],"_links":{"self":[{"href":"https:\/\/aavesa.com\/hu\/wp-json\/wp\/v2\/product\/92464","targetHints":{"allow":["GET"]}}],"collection":[{"href":"https:\/\/aavesa.com\/hu\/wp-json\/wp\/v2\/product"}],"about":[{"href":"https:\/\/aavesa.com\/hu\/wp-json\/wp\/v2\/types\/product"}],"replies":[{"embeddable":true,"href":"https:\/\/aavesa.com\/hu\/wp-json\/wp\/v2\/comments?post=92464"}],"wp:featuredmedia":[{"embeddable":true,"href":"https:\/\/aavesa.com\/hu\/wp-json\/wp\/v2\/media\/92465"}],"wp:attachment":[{"href":"https:\/\/aavesa.com\/hu\/wp-json\/wp\/v2\/media?parent=92464"}],"wp:term":[{"taxonomy":"product_brand","embeddable":true,"href":"https:\/\/aavesa.com\/hu\/wp-json\/wp\/v2\/product_brand?post=92464"},{"taxonomy":"product_cat","embeddable":true,"href":"https:\/\/aavesa.com\/hu\/wp-json\/wp\/v2\/product_cat?post=92464"},{"taxonomy":"product_tag","embeddable":true,"href":"https:\/\/aavesa.com\/hu\/wp-json\/wp\/v2\/product_tag?post=92464"}],"curies":[{"name":"wp","href":"https:\/\/api.w.org\/{rel}","templated":true}]}}