

{"id":92478,"date":"2024-07-26T16:30:21","date_gmt":"2024-07-26T18:30:21","guid":{"rendered":"https:\/\/new.aavesa.com\/produs\/bordzseki-1025\/"},"modified":"2025-11-17T06:28:02","modified_gmt":"2025-11-17T06:28:02","slug":"bordzseki-1025","status":"publish","type":"product","link":"https:\/\/aavesa.com\/hu\/product\/bordzseki-1025\/","title":{"rendered":"B\u0151rdzseki 1025"},"content":{"rendered":"<p>A nat\u00far b\u00e1r\u00e1nyb\u0151r kab\u00e1t praktikus v\u00e1laszt\u00e1s. Tart\u00f3s, nagyon sz\u00e9pen n\u00e9z ki. Ez az \u00faj modell kiemeli a derekat. A n\u0151i term\u00e9szetes b\u00e1r\u00e1nyb\u0151r dzseki k\u00f6nnyed\u00e9n viselhet\u0151 \u00e9s p\u00e1ros\u00edthat\u00f3 mind az irod\u00e1ban, mind a szabadid\u0151ben. A kab\u00e1t \u00e1tl\u00f3s cipz\u00e1rral z\u00e1r\u00f3dik, \u00e9s h\u00e1rom zsebbel rendelkezik, amelyek k\u00f6z\u00fcl kett\u0151 t\u0171z\u0151kapoccsal, egy pedig cipz\u00e1rral z\u00e1r\u00f3dik. Hossza 50 cm.     <\/p>\n","protected":false},"excerpt":{"rendered":"<p>A nat\u00far b\u00e1r\u00e1nyb\u0151r kab\u00e1t praktikus v\u00e1laszt\u00e1s. Tart\u00f3s, nagyon sz\u00e9pen n\u00e9z ki. Ez az \u00faj modell kiemeli a derekat. A n\u0151i term\u00e9szetes b\u00e1r\u00e1nyb\u0151r dzseki k\u00f6nnyed\u00e9n viselhet\u0151 \u00e9s p\u00e1ros\u00edthat\u00f3 mind az irod\u00e1ban, mind a szabadid\u0151ben. A kab\u00e1t \u00e1tl\u00f3s cipz\u00e1rral z\u00e1r\u00f3dik, \u00e9s h\u00e1rom zsebbel rendelkezik, amelyek k\u00f6z\u00fcl kett\u0151 t\u0171z\u0151kapoccsal, egy pedig cipz\u00e1rral z\u00e1r\u00f3dik. Hossza 50 cm.<\/p>\n","protected":false},"featured_media":92479,"comment_status":"closed","ping_status":"closed","template":"","meta":{"_acf_changed":false,"om_disable_all_campaigns":false,"inline_featured_image":false,"_monsterinsights_skip_tracking":false,"_monsterinsights_sitenote_active":false,"_monsterinsights_sitenote_note":"","_monsterinsights_sitenote_category":0},"product_brand":[],"product_cat":[848,767,741,916],"product_tag":[],"class_list":{"0":"post-92478","1":"product","2":"type-product","3":"status-publish","4":"has-post-thumbnail","6":"product_cat-2021-2022-es-kollekcio","7":"product_cat-borkabatok-noknek","8":"product_cat-nok","9":"product_cat-valodi-bor-termekek-tavaszra-es-oszre-kabatok-nadragok-kabatok-szoknyak-es-loveszkabatok-kabatok-nadragok-kabatok-szoknyak-es-loveszkabatok","11":"first","12":"instock","13":"taxable","14":"shipping-taxable","15":"purchasable","16":"product-type-variable","17":"has-default-attributes","18":"wvs-archive-product-wrapper"},"acf":{"categorie_feed":""},"aioseo_notices":[],"_links":{"self":[{"href":"https:\/\/aavesa.com\/hu\/wp-json\/wp\/v2\/product\/92478","targetHints":{"allow":["GET"]}}],"collection":[{"href":"https:\/\/aavesa.com\/hu\/wp-json\/wp\/v2\/product"}],"about":[{"href":"https:\/\/aavesa.com\/hu\/wp-json\/wp\/v2\/types\/product"}],"replies":[{"embeddable":true,"href":"https:\/\/aavesa.com\/hu\/wp-json\/wp\/v2\/comments?post=92478"}],"wp:featuredmedia":[{"embeddable":true,"href":"https:\/\/aavesa.com\/hu\/wp-json\/wp\/v2\/media\/92479"}],"wp:attachment":[{"href":"https:\/\/aavesa.com\/hu\/wp-json\/wp\/v2\/media?parent=92478"}],"wp:term":[{"taxonomy":"product_brand","embeddable":true,"href":"https:\/\/aavesa.com\/hu\/wp-json\/wp\/v2\/product_brand?post=92478"},{"taxonomy":"product_cat","embeddable":true,"href":"https:\/\/aavesa.com\/hu\/wp-json\/wp\/v2\/product_cat?post=92478"},{"taxonomy":"product_tag","embeddable":true,"href":"https:\/\/aavesa.com\/hu\/wp-json\/wp\/v2\/product_tag?post=92478"}],"curies":[{"name":"wp","href":"https:\/\/api.w.org\/{rel}","templated":true}]}}