

{"id":92483,"date":"2024-07-26T16:26:55","date_gmt":"2024-07-26T16:26:55","guid":{"rendered":"https:\/\/new.aavesa.com\/produs\/parnazott-baranybor-kesztyu-m206\/"},"modified":"2025-11-17T06:28:55","modified_gmt":"2025-11-17T06:28:55","slug":"parnazott-baranybor-kesztyu-m206","status":"publish","type":"product","link":"https:\/\/aavesa.com\/hu\/product\/parnazott-baranybor-kesztyu-m206\/","title":{"rendered":"P\u00e1rn\u00e1zott b\u00e1r\u00e1nyb\u0151r keszty\u0171 M206"},"content":{"rendered":"<p>Ezek a term\u00e9szetes b\u0151rb\u0151l k\u00e9sz\u00fclt f\u00e9rfi keszty\u0171k ellen\u00e1llhatatlan tartoz\u00e9kot jelentenek minden olyan f\u00e9rfi sz\u00e1m\u00e1ra, aki eleganci\u00e1t, k\u00e9nyelmet \u00e9s meleget szeretne a kez\u00e9nek, amely a fagyos \u0151szi vagy t\u00e9li napokon olyan \u00e9rz\u00e9keny. A keszty\u0171 juhb\u0151r-nappa b\u0151rb\u0151l k\u00e9sz\u00fclt \u00e9s b\u00e9lelt, ami fokozott v\u00e9delmet ny\u00fajt a k\u00e9znek. A k\u00e9t term\u00e9szetes \u00e1rnyalat nagyon j\u00f3l kieg\u00e9sz\u00edti egym\u00e1st, \u00e9s egy kis st\u00edlust k\u00f6lcs\u00f6n\u00f6z ennek a p\u00e1r b\u00e9lelt b\u00e1r\u00e1nyb\u0151r keszty\u0171nek, \u00edgy k\u00f6nnyen illeszkedik a k\u00fcl\u00f6nb\u00f6z\u0151 h\u00e9tk\u00f6znapi, irodai vagy eleg\u00e1nsabb \u00f6lt\u00f6z\u00e9kekhez. V\u00e1lasszon egy min\u0151s\u00e9gi, term\u00e9szetes b\u0151rb\u0151l k\u00e9sz\u00fclt kieg\u00e9sz\u00edt\u0151t, amelyet hossz\u00fa ideig \u00e9lvezhet.   <\/p>\n","protected":false},"excerpt":{"rendered":"<p>Ezek a term\u00e9szetes b\u0151rb\u0151l k\u00e9sz\u00fclt f\u00e9rfi keszty\u0171k ellen\u00e1llhatatlan tartoz\u00e9kot jelentenek minden olyan f\u00e9rfi sz\u00e1m\u00e1ra, aki eleganci\u00e1t, k\u00e9nyelmet \u00e9s meleget szeretne a kez\u00e9nek, amely a fagyos \u0151szi vagy t\u00e9li napokon olyan \u00e9rz\u00e9keny. A keszty\u0171 juhb\u0151r-nappa b\u0151rb\u0151l k\u00e9sz\u00fclt \u00e9s b\u00e9lelt, ami fokozott v\u00e9delmet ny\u00fajt a k\u00e9znek. A k\u00e9t term\u00e9szetes \u00e1rnyalat nagyon j\u00f3l kieg\u00e9sz\u00edti egym\u00e1st, \u00e9s egy kis [&hellip;]<\/p>\n","protected":false},"featured_media":92484,"comment_status":"closed","ping_status":"closed","template":"","meta":{"_acf_changed":false,"om_disable_all_campaigns":false,"inline_featured_image":false,"_monsterinsights_skip_tracking":false,"_monsterinsights_sitenote_active":false,"_monsterinsights_sitenote_note":"","_monsterinsights_sitenote_category":0},"product_brand":[],"product_cat":[851,742,828,725],"product_tag":[],"class_list":{"0":"post-92483","1":"product","2":"type-product","3":"status-publish","4":"has-post-thumbnail","6":"product_cat-2020-2021-kollekcio","7":"product_cat-bor-kesztyu","8":"product_cat-borkesztyuk-ferfiaknak","9":"product_cat-ferfiak","11":"first","12":"instock","13":"taxable","14":"shipping-taxable","15":"purchasable","16":"product-type-variable","17":"has-default-attributes","18":"wvs-archive-product-wrapper"},"acf":{"categorie_feed":""},"aioseo_notices":[],"_links":{"self":[{"href":"https:\/\/aavesa.com\/hu\/wp-json\/wp\/v2\/product\/92483","targetHints":{"allow":["GET"]}}],"collection":[{"href":"https:\/\/aavesa.com\/hu\/wp-json\/wp\/v2\/product"}],"about":[{"href":"https:\/\/aavesa.com\/hu\/wp-json\/wp\/v2\/types\/product"}],"replies":[{"embeddable":true,"href":"https:\/\/aavesa.com\/hu\/wp-json\/wp\/v2\/comments?post=92483"}],"wp:featuredmedia":[{"embeddable":true,"href":"https:\/\/aavesa.com\/hu\/wp-json\/wp\/v2\/media\/92484"}],"wp:attachment":[{"href":"https:\/\/aavesa.com\/hu\/wp-json\/wp\/v2\/media?parent=92483"}],"wp:term":[{"taxonomy":"product_brand","embeddable":true,"href":"https:\/\/aavesa.com\/hu\/wp-json\/wp\/v2\/product_brand?post=92483"},{"taxonomy":"product_cat","embeddable":true,"href":"https:\/\/aavesa.com\/hu\/wp-json\/wp\/v2\/product_cat?post=92483"},{"taxonomy":"product_tag","embeddable":true,"href":"https:\/\/aavesa.com\/hu\/wp-json\/wp\/v2\/product_tag?post=92483"}],"curies":[{"name":"wp","href":"https:\/\/api.w.org\/{rel}","templated":true}]}}