

{"id":92506,"date":"2024-07-26T16:30:21","date_gmt":"2024-07-26T18:30:21","guid":{"rendered":"https:\/\/new.aavesa.com\/produs\/rovid-bordzseki-1024\/"},"modified":"2025-11-17T06:27:58","modified_gmt":"2025-11-17T06:27:58","slug":"rovid-bordzseki-1024","status":"publish","type":"product","link":"https:\/\/aavesa.com\/hu\/product\/rovid-bordzseki-1024\/","title":{"rendered":"R\u00f6vid b\u0151rdzseki 1024"},"content":{"rendered":"<p>A term\u00e9szetes b\u00e1r\u00e1nyb\u0151r kab\u00e1t kellemes megjelen\u00e9s\u0171, k\u00e9nyelmes \u00e9s nagyon tart\u00f3s. K\u00f6nnyen \u00f6sszeilleszthet\u0151, ez a ruhadarab alkalmas a hideg \u0151szi \u00e9s kora t\u00e9li napokra. Az egyedi kialak\u00edt\u00e1s\u00fa b\u00e1r\u00e1nyb\u0151r dzseki h\u00e1rom zsebbel, alul elasztikus r\u00e9szekkel &#8211; amelyek gy\u00f6ny\u00f6r\u0171en kiemelik a tulajdonos derek\u00e1t &#8211; \u00e9s rugalmas mandzsett\u00e1kkal rendelkezik. A z\u00e1r\u00e1s cipz\u00e1rral t\u00f6rt\u00e9nik, \u00e9s ennek a ruhakre\u00e1ci\u00f3nak a belseje b\u00e9lelt, \u00edgy minden sz\u00fcks\u00e9ges h\u0151komfortot biztos\u00edt. Ez a term\u00e9szetes b\u00e1r\u00e1nyb\u0151rb\u0151l k\u00e9sz\u00fclt kab\u00e1t barna sz\u00ednben kaphat\u00f3. Hossza 50 cm.     <\/p>\n","protected":false},"excerpt":{"rendered":"<p>A term\u00e9szetes b\u00e1r\u00e1nyb\u0151r kab\u00e1t kellemes megjelen\u00e9s\u0171, k\u00e9nyelmes \u00e9s nagyon tart\u00f3s. K\u00f6nnyen \u00f6sszeilleszthet\u0151, ez a ruhadarab alkalmas a hideg \u0151szi \u00e9s kora t\u00e9li napokra. Az egyedi kialak\u00edt\u00e1s\u00fa b\u00e1r\u00e1nyb\u0151r dzseki h\u00e1rom zsebbel, alul elasztikus r\u00e9szekkel &#8211; amelyek gy\u00f6ny\u00f6r\u0171en kiemelik a tulajdonos derek\u00e1t &#8211; \u00e9s rugalmas mandzsett\u00e1kkal rendelkezik. A z\u00e1r\u00e1s cipz\u00e1rral t\u00f6rt\u00e9nik, \u00e9s ennek a ruhakre\u00e1ci\u00f3nak a belseje [&hellip;]<\/p>\n","protected":false},"featured_media":92507,"comment_status":"closed","ping_status":"closed","template":"","meta":{"_acf_changed":false,"om_disable_all_campaigns":false,"inline_featured_image":false,"_monsterinsights_skip_tracking":false,"_monsterinsights_sitenote_active":false,"_monsterinsights_sitenote_note":"","_monsterinsights_sitenote_category":0},"product_brand":[],"product_cat":[848,767,741,916],"product_tag":[],"class_list":{"0":"post-92506","1":"product","2":"type-product","3":"status-publish","4":"has-post-thumbnail","6":"product_cat-2021-2022-es-kollekcio","7":"product_cat-borkabatok-noknek","8":"product_cat-nok","9":"product_cat-valodi-bor-termekek-tavaszra-es-oszre-kabatok-nadragok-kabatok-szoknyak-es-loveszkabatok-kabatok-nadragok-kabatok-szoknyak-es-loveszkabatok","11":"first","12":"instock","13":"taxable","14":"shipping-taxable","15":"purchasable","16":"product-type-variable","17":"has-default-attributes","18":"wvs-archive-product-wrapper"},"acf":{"categorie_feed":""},"aioseo_notices":[],"_links":{"self":[{"href":"https:\/\/aavesa.com\/hu\/wp-json\/wp\/v2\/product\/92506","targetHints":{"allow":["GET"]}}],"collection":[{"href":"https:\/\/aavesa.com\/hu\/wp-json\/wp\/v2\/product"}],"about":[{"href":"https:\/\/aavesa.com\/hu\/wp-json\/wp\/v2\/types\/product"}],"replies":[{"embeddable":true,"href":"https:\/\/aavesa.com\/hu\/wp-json\/wp\/v2\/comments?post=92506"}],"wp:featuredmedia":[{"embeddable":true,"href":"https:\/\/aavesa.com\/hu\/wp-json\/wp\/v2\/media\/92507"}],"wp:attachment":[{"href":"https:\/\/aavesa.com\/hu\/wp-json\/wp\/v2\/media?parent=92506"}],"wp:term":[{"taxonomy":"product_brand","embeddable":true,"href":"https:\/\/aavesa.com\/hu\/wp-json\/wp\/v2\/product_brand?post=92506"},{"taxonomy":"product_cat","embeddable":true,"href":"https:\/\/aavesa.com\/hu\/wp-json\/wp\/v2\/product_cat?post=92506"},{"taxonomy":"product_tag","embeddable":true,"href":"https:\/\/aavesa.com\/hu\/wp-json\/wp\/v2\/product_tag?post=92506"}],"curies":[{"name":"wp","href":"https:\/\/api.w.org\/{rel}","templated":true}]}}