

{"id":92511,"date":"2024-07-26T16:27:19","date_gmt":"2024-07-26T16:27:19","guid":{"rendered":"https:\/\/new.aavesa.com\/produs\/belelt-borkesztyu-m109\/"},"modified":"2025-11-17T06:28:56","modified_gmt":"2025-11-17T06:28:56","slug":"belelt-borkesztyu-m109","status":"publish","type":"product","link":"https:\/\/aavesa.com\/hu\/product\/belelt-borkesztyu-m109\/","title":{"rendered":"B\u00e9lelt b\u0151rkeszty\u0171 M109"},"content":{"rendered":"<p>A term\u00e9szetes b\u0151rb\u0151l k\u00e9sz\u00fclt n\u0151i keszty\u0171 olyan kieg\u00e9sz\u00edt\u0151, amely nem hi\u00e1nyozhat a szekr\u00e9ny\u00e9b\u0151l a hideg \u0151szi \u00e9s t\u00e9li szezonban. Ez a p\u00e1r nappab\u0151rb\u0151l k\u00e9sz\u00fclt keszty\u0171 modern \u00e9s k\u00e9nyelmes, \u00e9s mindig biztos\u00edtja a sz\u00fcks\u00e9ges meleget. A modell klasszikus \u00e9s k\u00f6nny\u0171, alkalmi, irodai vagy eleg\u00e1ns \u00f6lt\u00f6z\u00e9khez is alkalmas. Ezek a n\u0151i keszty\u0171k nagyszer\u0171 v\u00e1laszt\u00e1s, ha st\u00edlusos \u0151szt \u00e9s telet szeretne elt\u00f6lteni an\u00e9lk\u00fcl, hogy a hideg miatt agg\u00f3dna, vagy ha sikeres aj\u00e1nd\u00e9kot szeretne k\u00e9sz\u00edteni egy szerett\u00e9nek.   <\/p>\n","protected":false},"excerpt":{"rendered":"<p>A term\u00e9szetes b\u0151rb\u0151l k\u00e9sz\u00fclt n\u0151i keszty\u0171 olyan kieg\u00e9sz\u00edt\u0151, amely nem hi\u00e1nyozhat a szekr\u00e9ny\u00e9b\u0151l a hideg \u0151szi \u00e9s t\u00e9li szezonban. Ez a p\u00e1r nappab\u0151rb\u0151l k\u00e9sz\u00fclt keszty\u0171 modern \u00e9s k\u00e9nyelmes, \u00e9s mindig biztos\u00edtja a sz\u00fcks\u00e9ges meleget. A modell klasszikus \u00e9s k\u00f6nny\u0171, alkalmi, irodai vagy eleg\u00e1ns \u00f6lt\u00f6z\u00e9khez is alkalmas. Ezek a n\u0151i keszty\u0171k nagyszer\u0171 v\u00e1laszt\u00e1s, ha st\u00edlusos \u0151szt [&hellip;]<\/p>\n","protected":false},"featured_media":92512,"comment_status":"closed","ping_status":"closed","template":"","meta":{"_acf_changed":false,"om_disable_all_campaigns":false,"inline_featured_image":false,"_monsterinsights_skip_tracking":false,"_monsterinsights_sitenote_active":false,"_monsterinsights_sitenote_note":"","_monsterinsights_sitenote_category":0},"product_brand":[],"product_cat":[851,742,743,741],"product_tag":[],"class_list":{"0":"post-92511","1":"product","2":"type-product","3":"status-publish","4":"has-post-thumbnail","6":"product_cat-2020-2021-kollekcio","7":"product_cat-bor-kesztyu","8":"product_cat-borkesztyu-noi","9":"product_cat-nok","11":"first","12":"instock","13":"taxable","14":"shipping-taxable","15":"purchasable","16":"product-type-variable","17":"has-default-attributes","18":"wvs-archive-product-wrapper"},"acf":{"categorie_feed":""},"aioseo_notices":[],"_links":{"self":[{"href":"https:\/\/aavesa.com\/hu\/wp-json\/wp\/v2\/product\/92511","targetHints":{"allow":["GET"]}}],"collection":[{"href":"https:\/\/aavesa.com\/hu\/wp-json\/wp\/v2\/product"}],"about":[{"href":"https:\/\/aavesa.com\/hu\/wp-json\/wp\/v2\/types\/product"}],"replies":[{"embeddable":true,"href":"https:\/\/aavesa.com\/hu\/wp-json\/wp\/v2\/comments?post=92511"}],"wp:featuredmedia":[{"embeddable":true,"href":"https:\/\/aavesa.com\/hu\/wp-json\/wp\/v2\/media\/92512"}],"wp:attachment":[{"href":"https:\/\/aavesa.com\/hu\/wp-json\/wp\/v2\/media?parent=92511"}],"wp:term":[{"taxonomy":"product_brand","embeddable":true,"href":"https:\/\/aavesa.com\/hu\/wp-json\/wp\/v2\/product_brand?post=92511"},{"taxonomy":"product_cat","embeddable":true,"href":"https:\/\/aavesa.com\/hu\/wp-json\/wp\/v2\/product_cat?post=92511"},{"taxonomy":"product_tag","embeddable":true,"href":"https:\/\/aavesa.com\/hu\/wp-json\/wp\/v2\/product_tag?post=92511"}],"curies":[{"name":"wp","href":"https:\/\/api.w.org\/{rel}","templated":true}]}}