

{"id":92527,"date":"2024-07-26T16:30:21","date_gmt":"2024-07-26T16:30:21","guid":{"rendered":"https:\/\/new.aavesa.com\/produs\/bordzseki-noknek-1022\/"},"modified":"2025-11-17T06:27:59","modified_gmt":"2025-11-17T06:27:59","slug":"bordzseki-noknek-1022","status":"publish","type":"product","link":"https:\/\/aavesa.com\/hu\/product\/bordzseki-noknek-1022\/","title":{"rendered":"B\u0151rdzseki n\u0151knek 1022"},"content":{"rendered":"<p>Ez az eleg\u00e1ns \u00e9s n\u0151ies b\u00e1r\u00e1nyb\u0151r kab\u00e1t nem hi\u00e1nyozhat egy n\u0151 ruhat\u00e1r\u00e1b\u00f3l. Ez az\u00e9rt praktikus, mert klasszikus \u00e9s eleg\u00e1ns szab\u00e1sa r\u00e9v\u00e9n t\u00f6k\u00e9letesen illik egy h\u00e9tk\u00f6znapi, alkalmi megjelen\u00e9shez, de egy alkalmi \u00f6lt\u00f6z\u00e9khez is. A kab\u00e1t b\u00e1r\u00e1nyb\u0151rb\u0151l k\u00e9sz\u00fclt \u00e9s bel\u00fclr\u0151l b\u00e9lelt. A b\u00e1r\u00e1nyb\u0151r puha, de id\u0151vel tart\u00f3s, mivel gyakran haszn\u00e1lj\u00e1k ruh\u00e1k \u00e9s kieg\u00e9sz\u00edt\u0151k k\u00e9sz\u00edt\u00e9s\u00e9hez. A z\u00e1r\u00e1s eleg\u00e1nsan gombokkal \u00e9s a der\u00e9kn\u00e1l h\u00faz\u00f3zsin\u00f3rral k\u00e9sz\u00fclt, amely diszkr\u00e9ten kiemeli a tulajdonos derek\u00e1t. Ez a n\u0151i b\u0151rkab\u00e1t t\u00f6bb sz\u00ednben &#8211; b\u00e9zs, fekete \u00e9s barna &#8211; kaphat\u00f3. A kab\u00e1t hossza 100 cm.      <\/p>\n","protected":false},"excerpt":{"rendered":"<p>Ez az eleg\u00e1ns \u00e9s n\u0151ies b\u00e1r\u00e1nyb\u0151r kab\u00e1t nem hi\u00e1nyozhat egy n\u0151 ruhat\u00e1r\u00e1b\u00f3l. Ez az\u00e9rt praktikus, mert klasszikus \u00e9s eleg\u00e1ns szab\u00e1sa r\u00e9v\u00e9n t\u00f6k\u00e9letesen illik egy h\u00e9tk\u00f6znapi, alkalmi megjelen\u00e9shez, de egy alkalmi \u00f6lt\u00f6z\u00e9khez is. A kab\u00e1t b\u00e1r\u00e1nyb\u0151rb\u0151l k\u00e9sz\u00fclt \u00e9s bel\u00fclr\u0151l b\u00e9lelt. A b\u00e1r\u00e1nyb\u0151r puha, de id\u0151vel tart\u00f3s, mivel gyakran haszn\u00e1lj\u00e1k ruh\u00e1k \u00e9s kieg\u00e9sz\u00edt\u0151k k\u00e9sz\u00edt\u00e9s\u00e9hez. A z\u00e1r\u00e1s eleg\u00e1nsan [&hellip;]<\/p>\n","protected":false},"featured_media":92528,"comment_status":"closed","ping_status":"closed","template":"","meta":{"_acf_changed":false,"om_disable_all_campaigns":false,"inline_featured_image":false,"_monsterinsights_skip_tracking":false,"_monsterinsights_sitenote_active":false,"_monsterinsights_sitenote_note":"","_monsterinsights_sitenote_category":0},"product_brand":[],"product_cat":[848,883,741,916],"product_tag":[],"class_list":{"0":"post-92527","1":"product","2":"type-product","3":"status-publish","4":"has-post-thumbnail","6":"product_cat-2021-2022-es-kollekcio","7":"product_cat-borkabatok-es-borkabatok","8":"product_cat-nok","9":"product_cat-valodi-bor-termekek-tavaszra-es-oszre-kabatok-nadragok-kabatok-szoknyak-es-loveszkabatok-kabatok-nadragok-kabatok-szoknyak-es-loveszkabatok","11":"first","12":"instock","13":"taxable","14":"shipping-taxable","15":"purchasable","16":"product-type-variable","17":"has-default-attributes","18":"wvs-archive-product-wrapper"},"acf":{"categorie_feed":""},"aioseo_notices":[],"_links":{"self":[{"href":"https:\/\/aavesa.com\/hu\/wp-json\/wp\/v2\/product\/92527","targetHints":{"allow":["GET"]}}],"collection":[{"href":"https:\/\/aavesa.com\/hu\/wp-json\/wp\/v2\/product"}],"about":[{"href":"https:\/\/aavesa.com\/hu\/wp-json\/wp\/v2\/types\/product"}],"replies":[{"embeddable":true,"href":"https:\/\/aavesa.com\/hu\/wp-json\/wp\/v2\/comments?post=92527"}],"wp:featuredmedia":[{"embeddable":true,"href":"https:\/\/aavesa.com\/hu\/wp-json\/wp\/v2\/media\/92528"}],"wp:attachment":[{"href":"https:\/\/aavesa.com\/hu\/wp-json\/wp\/v2\/media?parent=92527"}],"wp:term":[{"taxonomy":"product_brand","embeddable":true,"href":"https:\/\/aavesa.com\/hu\/wp-json\/wp\/v2\/product_brand?post=92527"},{"taxonomy":"product_cat","embeddable":true,"href":"https:\/\/aavesa.com\/hu\/wp-json\/wp\/v2\/product_cat?post=92527"},{"taxonomy":"product_tag","embeddable":true,"href":"https:\/\/aavesa.com\/hu\/wp-json\/wp\/v2\/product_tag?post=92527"}],"curies":[{"name":"wp","href":"https:\/\/api.w.org\/{rel}","templated":true}]}}