

{"id":92540,"date":"2024-07-26T16:27:19","date_gmt":"2024-07-26T16:27:19","guid":{"rendered":"https:\/\/new.aavesa.com\/produs\/belelt-borkesztyu-m111\/"},"modified":"2025-11-17T06:28:55","modified_gmt":"2025-11-17T06:28:55","slug":"belelt-borkesztyu-m111","status":"publish","type":"product","link":"https:\/\/aavesa.com\/hu\/product\/belelt-borkesztyu-m111\/","title":{"rendered":"B\u00e9lelt b\u0151rkeszty\u0171 M111"},"content":{"rendered":"<p>Ezek a n\u0151i b\u00e9lelt b\u0151rkeszty\u0171k, amelyek kiv\u00e1l\u00f3 min\u0151s\u00e9g\u0171 term\u00e9szetes nappa b\u0151rb\u0151l k\u00e9sz\u00fcltek, olyan kieg\u00e9sz\u00edt\u0151k, amelyekt\u0151l nem fog tudni megv\u00e1lni az \u0151szi vagy t\u00e9li hideg napokon. A keszty\u0171 klasszikus megjelen\u00e9se miatt t\u00f6k\u00e9letesen kombin\u00e1lhat\u00f3 a legk\u00fcl\u00f6nb\u00f6z\u0151bb sz\u00ednekkel \u00e9s egy\u00e9b kieg\u00e9sz\u00edt\u0151kkel. A puha bels\u0151 b\u00e9l\u00e9s extra k\u00e9nyelmet \u00e9s fokozott meleget biztos\u00edt a kezeknek, mivel az ujjak tal\u00e1n a leg\u00e9rz\u00e9kenyebbek az alacsony h\u0151m\u00e9rs\u00e9kletre. V\u00e1lassza ezt a keszty\u0171modellt, ha eleg\u00e1ns, tart\u00f3s \u00e9s praktikus kieg\u00e9sz\u00edt\u0151t szeretne.   <\/p>\n","protected":false},"excerpt":{"rendered":"<p>Ezek a n\u0151i b\u00e9lelt b\u0151rkeszty\u0171k, amelyek kiv\u00e1l\u00f3 min\u0151s\u00e9g\u0171 term\u00e9szetes nappa b\u0151rb\u0151l k\u00e9sz\u00fcltek, olyan kieg\u00e9sz\u00edt\u0151k, amelyekt\u0151l nem fog tudni megv\u00e1lni az \u0151szi vagy t\u00e9li hideg napokon. A keszty\u0171 klasszikus megjelen\u00e9se miatt t\u00f6k\u00e9letesen kombin\u00e1lhat\u00f3 a legk\u00fcl\u00f6nb\u00f6z\u0151bb sz\u00ednekkel \u00e9s egy\u00e9b kieg\u00e9sz\u00edt\u0151kkel. A puha bels\u0151 b\u00e9l\u00e9s extra k\u00e9nyelmet \u00e9s fokozott meleget biztos\u00edt a kezeknek, mivel az ujjak tal\u00e1n a [&hellip;]<\/p>\n","protected":false},"featured_media":92541,"comment_status":"closed","ping_status":"closed","template":"","meta":{"_acf_changed":false,"om_disable_all_campaigns":false,"inline_featured_image":false,"_monsterinsights_skip_tracking":false,"_monsterinsights_sitenote_active":false,"_monsterinsights_sitenote_note":"","_monsterinsights_sitenote_category":0},"product_brand":[],"product_cat":[851,742,743,741],"product_tag":[],"class_list":{"0":"post-92540","1":"product","2":"type-product","3":"status-publish","4":"has-post-thumbnail","6":"product_cat-2020-2021-kollekcio","7":"product_cat-bor-kesztyu","8":"product_cat-borkesztyu-noi","9":"product_cat-nok","11":"first","12":"instock","13":"taxable","14":"shipping-taxable","15":"purchasable","16":"product-type-variable","17":"has-default-attributes","18":"wvs-archive-product-wrapper"},"acf":{"categorie_feed":""},"aioseo_notices":[],"_links":{"self":[{"href":"https:\/\/aavesa.com\/hu\/wp-json\/wp\/v2\/product\/92540","targetHints":{"allow":["GET"]}}],"collection":[{"href":"https:\/\/aavesa.com\/hu\/wp-json\/wp\/v2\/product"}],"about":[{"href":"https:\/\/aavesa.com\/hu\/wp-json\/wp\/v2\/types\/product"}],"replies":[{"embeddable":true,"href":"https:\/\/aavesa.com\/hu\/wp-json\/wp\/v2\/comments?post=92540"}],"wp:featuredmedia":[{"embeddable":true,"href":"https:\/\/aavesa.com\/hu\/wp-json\/wp\/v2\/media\/92541"}],"wp:attachment":[{"href":"https:\/\/aavesa.com\/hu\/wp-json\/wp\/v2\/media?parent=92540"}],"wp:term":[{"taxonomy":"product_brand","embeddable":true,"href":"https:\/\/aavesa.com\/hu\/wp-json\/wp\/v2\/product_brand?post=92540"},{"taxonomy":"product_cat","embeddable":true,"href":"https:\/\/aavesa.com\/hu\/wp-json\/wp\/v2\/product_cat?post=92540"},{"taxonomy":"product_tag","embeddable":true,"href":"https:\/\/aavesa.com\/hu\/wp-json\/wp\/v2\/product_tag?post=92540"}],"curies":[{"name":"wp","href":"https:\/\/api.w.org\/{rel}","templated":true}]}}