

{"id":92545,"date":"2024-07-26T16:27:19","date_gmt":"2024-07-26T16:27:19","guid":{"rendered":"https:\/\/new.aavesa.com\/produs\/beletlen-baranybor-kesztyu-m112\/"},"modified":"2025-11-17T06:28:51","modified_gmt":"2025-11-17T06:28:51","slug":"beletlen-baranybor-kesztyu-m112","status":"publish","type":"product","link":"https:\/\/aavesa.com\/hu\/product\/beletlen-baranybor-kesztyu-m112\/","title":{"rendered":"B\u00e9letlen b\u00e1r\u00e1nyb\u0151r keszty\u0171 M112"},"content":{"rendered":"<p>Ezek a n\u0151i nappab\u0151r keszty\u0171k k\u00f6nnyen viselhet\u0151ek, az anyag puha \u00e9s rugalmas. A term\u00e9szetes b\u0151r a legjobb v\u00e1laszt\u00e1s, ha keszty\u0171r\u0151l van sz\u00f3, mivel tart\u00f3s \u00e9s a k\u00e9z b\u0151re l\u00e9legezni tud. Ez a keszty\u0171modell nem b\u00e9lelt, ez\u00e9rt ugyan\u00fagy alkalmas az \u0151szi napokra vagy az enyh\u00e9bb t\u00e9li napokra. A keszty\u0171 tapad\u00e1sa miatt ide\u00e1lis olyan tev\u00e9kenys\u00e9gekhez is, amelyek nagyobb mozg\u00e1sszabads\u00e1got ig\u00e9nyelnek, mint p\u00e9ld\u00e1ul a vezet\u00e9s. Ezek a keszty\u0171k eleg\u00e1nsak \u00e9s modernek, olyan v\u00e1s\u00e1rl\u00e1s, amelyet biztosan nagyon sok\u00e1ig \u00e9lvezni fog.    <\/p>\n","protected":false},"excerpt":{"rendered":"<p>Ezek a n\u0151i nappab\u0151r keszty\u0171k k\u00f6nnyen viselhet\u0151ek, az anyag puha \u00e9s rugalmas. A term\u00e9szetes b\u0151r a legjobb v\u00e1laszt\u00e1s, ha keszty\u0171r\u0151l van sz\u00f3, mivel tart\u00f3s \u00e9s a k\u00e9z b\u0151re l\u00e9legezni tud. Ez a keszty\u0171modell nem b\u00e9lelt, ez\u00e9rt ugyan\u00fagy alkalmas az \u0151szi napokra vagy az enyh\u00e9bb t\u00e9li napokra. A keszty\u0171 tapad\u00e1sa miatt ide\u00e1lis olyan tev\u00e9kenys\u00e9gekhez is, amelyek [&hellip;]<\/p>\n","protected":false},"featured_media":92547,"comment_status":"closed","ping_status":"closed","template":"","meta":{"_acf_changed":false,"om_disable_all_campaigns":false,"inline_featured_image":false,"_monsterinsights_skip_tracking":false,"_monsterinsights_sitenote_active":false,"_monsterinsights_sitenote_note":"","_monsterinsights_sitenote_category":0},"product_brand":[],"product_cat":[851,743,741],"product_tag":[],"class_list":{"0":"post-92545","1":"product","2":"type-product","3":"status-publish","4":"has-post-thumbnail","6":"product_cat-2020-2021-kollekcio","7":"product_cat-borkesztyu-noi","8":"product_cat-nok","10":"first","11":"outofstock","12":"taxable","13":"shipping-taxable","14":"product-type-variable","15":"has-default-attributes","16":"wvs-archive-product-wrapper"},"acf":{"categorie_feed":""},"aioseo_notices":[],"_links":{"self":[{"href":"https:\/\/aavesa.com\/hu\/wp-json\/wp\/v2\/product\/92545","targetHints":{"allow":["GET"]}}],"collection":[{"href":"https:\/\/aavesa.com\/hu\/wp-json\/wp\/v2\/product"}],"about":[{"href":"https:\/\/aavesa.com\/hu\/wp-json\/wp\/v2\/types\/product"}],"replies":[{"embeddable":true,"href":"https:\/\/aavesa.com\/hu\/wp-json\/wp\/v2\/comments?post=92545"}],"wp:featuredmedia":[{"embeddable":true,"href":"https:\/\/aavesa.com\/hu\/wp-json\/wp\/v2\/media\/92547"}],"wp:attachment":[{"href":"https:\/\/aavesa.com\/hu\/wp-json\/wp\/v2\/media?parent=92545"}],"wp:term":[{"taxonomy":"product_brand","embeddable":true,"href":"https:\/\/aavesa.com\/hu\/wp-json\/wp\/v2\/product_brand?post=92545"},{"taxonomy":"product_cat","embeddable":true,"href":"https:\/\/aavesa.com\/hu\/wp-json\/wp\/v2\/product_cat?post=92545"},{"taxonomy":"product_tag","embeddable":true,"href":"https:\/\/aavesa.com\/hu\/wp-json\/wp\/v2\/product_tag?post=92545"}],"curies":[{"name":"wp","href":"https:\/\/api.w.org\/{rel}","templated":true}]}}