

{"id":92560,"date":"2024-07-26T16:27:20","date_gmt":"2024-07-26T16:27:20","guid":{"rendered":"https:\/\/new.aavesa.com\/produs\/belelt-nappa-bor-kesztyu-ferfi-m208\/"},"modified":"2025-11-17T06:28:49","modified_gmt":"2025-11-17T06:28:49","slug":"belelt-nappa-bor-kesztyu-ferfi-m208","status":"publish","type":"product","link":"https:\/\/aavesa.com\/hu\/product\/belelt-nappa-bor-kesztyu-ferfi-m208\/","title":{"rendered":"B\u00e9lelt nappa b\u0151r keszty\u0171, f\u00e9rfi M208"},"content":{"rendered":"<p>Egy p\u00e1r term\u00e9szetes b\u00e9l\u00e9s\u0171 <a href=\"https:\/\/aavesa.com\/hu\/ferfiak\/borkesztyuk-ferfiaknak\/\">nappab\u0151r keszty\u0171<\/a>, f\u00e9rfiak sz\u00e1m\u00e1ra olyan kieg\u00e9sz\u00edt\u0151, amely nem hi\u00e1nyozhat a szekr\u00e9nyb\u0151l a hideg \u00e9vszakban. Ez a p\u00e1r b\u0151rkeszty\u0171 k\u00fcl\u00f6n\u00f6sen tart\u00f3s \u00e9s praktikus, a term\u00e9szetes b\u0151r a legjobb anyag a gyakran viselt kieg\u00e9sz\u00edt\u0151k k\u00e9sz\u00edt\u00e9s\u00e9hez, er\u0151ss\u00e9ge miatt. A keszty\u0171 belsej\u00e9ben tal\u00e1lhat\u00f3 b\u00e9l\u00e9s fokozza a k\u00e9z k\u00e9nyelm\u00e9t \u00e9s extra meleget biztos\u00edt, valamint nagyon kellemes tapint\u00e1s\u00fa. V\u00e1lassza ezeket a b\u00e9lelt nappab\u0151r keszty\u0171ket, f\u00e9rfiaknak, hogy megszabaduljon a hideg bosszant\u00f3 aggodalm\u00e1t\u00f3l, \u00e9s \u00e9lvezze a st\u00edlusban \u00e9s k\u00e9nyelemben gazdag \u0151szt vagy telet.   <\/p>\n","protected":false},"excerpt":{"rendered":"<p>Egy p\u00e1r term\u00e9szetes b\u00e9l\u00e9s\u0171 nappab\u0151r keszty\u0171, f\u00e9rfiak sz\u00e1m\u00e1ra olyan kieg\u00e9sz\u00edt\u0151, amely nem hi\u00e1nyozhat a szekr\u00e9nyb\u0151l a hideg \u00e9vszakban. Ez a p\u00e1r b\u0151rkeszty\u0171 k\u00fcl\u00f6n\u00f6sen tart\u00f3s \u00e9s praktikus, a term\u00e9szetes b\u0151r a legjobb anyag a gyakran viselt kieg\u00e9sz\u00edt\u0151k k\u00e9sz\u00edt\u00e9s\u00e9hez, er\u0151ss\u00e9ge miatt. A keszty\u0171 belsej\u00e9ben tal\u00e1lhat\u00f3 b\u00e9l\u00e9s fokozza a k\u00e9z k\u00e9nyelm\u00e9t \u00e9s extra meleget biztos\u00edt, valamint nagyon kellemes [&hellip;]<\/p>\n","protected":false},"featured_media":92561,"comment_status":"closed","ping_status":"closed","template":"","meta":{"_acf_changed":false,"om_disable_all_campaigns":false,"inline_featured_image":false,"_monsterinsights_skip_tracking":false,"_monsterinsights_sitenote_active":false,"_monsterinsights_sitenote_note":"","_monsterinsights_sitenote_category":0},"product_brand":[],"product_cat":[851,742,828,725],"product_tag":[],"class_list":{"0":"post-92560","1":"product","2":"type-product","3":"status-publish","4":"has-post-thumbnail","6":"product_cat-2020-2021-kollekcio","7":"product_cat-bor-kesztyu","8":"product_cat-borkesztyuk-ferfiaknak","9":"product_cat-ferfiak","11":"first","12":"instock","13":"taxable","14":"shipping-taxable","15":"purchasable","16":"product-type-variable","17":"has-default-attributes","18":"wvs-archive-product-wrapper"},"acf":{"categorie_feed":""},"aioseo_notices":[],"_links":{"self":[{"href":"https:\/\/aavesa.com\/hu\/wp-json\/wp\/v2\/product\/92560","targetHints":{"allow":["GET"]}}],"collection":[{"href":"https:\/\/aavesa.com\/hu\/wp-json\/wp\/v2\/product"}],"about":[{"href":"https:\/\/aavesa.com\/hu\/wp-json\/wp\/v2\/types\/product"}],"replies":[{"embeddable":true,"href":"https:\/\/aavesa.com\/hu\/wp-json\/wp\/v2\/comments?post=92560"}],"wp:featuredmedia":[{"embeddable":true,"href":"https:\/\/aavesa.com\/hu\/wp-json\/wp\/v2\/media\/92561"}],"wp:attachment":[{"href":"https:\/\/aavesa.com\/hu\/wp-json\/wp\/v2\/media?parent=92560"}],"wp:term":[{"taxonomy":"product_brand","embeddable":true,"href":"https:\/\/aavesa.com\/hu\/wp-json\/wp\/v2\/product_brand?post=92560"},{"taxonomy":"product_cat","embeddable":true,"href":"https:\/\/aavesa.com\/hu\/wp-json\/wp\/v2\/product_cat?post=92560"},{"taxonomy":"product_tag","embeddable":true,"href":"https:\/\/aavesa.com\/hu\/wp-json\/wp\/v2\/product_tag?post=92560"}],"curies":[{"name":"wp","href":"https:\/\/api.w.org\/{rel}","templated":true}]}}