

{"id":92565,"date":"2024-07-26T16:27:20","date_gmt":"2024-07-26T16:27:20","guid":{"rendered":"https:\/\/new.aavesa.com\/produs\/belelt-nappa-bor-kesztyu-ferfi-m209\/"},"modified":"2025-11-17T06:28:48","modified_gmt":"2025-11-17T06:28:48","slug":"belelt-nappa-bor-kesztyu-ferfi-m209","status":"publish","type":"product","link":"https:\/\/aavesa.com\/hu\/product\/belelt-nappa-bor-kesztyu-ferfi-m209\/","title":{"rendered":"B\u00e9lelt nappa b\u0151r keszty\u0171, f\u00e9rfi M209"},"content":{"rendered":"<p>Ezek a b\u00e1r\u00e1nyb\u0151r nappa keszty\u0171k f\u00e9rfias, eleg\u00e1ns \u00e9s meleg kieg\u00e9sz\u00edt\u0151k, amelyek seg\u00edts\u00e9g\u00e9vel teljes m\u00e9rt\u00e9kben \u00e9lvezheti a hideg \u0151szi vagy t\u00e9li napokat. A <a href=\"https:\/\/aavesa.com\/hu\/ferfiak\/borkesztyuk-ferfiaknak\/\">b\u00e9lelt nappab\u0151r keszty\u0171<\/a>, f\u00e9rfiak sz\u00e1m\u00e1ra kiv\u00e1l\u00f3 min\u0151s\u00e9g\u0171 term\u00e9szetes b\u0151rb\u0151l k\u00e9sz\u00fclt, \u00e9s b\u00e9lelt, hogy n\u00f6velje a k\u00e9z meleg\u00e9t \u00e9s k\u00e9nyelm\u00e9t. A fekete sz\u00edn a legjobb v\u00e1laszt\u00e1s, ha praktikus kieg\u00e9sz\u00edt\u0151t szeretne, amelyet k\u00fcl\u00f6nb\u00f6z\u0151 kombin\u00e1ci\u00f3kban viselhet. V\u00e1lassza ezt a p\u00e1r b\u00e9lelt nappab\u0151r keszty\u0171t, f\u00e9rfiaknak, hogy st\u00edlusosan \u00e9s a hideg id\u0151j\u00e1r\u00e1s okozta aggodalmak n\u00e9lk\u00fcl k\u00f6sz\u00f6nthesse a hideg \u00e9vszakot.   <\/p>\n","protected":false},"excerpt":{"rendered":"<p>Ezek a b\u00e1r\u00e1nyb\u0151r nappa keszty\u0171k f\u00e9rfias, eleg\u00e1ns \u00e9s meleg kieg\u00e9sz\u00edt\u0151k, amelyek seg\u00edts\u00e9g\u00e9vel teljes m\u00e9rt\u00e9kben \u00e9lvezheti a hideg \u0151szi vagy t\u00e9li napokat. A b\u00e9lelt nappab\u0151r keszty\u0171, f\u00e9rfiak sz\u00e1m\u00e1ra kiv\u00e1l\u00f3 min\u0151s\u00e9g\u0171 term\u00e9szetes b\u0151rb\u0151l k\u00e9sz\u00fclt, \u00e9s b\u00e9lelt, hogy n\u00f6velje a k\u00e9z meleg\u00e9t \u00e9s k\u00e9nyelm\u00e9t. A fekete sz\u00edn a legjobb v\u00e1laszt\u00e1s, ha praktikus kieg\u00e9sz\u00edt\u0151t szeretne, amelyet k\u00fcl\u00f6nb\u00f6z\u0151 kombin\u00e1ci\u00f3kban viselhet. [&hellip;]<\/p>\n","protected":false},"featured_media":92566,"comment_status":"closed","ping_status":"closed","template":"","meta":{"_acf_changed":false,"om_disable_all_campaigns":false,"inline_featured_image":false,"_monsterinsights_skip_tracking":false,"_monsterinsights_sitenote_active":false,"_monsterinsights_sitenote_note":"","_monsterinsights_sitenote_category":0},"product_brand":[],"product_cat":[851,742,828,725],"product_tag":[],"class_list":{"0":"post-92565","1":"product","2":"type-product","3":"status-publish","4":"has-post-thumbnail","6":"product_cat-2020-2021-kollekcio","7":"product_cat-bor-kesztyu","8":"product_cat-borkesztyuk-ferfiaknak","9":"product_cat-ferfiak","11":"first","12":"instock","13":"taxable","14":"shipping-taxable","15":"purchasable","16":"product-type-variable","17":"has-default-attributes","18":"wvs-archive-product-wrapper"},"acf":{"categorie_feed":""},"aioseo_notices":[],"_links":{"self":[{"href":"https:\/\/aavesa.com\/hu\/wp-json\/wp\/v2\/product\/92565","targetHints":{"allow":["GET"]}}],"collection":[{"href":"https:\/\/aavesa.com\/hu\/wp-json\/wp\/v2\/product"}],"about":[{"href":"https:\/\/aavesa.com\/hu\/wp-json\/wp\/v2\/types\/product"}],"replies":[{"embeddable":true,"href":"https:\/\/aavesa.com\/hu\/wp-json\/wp\/v2\/comments?post=92565"}],"wp:featuredmedia":[{"embeddable":true,"href":"https:\/\/aavesa.com\/hu\/wp-json\/wp\/v2\/media\/92566"}],"wp:attachment":[{"href":"https:\/\/aavesa.com\/hu\/wp-json\/wp\/v2\/media?parent=92565"}],"wp:term":[{"taxonomy":"product_brand","embeddable":true,"href":"https:\/\/aavesa.com\/hu\/wp-json\/wp\/v2\/product_brand?post=92565"},{"taxonomy":"product_cat","embeddable":true,"href":"https:\/\/aavesa.com\/hu\/wp-json\/wp\/v2\/product_cat?post=92565"},{"taxonomy":"product_tag","embeddable":true,"href":"https:\/\/aavesa.com\/hu\/wp-json\/wp\/v2\/product_tag?post=92565"}],"curies":[{"name":"wp","href":"https:\/\/api.w.org\/{rel}","templated":true}]}}