

{"id":92602,"date":"2024-07-26T16:30:21","date_gmt":"2024-07-26T16:30:21","guid":{"rendered":"https:\/\/new.aavesa.com\/produs\/mink-es-jeges-roka-szorme-sapka-536\/"},"modified":"2025-11-17T06:28:02","modified_gmt":"2025-11-17T06:28:02","slug":"mink-es-jeges-roka-szorme-sapka-536","status":"publish","type":"product","link":"https:\/\/aavesa.com\/hu\/product\/mink-es-jeges-roka-szorme-sapka-536\/","title":{"rendered":"Mink \u00e9s jeges r\u00f3ka sz\u0151rme sapka 536"},"content":{"rendered":"<p>A r\u00f3ka- \u00e9s nercbund\u00e1b\u00f3l k\u00e9sz\u00fclt sapka kifejezetten az \u00d6n v\u00e9delm\u00e9re szolg\u00e1l. Az orosz t\u00edpus\u00fa modell nagyon keresett, \u00e9s a legkedveltebbek k\u00f6z\u00e9 tartozik a f\u00fcl ter\u00fclet\u00e9nek fokozott v\u00e9delme miatt. Az ilyen t\u00edpus\u00fa sz\u0151rm\u00e9k vastag \u00e9s s\u0171r\u0171, kiv\u00e1l\u00f3 min\u0151s\u00e9g\u0171 fonala fokozott v\u00e9delmet ny\u00fajt a hideg \u00e9s a nedvess\u00e9g ellen, a bels\u0151 r\u00e9sz pedig b\u00e9lelt az extra k\u00e9nyelem \u00e9rdek\u00e9ben. A sz\u0151rme gazdag text\u00far\u00e1ja keretbe foglalja az arcot, kiemelve visel\u0151j\u00e9nek von\u00e1sait. K\u00fcl\u00f6nleges, eleg\u00e1ns, ugyanakkor fiatalos megjelen\u00e9st biztos\u00edt ez a n\u0151i kalap, amely fekete vagy sz\u00fcrke sz\u00ednben v\u00e1s\u00e1rolhat\u00f3 meg.    <\/p>\n","protected":false},"excerpt":{"rendered":"<p>A r\u00f3ka- \u00e9s nercbund\u00e1b\u00f3l k\u00e9sz\u00fclt sapka kifejezetten az \u00d6n v\u00e9delm\u00e9re szolg\u00e1l. Az orosz t\u00edpus\u00fa modell nagyon keresett, \u00e9s a legkedveltebbek k\u00f6z\u00e9 tartozik a f\u00fcl ter\u00fclet\u00e9nek fokozott v\u00e9delme miatt. Az ilyen t\u00edpus\u00fa sz\u0151rm\u00e9k vastag \u00e9s s\u0171r\u0171, kiv\u00e1l\u00f3 min\u0151s\u00e9g\u0171 fonala fokozott v\u00e9delmet ny\u00fajt a hideg \u00e9s a nedvess\u00e9g ellen, a bels\u0151 r\u00e9sz pedig b\u00e9lelt az extra k\u00e9nyelem [&hellip;]<\/p>\n","protected":false},"featured_media":92603,"comment_status":"closed","ping_status":"closed","template":"","meta":{"_acf_changed":false,"om_disable_all_campaigns":false,"inline_featured_image":false,"_monsterinsights_skip_tracking":false,"_monsterinsights_sitenote_active":false,"_monsterinsights_sitenote_note":"","_monsterinsights_sitenote_category":0},"product_brand":[],"product_cat":[848,750,769,741,765,737],"product_tag":[],"class_list":{"0":"post-92602","1":"product","2":"type-product","3":"status-publish","4":"has-post-thumbnail","6":"product_cat-2021-2022-es-kollekcio","7":"product_cat-bundas-kalapok-shearling-kalapok-noknek","8":"product_cat-nerc-szorme","9":"product_cat-nok","10":"product_cat-roka-szorme","11":"product_cat-teli-sapkak","13":"first","14":"instock","15":"taxable","16":"shipping-taxable","17":"purchasable","18":"product-type-variable","19":"wvs-archive-product-wrapper"},"acf":{"categorie_feed":""},"aioseo_notices":[],"_links":{"self":[{"href":"https:\/\/aavesa.com\/hu\/wp-json\/wp\/v2\/product\/92602","targetHints":{"allow":["GET"]}}],"collection":[{"href":"https:\/\/aavesa.com\/hu\/wp-json\/wp\/v2\/product"}],"about":[{"href":"https:\/\/aavesa.com\/hu\/wp-json\/wp\/v2\/types\/product"}],"replies":[{"embeddable":true,"href":"https:\/\/aavesa.com\/hu\/wp-json\/wp\/v2\/comments?post=92602"}],"wp:featuredmedia":[{"embeddable":true,"href":"https:\/\/aavesa.com\/hu\/wp-json\/wp\/v2\/media\/92603"}],"wp:attachment":[{"href":"https:\/\/aavesa.com\/hu\/wp-json\/wp\/v2\/media?parent=92602"}],"wp:term":[{"taxonomy":"product_brand","embeddable":true,"href":"https:\/\/aavesa.com\/hu\/wp-json\/wp\/v2\/product_brand?post=92602"},{"taxonomy":"product_cat","embeddable":true,"href":"https:\/\/aavesa.com\/hu\/wp-json\/wp\/v2\/product_cat?post=92602"},{"taxonomy":"product_tag","embeddable":true,"href":"https:\/\/aavesa.com\/hu\/wp-json\/wp\/v2\/product_tag?post=92602"}],"curies":[{"name":"wp","href":"https:\/\/api.w.org\/{rel}","templated":true}]}}