

{"id":92639,"date":"2024-07-26T16:27:42","date_gmt":"2024-07-26T16:27:42","guid":{"rendered":"https:\/\/new.aavesa.com\/produs\/kifordithato-baranybor-melleny-468\/"},"modified":"2025-11-17T06:28:51","modified_gmt":"2025-11-17T06:28:51","slug":"kifordithato-baranybor-melleny-468","status":"publish","type":"product","link":"https:\/\/aavesa.com\/hu\/product\/kifordithato-baranybor-melleny-468\/","title":{"rendered":"Kiford\u00edthat\u00f3 b\u00e1r\u00e1nyb\u0151r mell\u00e9ny 468"},"content":{"rendered":"<p>A n\u0151i term\u00e9szetes sz\u0151rmemell\u00e9ny t\u00f6bb mint egy kieg\u00e9sz\u00edt\u0151, egy olyan darab, amely k\u00fcl\u00f6nleges szab\u00e1s\u00e1nak \u00e9s text\u00far\u00e1j\u00e1nak k\u00f6sz\u00f6nhet\u0151en b\u00e1rmilyen ruh\u00e1t \u00e1talak\u00edthat. Ez a n\u0151i mell\u00e9ny term\u00e9szetes toszk\u00e1n b\u00e1r\u00e1nysz\u0151rm\u00e9b\u0151l k\u00e9sz\u00fclt, \u00e9s mindk\u00e9t oldal\u00e1n viselhet\u0151. Az egyik oldala b\u00e1r\u00e1nysz\u0151rb\u0151l k\u00e9sz\u00fclt, hossz\u00fa sz\u0151r\u00f6kkel, kifinomult megjelen\u00e9ssel, a m\u00e1sik oldala pedig b\u0151rb\u0151l k\u00e9sz\u00fclt. A k\u00fcl\u00f6nb\u00f6z\u0151 st\u00edlusok, amelyekben ez a mell\u00e9ny viselhet\u0151, nagy el\u0151nyt jelentenek a melegs\u00e9g \u00e9s a k\u00e9nyelem mellett. A mell\u00e9ny k\u00e9t zsebbel \u00e9s cipz\u00e1ras z\u00e1r\u00f3d\u00e1ssal rendelkezik. A rendelkez\u00e9sre \u00e1ll\u00f3 sz\u00ednek a sz\u00fcrke, az ol\u00edva \u00e9s a barna.     <\/p>\n","protected":false},"excerpt":{"rendered":"<p>A n\u0151i term\u00e9szetes sz\u0151rmemell\u00e9ny t\u00f6bb mint egy kieg\u00e9sz\u00edt\u0151, egy olyan darab, amely k\u00fcl\u00f6nleges szab\u00e1s\u00e1nak \u00e9s text\u00far\u00e1j\u00e1nak k\u00f6sz\u00f6nhet\u0151en b\u00e1rmilyen ruh\u00e1t \u00e1talak\u00edthat. Ez a n\u0151i mell\u00e9ny term\u00e9szetes toszk\u00e1n b\u00e1r\u00e1nysz\u0151rm\u00e9b\u0151l k\u00e9sz\u00fclt, \u00e9s mindk\u00e9t oldal\u00e1n viselhet\u0151. Az egyik oldala b\u00e1r\u00e1nysz\u0151rb\u0151l k\u00e9sz\u00fclt, hossz\u00fa sz\u0151r\u00f6kkel, kifinomult megjelen\u00e9ssel, a m\u00e1sik oldala pedig b\u0151rb\u0151l k\u00e9sz\u00fclt. A k\u00fcl\u00f6nb\u00f6z\u0151 st\u00edlusok, amelyekben ez a mell\u00e9ny viselhet\u0151, [&hellip;]<\/p>\n","protected":false},"featured_media":92640,"comment_status":"closed","ping_status":"closed","template":"","meta":{"_acf_changed":false,"om_disable_all_campaigns":false,"inline_featured_image":false,"_monsterinsights_skip_tracking":false,"_monsterinsights_sitenote_active":false,"_monsterinsights_sitenote_note":"","_monsterinsights_sitenote_category":0},"product_brand":[],"product_cat":[851,784,741,793],"product_tag":[],"class_list":{"0":"post-92639","1":"product","2":"type-product","3":"status-publish","4":"has-post-thumbnail","6":"product_cat-2020-2021-kollekcio","7":"product_cat-baranybor","8":"product_cat-nok","9":"product_cat-shearling-mellenyek-es-bundas-mellenyek-noknek","11":"first","12":"instock","13":"taxable","14":"shipping-taxable","15":"purchasable","16":"product-type-variable","17":"has-default-attributes","18":"wvs-archive-product-wrapper"},"acf":{"categorie_feed":""},"aioseo_notices":[],"_links":{"self":[{"href":"https:\/\/aavesa.com\/hu\/wp-json\/wp\/v2\/product\/92639","targetHints":{"allow":["GET"]}}],"collection":[{"href":"https:\/\/aavesa.com\/hu\/wp-json\/wp\/v2\/product"}],"about":[{"href":"https:\/\/aavesa.com\/hu\/wp-json\/wp\/v2\/types\/product"}],"replies":[{"embeddable":true,"href":"https:\/\/aavesa.com\/hu\/wp-json\/wp\/v2\/comments?post=92639"}],"wp:featuredmedia":[{"embeddable":true,"href":"https:\/\/aavesa.com\/hu\/wp-json\/wp\/v2\/media\/92640"}],"wp:attachment":[{"href":"https:\/\/aavesa.com\/hu\/wp-json\/wp\/v2\/media?parent=92639"}],"wp:term":[{"taxonomy":"product_brand","embeddable":true,"href":"https:\/\/aavesa.com\/hu\/wp-json\/wp\/v2\/product_brand?post=92639"},{"taxonomy":"product_cat","embeddable":true,"href":"https:\/\/aavesa.com\/hu\/wp-json\/wp\/v2\/product_cat?post=92639"},{"taxonomy":"product_tag","embeddable":true,"href":"https:\/\/aavesa.com\/hu\/wp-json\/wp\/v2\/product_tag?post=92639"}],"curies":[{"name":"wp","href":"https:\/\/api.w.org\/{rel}","templated":true}]}}