

{"id":92664,"date":"2024-07-26T16:27:42","date_gmt":"2024-07-26T16:27:42","guid":{"rendered":"https:\/\/new.aavesa.com\/produs\/mosomedve-szorme-melleny-471\/"},"modified":"2025-11-17T06:28:49","modified_gmt":"2025-11-17T06:28:49","slug":"mosomedve-szorme-melleny-471","status":"publish","type":"product","link":"https:\/\/aavesa.com\/hu\/product\/mosomedve-szorme-melleny-471\/","title":{"rendered":"Mos\u00f3medve sz\u0151rme mell\u00e9ny 471"},"content":{"rendered":"<p>Ez a <a href=\"https:\/\/aavesa.com\/hu\/nok\/shearling-mellenyek-es-bundas-mellenyek-noknek\/\">mos\u00f3medve sz\u0151rmemell\u00e9ny<\/a> t\u00f6k\u00e9letes v\u00e9tel a fagyos napokra, amikor csak arra v\u00e1gyunk, hogy mindig meleg\u00fcnk legyen, de az eleganci\u00e1nkat is meg\u0151rizz\u00fck. A mos\u00f3medve sz\u0151rme nagyon vastag \u00e9s puha, igazi \u00e9lvezet viselni, mivel kellemes \u00e9rz\u00e9st ny\u00fajt, \u00e9s megtartja a meleget, nem engedi \u00e1t a hideget. Ez a mell\u00e9ny k\u00e9t nagym\u00e9ret\u0171 zsebbel rendelkezik, \u00e9s egy egyszer\u0171 &#8222;horog \u00e9s szem&#8221; t\u00edpus\u00fa mechanizmussal z\u00e1r\u00f3dik. \u00c9lvezzen minden t\u00e9li napot, \u00e9s emelje ki st\u00edlus\u00e1t ezzel a term\u00e9szetes mos\u00f3medve sz\u0151rmemell\u00e9nnyel!  <\/p>\n","protected":false},"excerpt":{"rendered":"<p>Ez a mos\u00f3medve sz\u0151rmemell\u00e9ny t\u00f6k\u00e9letes v\u00e9tel a fagyos napokra, amikor csak arra v\u00e1gyunk, hogy mindig meleg\u00fcnk legyen, de az eleganci\u00e1nkat is meg\u0151rizz\u00fck. A mos\u00f3medve sz\u0151rme nagyon vastag \u00e9s puha, igazi \u00e9lvezet viselni, mivel kellemes \u00e9rz\u00e9st ny\u00fajt, \u00e9s megtartja a meleget, nem engedi \u00e1t a hideget. Ez a mell\u00e9ny k\u00e9t nagym\u00e9ret\u0171 zsebbel rendelkezik, \u00e9s egy egyszer\u0171 [&hellip;]<\/p>\n","protected":false},"featured_media":92665,"comment_status":"closed","ping_status":"closed","template":"","meta":{"_acf_changed":false,"om_disable_all_campaigns":false,"inline_featured_image":false,"_monsterinsights_skip_tracking":false,"_monsterinsights_sitenote_active":false,"_monsterinsights_sitenote_note":"","_monsterinsights_sitenote_category":0},"product_brand":[],"product_cat":[851,741,793],"product_tag":[],"class_list":{"0":"post-92664","1":"product","2":"type-product","3":"status-publish","4":"has-post-thumbnail","6":"product_cat-2020-2021-kollekcio","7":"product_cat-nok","8":"product_cat-shearling-mellenyek-es-bundas-mellenyek-noknek","10":"first","11":"instock","12":"taxable","13":"shipping-taxable","14":"purchasable","15":"product-type-variable","16":"has-default-attributes","17":"wvs-archive-product-wrapper"},"acf":{"categorie_feed":""},"aioseo_notices":[],"_links":{"self":[{"href":"https:\/\/aavesa.com\/hu\/wp-json\/wp\/v2\/product\/92664","targetHints":{"allow":["GET"]}}],"collection":[{"href":"https:\/\/aavesa.com\/hu\/wp-json\/wp\/v2\/product"}],"about":[{"href":"https:\/\/aavesa.com\/hu\/wp-json\/wp\/v2\/types\/product"}],"replies":[{"embeddable":true,"href":"https:\/\/aavesa.com\/hu\/wp-json\/wp\/v2\/comments?post=92664"}],"wp:featuredmedia":[{"embeddable":true,"href":"https:\/\/aavesa.com\/hu\/wp-json\/wp\/v2\/media\/92665"}],"wp:attachment":[{"href":"https:\/\/aavesa.com\/hu\/wp-json\/wp\/v2\/media?parent=92664"}],"wp:term":[{"taxonomy":"product_brand","embeddable":true,"href":"https:\/\/aavesa.com\/hu\/wp-json\/wp\/v2\/product_brand?post=92664"},{"taxonomy":"product_cat","embeddable":true,"href":"https:\/\/aavesa.com\/hu\/wp-json\/wp\/v2\/product_cat?post=92664"},{"taxonomy":"product_tag","embeddable":true,"href":"https:\/\/aavesa.com\/hu\/wp-json\/wp\/v2\/product_tag?post=92664"}],"curies":[{"name":"wp","href":"https:\/\/api.w.org\/{rel}","templated":true}]}}