

{"id":92672,"date":"2024-07-26T16:30:21","date_gmt":"2024-07-26T16:30:21","guid":{"rendered":"https:\/\/new.aavesa.com\/produs\/baranybor-melleny-473\/"},"modified":"2025-11-17T06:28:17","modified_gmt":"2025-11-17T06:28:17","slug":"baranybor-melleny-473","status":"publish","type":"product","link":"https:\/\/aavesa.com\/hu\/product\/baranybor-melleny-473\/","title":{"rendered":"B\u00e1r\u00e1nyb\u0151r mell\u00e9ny 473"},"content":{"rendered":"<p>Der\u00e9kig \u00e9r\u0151, k\u00e9t zsebbel ell\u00e1tott, n\u0151i shearling mell\u00e9ny. Ellen\u00e1ll a nedvess\u00e9gnek \u00e9s a szennyez\u0151d\u00e9seknek, a z\u00e1r\u00e1sa pedig nyom\u00f3gombokkal t\u00f6rt\u00e9nik. Alkalmas az irod\u00e1ba vagy egy s\u00e9t\u00e1ra a l\u00e1nyokkal a v\u00e1rosban, a megrendelhet\u0151 sz\u00ednek b\u00e1rmelyike k\u00f6nnyen alkalmas a mindennapi \u00f6lt\u00f6z\u00e9khez, ezek a sz\u00ednek: fekete \u00e9s b\u00e9zs. A mell\u00e9ny hossza 77 cm.   <\/p>\n","protected":false},"excerpt":{"rendered":"<p>Der\u00e9kig \u00e9r\u0151, k\u00e9t zsebbel ell\u00e1tott, n\u0151i shearling mell\u00e9ny. Ellen\u00e1ll a nedvess\u00e9gnek \u00e9s a szennyez\u0151d\u00e9seknek, a z\u00e1r\u00e1sa pedig nyom\u00f3gombokkal t\u00f6rt\u00e9nik. Alkalmas az irod\u00e1ba vagy egy s\u00e9t\u00e1ra a l\u00e1nyokkal a v\u00e1rosban, a megrendelhet\u0151 sz\u00ednek b\u00e1rmelyike k\u00f6nnyen alkalmas a mindennapi \u00f6lt\u00f6z\u00e9khez, ezek a sz\u00ednek: fekete \u00e9s b\u00e9zs. A mell\u00e9ny hossza 77 cm.<\/p>\n","protected":false},"featured_media":92673,"comment_status":"closed","ping_status":"closed","template":"","meta":{"_acf_changed":false,"om_disable_all_campaigns":false,"inline_featured_image":false,"_monsterinsights_skip_tracking":false,"_monsterinsights_sitenote_active":false,"_monsterinsights_sitenote_note":"","_monsterinsights_sitenote_category":0},"product_brand":[],"product_cat":[848,741,793],"product_tag":[],"class_list":{"0":"post-92672","1":"product","2":"type-product","3":"status-publish","4":"has-post-thumbnail","6":"product_cat-2021-2022-es-kollekcio","7":"product_cat-nok","8":"product_cat-shearling-mellenyek-es-bundas-mellenyek-noknek","10":"first","11":"instock","12":"taxable","13":"shipping-taxable","14":"purchasable","15":"product-type-variable","16":"has-default-attributes","17":"wvs-archive-product-wrapper"},"acf":{"categorie_feed":""},"aioseo_notices":[],"_links":{"self":[{"href":"https:\/\/aavesa.com\/hu\/wp-json\/wp\/v2\/product\/92672","targetHints":{"allow":["GET"]}}],"collection":[{"href":"https:\/\/aavesa.com\/hu\/wp-json\/wp\/v2\/product"}],"about":[{"href":"https:\/\/aavesa.com\/hu\/wp-json\/wp\/v2\/types\/product"}],"replies":[{"embeddable":true,"href":"https:\/\/aavesa.com\/hu\/wp-json\/wp\/v2\/comments?post=92672"}],"wp:featuredmedia":[{"embeddable":true,"href":"https:\/\/aavesa.com\/hu\/wp-json\/wp\/v2\/media\/92673"}],"wp:attachment":[{"href":"https:\/\/aavesa.com\/hu\/wp-json\/wp\/v2\/media?parent=92672"}],"wp:term":[{"taxonomy":"product_brand","embeddable":true,"href":"https:\/\/aavesa.com\/hu\/wp-json\/wp\/v2\/product_brand?post=92672"},{"taxonomy":"product_cat","embeddable":true,"href":"https:\/\/aavesa.com\/hu\/wp-json\/wp\/v2\/product_cat?post=92672"},{"taxonomy":"product_tag","embeddable":true,"href":"https:\/\/aavesa.com\/hu\/wp-json\/wp\/v2\/product_tag?post=92672"}],"curies":[{"name":"wp","href":"https:\/\/api.w.org\/{rel}","templated":true}]}}