

{"id":92686,"date":"2024-07-26T16:29:57","date_gmt":"2024-07-26T16:29:57","guid":{"rendered":"https:\/\/new.aavesa.com\/produs\/baranybor-dzseki-ferfiaknak-375\/"},"modified":"2026-04-10T15:07:50","modified_gmt":"2026-04-10T17:07:50","slug":"baranybor-dzseki-ferfiaknak-375","status":"publish","type":"product","link":"https:\/\/aavesa.com\/hu\/product\/baranybor-dzseki-ferfiaknak-375\/","title":{"rendered":"B\u00e1r\u00e1nyb\u0151r dzseki f\u00e9rfiaknak 375"},"content":{"rendered":"<p>Kiv\u00e1l\u00f3 min\u0151s\u00e9g\u0171, term\u00e9szetes b\u00e1r\u00e1nyb\u0151rb\u0151l k\u00e9sz\u00fclt kab\u00e1t, amely a hideg \u00e9vszakban v\u00e9delmet ny\u00fajt a hideg elleni szigetel\u0151 tulajdons\u00e1gainak k\u00f6sz\u00f6nhet\u0151en. Modern \u00e9s f\u00e9rfias kab\u00e1t. A m\u00e9ly, V alak\u00fa gall\u00e9r, az \u00e1tl\u00f3san elhelyezett dupla cs\u00fasz\u00f3s cipz\u00e1r, de a k\u00e9t oldalzseb is alkalmi \u00e9s laza megjelen\u00e9st biztos\u00edt minden nap. Ez a kab\u00e1t fekete sz\u00ednben, feh\u00e9r sz\u0151rm\u00e9vel kaphat\u00f3. Hossza 67 cm.    <\/p>\n","protected":false},"excerpt":{"rendered":"<p>Kiv\u00e1l\u00f3 min\u0151s\u00e9g\u0171, term\u00e9szetes b\u00e1r\u00e1nyb\u0151rb\u0151l k\u00e9sz\u00fclt kab\u00e1t, amely a hideg \u00e9vszakban v\u00e9delmet ny\u00fajt a hideg elleni szigetel\u0151 tulajdons\u00e1gainak k\u00f6sz\u00f6nhet\u0151en. Modern \u00e9s f\u00e9rfias kab\u00e1t. A m\u00e9ly, V alak\u00fa gall\u00e9r, az \u00e1tl\u00f3san elhelyezett dupla cs\u00fasz\u00f3s cipz\u00e1r, de a k\u00e9t oldalzseb is alkalmi \u00e9s laza megjelen\u00e9st biztos\u00edt minden nap. Ez a kab\u00e1t fekete sz\u00ednben, feh\u00e9r sz\u0151rm\u00e9vel kaphat\u00f3. Hossza 67 [&hellip;]<\/p>\n","protected":false},"featured_media":92688,"comment_status":"closed","ping_status":"closed","template":"","meta":{"_acf_changed":false,"om_disable_all_campaigns":false,"inline_featured_image":false,"_monsterinsights_skip_tracking":false,"_monsterinsights_sitenote_active":false,"_monsterinsights_sitenote_note":"","_monsterinsights_sitenote_category":0},"product_brand":[],"product_cat":[848,780,952,725,772],"product_tag":[],"class_list":{"0":"post-92686","1":"product","2":"type-product","3":"status-publish","4":"has-post-thumbnail","6":"product_cat-2021-2022-es-kollekcio","7":"product_cat-baranybor-kabatok-hu-2","8":"product_cat-ferfi-es-noi-pehelypaplan-dzsekik-a-luxus-es-a-melegseg-vegso-kevereke","9":"product_cat-ferfiak","10":"product_cat-shearling-kabatok-ferfiaknak","12":"first","13":"outofstock","14":"taxable","15":"shipping-taxable","16":"product-type-variable","17":"has-default-attributes","18":"wvs-archive-product-wrapper"},"acf":{"categorie_feed":""},"aioseo_notices":[],"_links":{"self":[{"href":"https:\/\/aavesa.com\/hu\/wp-json\/wp\/v2\/product\/92686","targetHints":{"allow":["GET"]}}],"collection":[{"href":"https:\/\/aavesa.com\/hu\/wp-json\/wp\/v2\/product"}],"about":[{"href":"https:\/\/aavesa.com\/hu\/wp-json\/wp\/v2\/types\/product"}],"replies":[{"embeddable":true,"href":"https:\/\/aavesa.com\/hu\/wp-json\/wp\/v2\/comments?post=92686"}],"wp:featuredmedia":[{"embeddable":true,"href":"https:\/\/aavesa.com\/hu\/wp-json\/wp\/v2\/media\/92688"}],"wp:attachment":[{"href":"https:\/\/aavesa.com\/hu\/wp-json\/wp\/v2\/media?parent=92686"}],"wp:term":[{"taxonomy":"product_brand","embeddable":true,"href":"https:\/\/aavesa.com\/hu\/wp-json\/wp\/v2\/product_brand?post=92686"},{"taxonomy":"product_cat","embeddable":true,"href":"https:\/\/aavesa.com\/hu\/wp-json\/wp\/v2\/product_cat?post=92686"},{"taxonomy":"product_tag","embeddable":true,"href":"https:\/\/aavesa.com\/hu\/wp-json\/wp\/v2\/product_tag?post=92686"}],"curies":[{"name":"wp","href":"https:\/\/api.w.org\/{rel}","templated":true}]}}