

{"id":92724,"date":"2024-07-26T16:29:57","date_gmt":"2024-07-26T16:29:57","guid":{"rendered":"https:\/\/new.aavesa.com\/produs\/baranybor-kabat-373-2\/"},"modified":"2025-11-17T06:28:16","modified_gmt":"2025-11-17T06:28:16","slug":"baranybor-kabat-373-2","status":"publish","type":"product","link":"https:\/\/aavesa.com\/hu\/product\/baranybor-kabat-373-2\/","title":{"rendered":"B\u00e1r\u00e1nyb\u0151r kab\u00e1t 373"},"content":{"rendered":"<p>Klasszikus shearling kab\u00e1t &#8211; eleg\u00e1ns, k\u00f6nnyen \u00f6sszeilleszthet\u0151, a f\u00e9rfiass\u00e1got kifejez\u0151 szab\u00e1ssal. Term\u00e9szetes merin\u00f3 juhb\u0151rb\u0151l k\u00e9sz\u00fclt, ellen\u00e1ll a nedvess\u00e9gnek \u00e9s a szennyez\u0151d\u00e9seknek. Ez a kab\u00e1t megv\u00e9di \u00d6nt a hideg \u00e9vszak leghidegebb napjain. A merin\u00f3 b\u00e1r\u00e1nyb\u0151r kab\u00e1t gombokkal z\u00e1r\u00f3dik \u00e9s n\u00e9gy t\u00e1gas zsebbel rendelkezik. Fekete sz\u00edn\u00e1rnyalatban kaphat\u00f3. Ez a kab\u00e1t 98 cm hossz\u00fa.     <\/p>\n","protected":false},"excerpt":{"rendered":"<p>Klasszikus shearling kab\u00e1t &#8211; eleg\u00e1ns, k\u00f6nnyen \u00f6sszeilleszthet\u0151, a f\u00e9rfiass\u00e1got kifejez\u0151 szab\u00e1ssal. Term\u00e9szetes merin\u00f3 juhb\u0151rb\u0151l k\u00e9sz\u00fclt, ellen\u00e1ll a nedvess\u00e9gnek \u00e9s a szennyez\u0151d\u00e9seknek. Ez a kab\u00e1t megv\u00e9di \u00d6nt a hideg \u00e9vszak leghidegebb napjain. A merin\u00f3 b\u00e1r\u00e1nyb\u0151r kab\u00e1t gombokkal z\u00e1r\u00f3dik \u00e9s n\u00e9gy t\u00e1gas zsebbel rendelkezik. Fekete sz\u00edn\u00e1rnyalatban kaphat\u00f3. Ez a kab\u00e1t 98 cm hossz\u00fa.<\/p>\n","protected":false},"featured_media":92725,"comment_status":"closed","ping_status":"closed","template":"","meta":{"_acf_changed":false,"om_disable_all_campaigns":false,"inline_featured_image":false,"_monsterinsights_skip_tracking":false,"_monsterinsights_sitenote_active":false,"_monsterinsights_sitenote_note":"","_monsterinsights_sitenote_category":0},"product_brand":[],"product_cat":[848,725,777],"product_tag":[],"class_list":{"0":"post-92724","1":"product","2":"type-product","3":"status-publish","4":"has-post-thumbnail","6":"product_cat-2021-2022-es-kollekcio","7":"product_cat-ferfiak","8":"product_cat-shearling-kabatok-ferfiaknak-ferfiak","10":"first","11":"instock","12":"taxable","13":"shipping-taxable","14":"purchasable","15":"product-type-variable","16":"has-default-attributes","17":"wvs-archive-product-wrapper"},"acf":{"categorie_feed":""},"aioseo_notices":[],"_links":{"self":[{"href":"https:\/\/aavesa.com\/hu\/wp-json\/wp\/v2\/product\/92724","targetHints":{"allow":["GET"]}}],"collection":[{"href":"https:\/\/aavesa.com\/hu\/wp-json\/wp\/v2\/product"}],"about":[{"href":"https:\/\/aavesa.com\/hu\/wp-json\/wp\/v2\/types\/product"}],"replies":[{"embeddable":true,"href":"https:\/\/aavesa.com\/hu\/wp-json\/wp\/v2\/comments?post=92724"}],"wp:featuredmedia":[{"embeddable":true,"href":"https:\/\/aavesa.com\/hu\/wp-json\/wp\/v2\/media\/92725"}],"wp:attachment":[{"href":"https:\/\/aavesa.com\/hu\/wp-json\/wp\/v2\/media?parent=92724"}],"wp:term":[{"taxonomy":"product_brand","embeddable":true,"href":"https:\/\/aavesa.com\/hu\/wp-json\/wp\/v2\/product_brand?post=92724"},{"taxonomy":"product_cat","embeddable":true,"href":"https:\/\/aavesa.com\/hu\/wp-json\/wp\/v2\/product_cat?post=92724"},{"taxonomy":"product_tag","embeddable":true,"href":"https:\/\/aavesa.com\/hu\/wp-json\/wp\/v2\/product_tag?post=92724"}],"curies":[{"name":"wp","href":"https:\/\/api.w.org\/{rel}","templated":true}]}}