

{"id":92729,"date":"2024-07-26T16:27:43","date_gmt":"2024-07-26T16:27:43","guid":{"rendered":"https:\/\/new.aavesa.com\/produs\/elegans-nercszorme-sal-964\/"},"modified":"2025-11-17T06:28:44","modified_gmt":"2025-11-17T06:28:44","slug":"elegans-nercszorme-sal-964","status":"publish","type":"product","link":"https:\/\/aavesa.com\/hu\/product\/elegans-nercszorme-sal-964\/","title":{"rendered":"Eleg\u00e1ns nercsz\u0151rme s\u00e1l 964"},"content":{"rendered":"<p>A term\u00e9szetes nercbunda s\u00e1l n\u0151knek az a kieg\u00e9sz\u00edt\u0151, amelyet nem lehet figyelmen k\u00edv\u00fcl hagyni, hib\u00e1tlan eleganci\u00e1ja miatt. Ez a n\u0151i s\u00e1l term\u00e9szetes nercbund\u00e1b\u00f3l k\u00e9sz\u00fclt, amely egy nagyon keresett, \u00e9rt\u00e9kes sz\u0151rme, finom text\u00far\u00e1val \u00e9s kifinomult megjelen\u00e9ssel. A s\u00e1l nagyon meleg, an\u00e9lk\u00fcl, hogy egy\u00e1ltal\u00e1n k\u00e9nyelmetlen lenne viselni, k\u00f6sz\u00f6nhet\u0151en a nercbund\u00e1nak, amely nagyon puha, \u00e9s a b\u0151rrel \u00e9rintkezve nem karcol vagy zavar. Ez a nercbunda s\u00e1l minden megjelen\u00e9st st\u00edlusoss\u00e1 tesz, \u00e9s eleg\u00e1ns ruh\u00e1khoz vagy h\u00e9tk\u00f6znapi \u00f6lt\u00f6z\u00e9kekhez egyar\u00e1nt viselhet\u0151.   <\/p>\n","protected":false},"excerpt":{"rendered":"<p>A term\u00e9szetes nercbunda s\u00e1l n\u0151knek az a kieg\u00e9sz\u00edt\u0151, amelyet nem lehet figyelmen k\u00edv\u00fcl hagyni, hib\u00e1tlan eleganci\u00e1ja miatt. Ez a n\u0151i s\u00e1l term\u00e9szetes nercbund\u00e1b\u00f3l k\u00e9sz\u00fclt, amely egy nagyon keresett, \u00e9rt\u00e9kes sz\u0151rme, finom text\u00far\u00e1val \u00e9s kifinomult megjelen\u00e9ssel. A s\u00e1l nagyon meleg, an\u00e9lk\u00fcl, hogy egy\u00e1ltal\u00e1n k\u00e9nyelmetlen lenne viselni, k\u00f6sz\u00f6nhet\u0151en a nercbund\u00e1nak, amely nagyon puha, \u00e9s a b\u0151rrel \u00e9rintkezve [&hellip;]<\/p>\n","protected":false},"featured_media":92730,"comment_status":"closed","ping_status":"closed","template":"","meta":{"_acf_changed":false,"om_disable_all_campaigns":false,"inline_featured_image":false,"_monsterinsights_skip_tracking":false,"_monsterinsights_sitenote_active":false,"_monsterinsights_sitenote_note":"","_monsterinsights_sitenote_category":0},"product_brand":[],"product_cat":[851,769,741,808],"product_tag":[],"class_list":{"0":"post-92729","1":"product","2":"type-product","3":"status-publish","4":"has-post-thumbnail","6":"product_cat-2020-2021-kollekcio","7":"product_cat-nerc-szorme","8":"product_cat-nok","9":"product_cat-szorme-nyakkendo","11":"first","12":"instock","13":"taxable","14":"shipping-taxable","15":"purchasable","16":"product-type-variable","17":"has-default-attributes","18":"wvs-archive-product-wrapper"},"acf":{"categorie_feed":""},"aioseo_notices":[],"_links":{"self":[{"href":"https:\/\/aavesa.com\/hu\/wp-json\/wp\/v2\/product\/92729","targetHints":{"allow":["GET"]}}],"collection":[{"href":"https:\/\/aavesa.com\/hu\/wp-json\/wp\/v2\/product"}],"about":[{"href":"https:\/\/aavesa.com\/hu\/wp-json\/wp\/v2\/types\/product"}],"replies":[{"embeddable":true,"href":"https:\/\/aavesa.com\/hu\/wp-json\/wp\/v2\/comments?post=92729"}],"wp:featuredmedia":[{"embeddable":true,"href":"https:\/\/aavesa.com\/hu\/wp-json\/wp\/v2\/media\/92730"}],"wp:attachment":[{"href":"https:\/\/aavesa.com\/hu\/wp-json\/wp\/v2\/media?parent=92729"}],"wp:term":[{"taxonomy":"product_brand","embeddable":true,"href":"https:\/\/aavesa.com\/hu\/wp-json\/wp\/v2\/product_brand?post=92729"},{"taxonomy":"product_cat","embeddable":true,"href":"https:\/\/aavesa.com\/hu\/wp-json\/wp\/v2\/product_cat?post=92729"},{"taxonomy":"product_tag","embeddable":true,"href":"https:\/\/aavesa.com\/hu\/wp-json\/wp\/v2\/product_tag?post=92729"}],"curies":[{"name":"wp","href":"https:\/\/api.w.org\/{rel}","templated":true}]}}