

{"id":92741,"date":"2024-07-26T16:28:08","date_gmt":"2024-07-26T18:28:08","guid":{"rendered":"https:\/\/new.aavesa.com\/produs\/baranybor-kabat-1020\/"},"modified":"2025-11-17T06:28:43","modified_gmt":"2025-11-17T06:28:43","slug":"baranybor-kabat-1020","status":"publish","type":"product","link":"https:\/\/aavesa.com\/hu\/product\/baranybor-kabat-1020\/","title":{"rendered":"B\u00e1r\u00e1nyb\u0151r kab\u00e1t 1020"},"content":{"rendered":"<p>A nat\u00far b\u0151rdzseki sokoldal\u00fas\u00e1ga \u00e9s tart\u00f3ss\u00e1ga miatt t\u00f6k\u00e9letes darab minden n\u0151 ruhat\u00e1r\u00e1ban. A nat\u00far b\u0151rdzseki viselhet\u0151 v\u00e1rosi tal\u00e1lkoz\u00f3kra, h\u00e9tk\u00f6znapi alkalmi kir\u00e1ndul\u00e1sokra vagy az irod\u00e1ban. Ez a n\u0151i b\u00e1r\u00e1nyb\u0151r dzseki \u00edves szab\u00e1s\u00fa, n\u0151ies \u00e9s szem\u00e9lyis\u00e9ggel teli. Az olyan kieg\u00e9sz\u00edt\u0151k, mint a cipz\u00e1rak \u00e9s a nyom\u00f3gombok ig\u00e9nytelen megjelen\u00e9st k\u00f6lcs\u00f6n\u00f6znek neki, \u00e9s k\u00f6nnyen viselhet\u0151v\u00e9 \u00e9s illeszthet\u0151v\u00e9 teszik, \u00edgy minden koroszt\u00e1ly sz\u00e1m\u00e1ra alkalmas. A kab\u00e1t k\u00e9t cipz\u00e1rral z\u00e1r\u00f3d\u00f3 oldalzsebbel rendelkezik, \u00e9s ol\u00edva \u00e9s s\u00f6t\u00e9tbarna \u00e1rnyalatokban kaphat\u00f3.    <\/p>\n","protected":false},"excerpt":{"rendered":"<p>A nat\u00far b\u0151rdzseki sokoldal\u00fas\u00e1ga \u00e9s tart\u00f3ss\u00e1ga miatt t\u00f6k\u00e9letes darab minden n\u0151 ruhat\u00e1r\u00e1ban. A nat\u00far b\u0151rdzseki viselhet\u0151 v\u00e1rosi tal\u00e1lkoz\u00f3kra, h\u00e9tk\u00f6znapi alkalmi kir\u00e1ndul\u00e1sokra vagy az irod\u00e1ban. Ez a n\u0151i b\u00e1r\u00e1nyb\u0151r dzseki \u00edves szab\u00e1s\u00fa, n\u0151ies \u00e9s szem\u00e9lyis\u00e9ggel teli. Az olyan kieg\u00e9sz\u00edt\u0151k, mint a cipz\u00e1rak \u00e9s a nyom\u00f3gombok ig\u00e9nytelen megjelen\u00e9st k\u00f6lcs\u00f6n\u00f6znek neki, \u00e9s k\u00f6nnyen viselhet\u0151v\u00e9 \u00e9s illeszthet\u0151v\u00e9 teszik, \u00edgy [&hellip;]<\/p>\n","protected":false},"featured_media":92742,"comment_status":"closed","ping_status":"closed","template":"","meta":{"_acf_changed":false,"om_disable_all_campaigns":false,"inline_featured_image":false,"_monsterinsights_skip_tracking":false,"_monsterinsights_sitenote_active":false,"_monsterinsights_sitenote_note":"","_monsterinsights_sitenote_category":0},"product_brand":[],"product_cat":[851,767,741,916],"product_tag":[],"class_list":{"0":"post-92741","1":"product","2":"type-product","3":"status-publish","4":"has-post-thumbnail","6":"product_cat-2020-2021-kollekcio","7":"product_cat-borkabatok-noknek","8":"product_cat-nok","9":"product_cat-valodi-bor-termekek-tavaszra-es-oszre-kabatok-nadragok-kabatok-szoknyak-es-loveszkabatok-kabatok-nadragok-kabatok-szoknyak-es-loveszkabatok","11":"first","12":"instock","13":"taxable","14":"shipping-taxable","15":"purchasable","16":"product-type-variable","17":"has-default-attributes","18":"wvs-archive-product-wrapper"},"acf":{"categorie_feed":""},"aioseo_notices":[],"_links":{"self":[{"href":"https:\/\/aavesa.com\/hu\/wp-json\/wp\/v2\/product\/92741","targetHints":{"allow":["GET"]}}],"collection":[{"href":"https:\/\/aavesa.com\/hu\/wp-json\/wp\/v2\/product"}],"about":[{"href":"https:\/\/aavesa.com\/hu\/wp-json\/wp\/v2\/types\/product"}],"replies":[{"embeddable":true,"href":"https:\/\/aavesa.com\/hu\/wp-json\/wp\/v2\/comments?post=92741"}],"wp:featuredmedia":[{"embeddable":true,"href":"https:\/\/aavesa.com\/hu\/wp-json\/wp\/v2\/media\/92742"}],"wp:attachment":[{"href":"https:\/\/aavesa.com\/hu\/wp-json\/wp\/v2\/media?parent=92741"}],"wp:term":[{"taxonomy":"product_brand","embeddable":true,"href":"https:\/\/aavesa.com\/hu\/wp-json\/wp\/v2\/product_brand?post=92741"},{"taxonomy":"product_cat","embeddable":true,"href":"https:\/\/aavesa.com\/hu\/wp-json\/wp\/v2\/product_cat?post=92741"},{"taxonomy":"product_tag","embeddable":true,"href":"https:\/\/aavesa.com\/hu\/wp-json\/wp\/v2\/product_tag?post=92741"}],"curies":[{"name":"wp","href":"https:\/\/api.w.org\/{rel}","templated":true}]}}