

{"id":92767,"date":"2024-07-26T16:28:08","date_gmt":"2024-07-26T16:28:08","guid":{"rendered":"https:\/\/new.aavesa.com\/produs\/baranybor-kabat-1021\/"},"modified":"2025-11-17T06:28:42","modified_gmt":"2025-11-17T06:28:42","slug":"baranybor-kabat-1021","status":"publish","type":"product","link":"https:\/\/aavesa.com\/hu\/product\/baranybor-kabat-1021\/","title":{"rendered":"B\u00e1r\u00e1nyb\u0151r kab\u00e1t 1021"},"content":{"rendered":"<p>A n\u0151i nat\u00far b\u0151rdzseki nagyon keresett ruhadarab, mivel k\u00f6nnyed\u00e9n viselhet\u0151, \u00e9s mivel sokf\u00e9le ruh\u00e1val \u00e9s st\u00edlussal kombin\u00e1lhat\u00f3. Ez a n\u0151i b\u0151rdzseki klasszikus szab\u00e1ssal rendelkezik, \u00edgy minden koroszt\u00e1ly sz\u00e1m\u00e1ra \u00e9s k\u00fcl\u00f6nb\u00f6z\u0151 alkalmakra &#8211; szabadid\u0151s kir\u00e1ndul\u00e1sokra vagy eleg\u00e1nsabb \u00f6lt\u00f6z\u00e9kekre az irodai napokra &#8211; ide\u00e1lis. A term\u00e9szetes b\u00e1r\u00e1nyb\u0151r praktikus v\u00e1laszt\u00e1s, mivel ellen\u00e1ll a kop\u00e1snak \u00e9s nagyon kellemes megjelen\u00e9s\u0171. A kab\u00e1t \u00e1tl\u00f3s cipz\u00e1rral z\u00e1r\u00f3dik \u00e9s k\u00e9t zsebbel rendelkezik. A rendelkez\u00e9sre \u00e1ll\u00f3 \u00e1rnyalatok a konyakbarna \u00e9s a fekete.    <\/p>\n","protected":false},"excerpt":{"rendered":"<p>A n\u0151i nat\u00far b\u0151rdzseki nagyon keresett ruhadarab, mivel k\u00f6nnyed\u00e9n viselhet\u0151, \u00e9s mivel sokf\u00e9le ruh\u00e1val \u00e9s st\u00edlussal kombin\u00e1lhat\u00f3. Ez a n\u0151i b\u0151rdzseki klasszikus szab\u00e1ssal rendelkezik, \u00edgy minden koroszt\u00e1ly sz\u00e1m\u00e1ra \u00e9s k\u00fcl\u00f6nb\u00f6z\u0151 alkalmakra &#8211; szabadid\u0151s kir\u00e1ndul\u00e1sokra vagy eleg\u00e1nsabb \u00f6lt\u00f6z\u00e9kekre az irodai napokra &#8211; ide\u00e1lis. A term\u00e9szetes b\u00e1r\u00e1nyb\u0151r praktikus v\u00e1laszt\u00e1s, mivel ellen\u00e1ll a kop\u00e1snak \u00e9s nagyon kellemes megjelen\u00e9s\u0171. [&hellip;]<\/p>\n","protected":false},"featured_media":92768,"comment_status":"closed","ping_status":"closed","template":"","meta":{"_acf_changed":false,"om_disable_all_campaigns":false,"inline_featured_image":false,"_monsterinsights_skip_tracking":false,"_monsterinsights_sitenote_active":false,"_monsterinsights_sitenote_note":"","_monsterinsights_sitenote_category":0},"product_brand":[],"product_cat":[851,767,741,916],"product_tag":[],"class_list":{"0":"post-92767","1":"product","2":"type-product","3":"status-publish","4":"has-post-thumbnail","6":"product_cat-2020-2021-kollekcio","7":"product_cat-borkabatok-noknek","8":"product_cat-nok","9":"product_cat-valodi-bor-termekek-tavaszra-es-oszre-kabatok-nadragok-kabatok-szoknyak-es-loveszkabatok-kabatok-nadragok-kabatok-szoknyak-es-loveszkabatok","11":"first","12":"instock","13":"taxable","14":"shipping-taxable","15":"purchasable","16":"product-type-variable","17":"has-default-attributes","18":"wvs-archive-product-wrapper"},"acf":{"categorie_feed":""},"aioseo_notices":[],"_links":{"self":[{"href":"https:\/\/aavesa.com\/hu\/wp-json\/wp\/v2\/product\/92767","targetHints":{"allow":["GET"]}}],"collection":[{"href":"https:\/\/aavesa.com\/hu\/wp-json\/wp\/v2\/product"}],"about":[{"href":"https:\/\/aavesa.com\/hu\/wp-json\/wp\/v2\/types\/product"}],"replies":[{"embeddable":true,"href":"https:\/\/aavesa.com\/hu\/wp-json\/wp\/v2\/comments?post=92767"}],"wp:featuredmedia":[{"embeddable":true,"href":"https:\/\/aavesa.com\/hu\/wp-json\/wp\/v2\/media\/92768"}],"wp:attachment":[{"href":"https:\/\/aavesa.com\/hu\/wp-json\/wp\/v2\/media?parent=92767"}],"wp:term":[{"taxonomy":"product_brand","embeddable":true,"href":"https:\/\/aavesa.com\/hu\/wp-json\/wp\/v2\/product_brand?post=92767"},{"taxonomy":"product_cat","embeddable":true,"href":"https:\/\/aavesa.com\/hu\/wp-json\/wp\/v2\/product_cat?post=92767"},{"taxonomy":"product_tag","embeddable":true,"href":"https:\/\/aavesa.com\/hu\/wp-json\/wp\/v2\/product_tag?post=92767"}],"curies":[{"name":"wp","href":"https:\/\/api.w.org\/{rel}","templated":true}]}}