

{"id":92782,"date":"2024-07-26T16:29:57","date_gmt":"2024-07-26T16:29:57","guid":{"rendered":"https:\/\/new.aavesa.com\/produs\/birkabunda-371\/"},"modified":"2026-04-10T15:07:52","modified_gmt":"2026-04-10T17:07:52","slug":"birkabunda-371","status":"publish","type":"product","link":"https:\/\/aavesa.com\/hu\/product\/birkabunda-371\/","title":{"rendered":"Birkabunda 371"},"content":{"rendered":"<p>A term\u00e9szetes b\u00e1r\u00e1nyb\u0151rb\u0151l k\u00e9sz\u00fclt alkalmi shearling kab\u00e1t a hideg \u00e9vszakban v\u00e9delmet ny\u00fajt a hideg elleni szigetel\u0151 tulajdons\u00e1gainak k\u00f6sz\u00f6nhet\u0151en. Ez a b\u00e1r\u00e1nyb\u0151r kab\u00e1t modern \u00e9s f\u00e9rfias. Az \u00e1tl\u00f3san elhelyezett cipz\u00e1r, a m\u00e9ly, V alak\u00fa gall\u00e9r \u00e9s a k\u00e9t oldalzseb alkalmi megjelen\u00e9st k\u00f6lcs\u00f6n\u00f6z a merin\u00f3bunda kab\u00e1tnak, \u00edgy egyar\u00e1nt alkalmas a laz\u00e1bb, h\u00e9tk\u00f6znapi \u00f6lt\u00f6z\u00e9kek kieg\u00e9sz\u00edt\u00e9s\u00e9re. A term\u00e9szetes merin\u00f3b\u00e1r\u00e1ny sz\u0151rm\u00e9b\u0151l k\u00e9sz\u00fclt kab\u00e1t barna, fekete \u00e9s sz\u00fcrke sz\u00ednben kaphat\u00f3, hossza 66 cm.   <\/p>\n","protected":false},"excerpt":{"rendered":"<p>A term\u00e9szetes b\u00e1r\u00e1nyb\u0151rb\u0151l k\u00e9sz\u00fclt alkalmi shearling kab\u00e1t a hideg \u00e9vszakban v\u00e9delmet ny\u00fajt a hideg elleni szigetel\u0151 tulajdons\u00e1gainak k\u00f6sz\u00f6nhet\u0151en. Ez a b\u00e1r\u00e1nyb\u0151r kab\u00e1t modern \u00e9s f\u00e9rfias. Az \u00e1tl\u00f3san elhelyezett cipz\u00e1r, a m\u00e9ly, V alak\u00fa gall\u00e9r \u00e9s a k\u00e9t oldalzseb alkalmi megjelen\u00e9st k\u00f6lcs\u00f6n\u00f6z a merin\u00f3bunda kab\u00e1tnak, \u00edgy egyar\u00e1nt alkalmas a laz\u00e1bb, h\u00e9tk\u00f6znapi \u00f6lt\u00f6z\u00e9kek kieg\u00e9sz\u00edt\u00e9s\u00e9re. A term\u00e9szetes merin\u00f3b\u00e1r\u00e1ny [&hellip;]<\/p>\n","protected":false},"featured_media":92783,"comment_status":"closed","ping_status":"closed","template":"","meta":{"_acf_changed":false,"om_disable_all_campaigns":false,"inline_featured_image":false,"_monsterinsights_skip_tracking":false,"_monsterinsights_sitenote_active":false,"_monsterinsights_sitenote_note":"","_monsterinsights_sitenote_category":0},"product_brand":[],"product_cat":[848,780,952,725,772],"product_tag":[],"class_list":{"0":"post-92782","1":"product","2":"type-product","3":"status-publish","4":"has-post-thumbnail","6":"product_cat-2021-2022-es-kollekcio","7":"product_cat-baranybor-kabatok-hu-2","8":"product_cat-ferfi-es-noi-pehelypaplan-dzsekik-a-luxus-es-a-melegseg-vegso-kevereke","9":"product_cat-ferfiak","10":"product_cat-shearling-kabatok-ferfiaknak","12":"first","13":"instock","14":"taxable","15":"shipping-taxable","16":"purchasable","17":"product-type-variable","18":"has-default-attributes","19":"wvs-archive-product-wrapper"},"acf":{"categorie_feed":""},"aioseo_notices":[],"_links":{"self":[{"href":"https:\/\/aavesa.com\/hu\/wp-json\/wp\/v2\/product\/92782","targetHints":{"allow":["GET"]}}],"collection":[{"href":"https:\/\/aavesa.com\/hu\/wp-json\/wp\/v2\/product"}],"about":[{"href":"https:\/\/aavesa.com\/hu\/wp-json\/wp\/v2\/types\/product"}],"replies":[{"embeddable":true,"href":"https:\/\/aavesa.com\/hu\/wp-json\/wp\/v2\/comments?post=92782"}],"wp:featuredmedia":[{"embeddable":true,"href":"https:\/\/aavesa.com\/hu\/wp-json\/wp\/v2\/media\/92783"}],"wp:attachment":[{"href":"https:\/\/aavesa.com\/hu\/wp-json\/wp\/v2\/media?parent=92782"}],"wp:term":[{"taxonomy":"product_brand","embeddable":true,"href":"https:\/\/aavesa.com\/hu\/wp-json\/wp\/v2\/product_brand?post=92782"},{"taxonomy":"product_cat","embeddable":true,"href":"https:\/\/aavesa.com\/hu\/wp-json\/wp\/v2\/product_cat?post=92782"},{"taxonomy":"product_tag","embeddable":true,"href":"https:\/\/aavesa.com\/hu\/wp-json\/wp\/v2\/product_tag?post=92782"}],"curies":[{"name":"wp","href":"https:\/\/api.w.org\/{rel}","templated":true}]}}